{"id":1405,"date":"2024-02-15T14:46:00","date_gmt":"2024-02-15T13:46:00","guid":{"rendered":"https:\/\/web.ecoacsa.com\/biodiversidad-corporativa-copy\/"},"modified":"2024-10-10T20:33:59","modified_gmt":"2024-10-10T18:33:59","slug":"impacto-positivo","status":"publish","type":"page","link":"https:\/\/ecoacsa.com\/en\/impacto-positivo\/","title":{"rendered":"Positive impact"},"content":{"rendered":"<div data-elementor-type=\"wp-page\" data-elementor-id=\"1405\" class=\"elementor elementor-1405\" data-elementor-settings=\"{&quot;element_pack_global_tooltip_width&quot;:{&quot;unit&quot;:&quot;px&quot;,&quot;size&quot;:&quot;&quot;,&quot;sizes&quot;:[]},&quot;element_pack_global_tooltip_width_widescreen&quot;:{&quot;unit&quot;:&quot;px&quot;,&quot;size&quot;:&quot;&quot;,&quot;sizes&quot;:[]},&quot;element_pack_global_tooltip_width_laptop&quot;:{&quot;unit&quot;:&quot;px&quot;,&quot;size&quot;:&quot;&quot;,&quot;sizes&quot;:[]},&quot;element_pack_global_tooltip_width_tablet_extra&quot;:{&quot;unit&quot;:&quot;px&quot;,&quot;size&quot;:&quot;&quot;,&quot;sizes&quot;:[]},&quot;element_pack_global_tooltip_width_tablet&quot;:{&quot;unit&quot;:&quot;px&quot;,&quot;size&quot;:&quot;&quot;,&quot;sizes&quot;:[]},&quot;element_pack_global_tooltip_width_mobile&quot;:{&quot;unit&quot;:&quot;px&quot;,&quot;size&quot;:&quot;&quot;,&quot;sizes&quot;:[]},&quot;element_pack_global_tooltip_padding&quot;:{&quot;unit&quot;:&quot;px&quot;,&quot;top&quot;:&quot;&quot;,&quot;right&quot;:&quot;&quot;,&quot;bottom&quot;:&quot;&quot;,&quot;left&quot;:&quot;&quot;,&quot;isLinked&quot;:true},&quot;element_pack_global_tooltip_padding_widescreen&quot;:{&quot;unit&quot;:&quot;px&quot;,&quot;top&quot;:&quot;&quot;,&quot;right&quot;:&quot;&quot;,&quot;bottom&quot;:&quot;&quot;,&quot;left&quot;:&quot;&quot;,&quot;isLinked&quot;:true},&quot;element_pack_global_tooltip_padding_laptop&quot;:{&quot;unit&quot;:&quot;px&quot;,&quot;top&quot;:&quot;&quot;,&quot;right&quot;:&quot;&quot;,&quot;bottom&quot;:&quot;&quot;,&quot;left&quot;:&quot;&quot;,&quot;isLinked&quot;:true},&quot;element_pack_global_tooltip_padding_tablet_extra&quot;:{&quot;unit&quot;:&quot;px&quot;,&quot;top&quot;:&quot;&quot;,&quot;right&quot;:&quot;&quot;,&quot;bottom&quot;:&quot;&quot;,&quot;left&quot;:&quot;&quot;,&quot;isLinked&quot;:true},&quot;element_pack_global_tooltip_padding_tablet&quot;:{&quot;unit&quot;:&quot;px&quot;,&quot;top&quot;:&quot;&quot;,&quot;right&quot;:&quot;&quot;,&quot;bottom&quot;:&quot;&quot;,&quot;left&quot;:&quot;&quot;,&quot;isLinked&quot;:true},&quot;element_pack_global_tooltip_padding_mobile&quot;:{&quot;unit&quot;:&quot;px&quot;,&quot;top&quot;:&quot;&quot;,&quot;right&quot;:&quot;&quot;,&quot;bottom&quot;:&quot;&quot;,&quot;left&quot;:&quot;&quot;,&quot;isLinked&quot;:true},&quot;element_pack_global_tooltip_border_radius&quot;:{&quot;unit&quot;:&quot;px&quot;,&quot;top&quot;:&quot;&quot;,&quot;right&quot;:&quot;&quot;,&quot;bottom&quot;:&quot;&quot;,&quot;left&quot;:&quot;&quot;,&quot;isLinked&quot;:true},&quot;element_pack_global_tooltip_border_radius_widescreen&quot;:{&quot;unit&quot;:&quot;px&quot;,&quot;top&quot;:&quot;&quot;,&quot;right&quot;:&quot;&quot;,&quot;bottom&quot;:&quot;&quot;,&quot;left&quot;:&quot;&quot;,&quot;isLinked&quot;:true},&quot;element_pack_global_tooltip_border_radius_laptop&quot;:{&quot;unit&quot;:&quot;px&quot;,&quot;top&quot;:&quot;&quot;,&quot;right&quot;:&quot;&quot;,&quot;bottom&quot;:&quot;&quot;,&quot;left&quot;:&quot;&quot;,&quot;isLinked&quot;:true},&quot;element_pack_global_tooltip_border_radius_tablet_extra&quot;:{&quot;unit&quot;:&quot;px&quot;,&quot;top&quot;:&quot;&quot;,&quot;right&quot;:&quot;&quot;,&quot;bottom&quot;:&quot;&quot;,&quot;left&quot;:&quot;&quot;,&quot;isLinked&quot;:true},&quot;element_pack_global_tooltip_border_radius_tablet&quot;:{&quot;unit&quot;:&quot;px&quot;,&quot;top&quot;:&quot;&quot;,&quot;right&quot;:&quot;&quot;,&quot;bottom&quot;:&quot;&quot;,&quot;left&quot;:&quot;&quot;,&quot;isLinked&quot;:true},&quot;element_pack_global_tooltip_border_radius_mobile&quot;:{&quot;unit&quot;:&quot;px&quot;,&quot;top&quot;:&quot;&quot;,&quot;right&quot;:&quot;&quot;,&quot;bottom&quot;:&quot;&quot;,&quot;left&quot;:&quot;&quot;,&quot;isLinked&quot;:true}}\" data-elementor-post-type=\"page\">\n\t\t\t\t<div class=\"elementor-element elementor-element-5bdac15 e-flex e-con-boxed e-con e-parent\" data-id=\"5bdac15\" data-element_type=\"container\">\n\t\t\t\t\t<div class=\"e-con-inner\">\n\t\t\t\t<div class=\"elementor-element elementor-element-012cd1e elementor-widget elementor-widget-heading\" data-id=\"012cd1e\" data-element_type=\"widget\" data-widget_type=\"heading.default\">\n\t\t\t\t<div class=\"elementor-widget-container\">\n\t\t\t\t\t<h1 class=\"elementor-heading-title elementor-size-default\">Positive impact<\/h1>\t\t\t\t<\/div>\n\t\t\t\t<\/div>\n\t\t\t\t\t<\/div>\n\t\t\t\t<\/div>\n\t\t<div class=\"elementor-element elementor-element-0a8280a e-con-full e-flex e-con e-parent\" data-id=\"0a8280a\" data-element_type=\"container\" data-settings=\"{&quot;background_background&quot;:&quot;classic&quot;}\">\n\t\t<div class=\"elementor-element elementor-element-de68ef1 e-con-full e-flex e-con e-child\" data-id=\"de68ef1\" data-element_type=\"container\" data-settings=\"{&quot;background_background&quot;:&quot;classic&quot;}\">\n\t\t<div class=\"elementor-element elementor-element-c0de1c2 e-con-full e-flex elementor-invisible e-con e-child\" data-id=\"c0de1c2\" data-element_type=\"container\" data-settings=\"{&quot;animation&quot;:&quot;fadeIn&quot;}\">\n\t\t\t\t<div class=\"elementor-element elementor-element-f112a1d elementor-view-default elementor-widget elementor-widget-icon\" data-id=\"f112a1d\" data-element_type=\"widget\" data-widget_type=\"icon.default\">\n\t\t\t\t<div class=\"elementor-widget-container\">\n\t\t\t\t\t\t\t<div class=\"elementor-icon-wrapper\">\n\t\t\t<div class=\"elementor-icon\">\n\t\t\t<svg xmlns=\"http:\/\/www.w3.org\/2000\/svg\" xmlns:xlink=\"http:\/\/www.w3.org\/1999\/xlink\" id=\"Capa_1\" x=\"0px\" y=\"0px\" viewbox=\"0 0 150 150\" xml:space=\"preserve\"><g>\t<path d=\"M115.4,46.5c1.9,0,1.9-3,0-3S113.5,46.5,115.4,46.5z\"><\/path>\t<path d=\"M137.4,85.2c-0.2-1-0.8-1.6-1.3-1.9c-3.4-2.8-8.5-3.1-15-0.8c-1.9,0.7-3.8,1.4-5.6,2.2c4.1-6.6,6.3-14.2,6.3-22.1  c0-3.8-0.5-7.6-1.5-11.3c-0.3-1.1-1.4-1.7-2.5-1.4s-1.7,1.4-1.4,2.5c0.9,3.3,1.4,6.7,1.4,10.2c0,2.3-0.2,4.6-0.6,6.8  c-0.9-0.8-1.7-1.6-2.6-2.5c-1-1.1-2.1-2.2-3.3-3.2c-3.4-2.7-7.3-3.6-10.4-2.2c-0.3,0.1-0.5,0.2-0.8,0.4s-0.7,0.4-0.9,0.4  c-0.1,0-0.4,0-0.7-0.1c-0.4-0.1-0.9-0.1-1.4-0.1c-3.4,0.2-5.2,3.7-5.1,7.1c0,0.8,0.1,1.6,0.2,2.3c0.2,1.3,0.4,2.6,0,3.6  c-0.3,0.8-0.9,1.7-1.6,2.5c-0.3,0.4-0.6,0.8-0.9,1.2c-2.1,3-3.1,6.6-2.9,10.3c-2.7-0.2-5.4-0.1-7.9,0.2c0.1-2.2,0.1-4.5-0.4-6.8  c-0.8-3.3-2.6-6-5.1-7.4c-1.3-0.7-2.6-1-3.9-1.3c-0.6-0.1-1.2-0.3-1.7-0.5c-3-1-5.5-3.3-6.7-6.2c-1.2-2.9-1.1-6.3,0.3-9.1  c0.2-0.4,0.4-0.7,0.6-0.8c0.2-0.1,0.6-0.2,0.9-0.3l7.4-1.6c0.7-0.2,1.6-0.3,2.1-0.2c0.5,0.2,1,0.7,1.6,1.4c0.7,0.8,1.5,1.6,2.6,2.2  c3.2,1.7,6.8-0.2,7.9-0.8c1.7-0.9,3.8-2.2,4.4-4.5c0.5-1.6-0.1-3.5-1.3-4.6c-1.1-1-2.5-1.3-3.8-0.9c-0.2,0.1-0.4,0.2-0.6,0.3  c-0.2-0.2-0.5-0.6-0.6-0.8c-0.2-0.3-0.4-0.6-0.6-0.9c-0.9-1.1-2-1.8-3-2.4c-0.4-0.2-0.8-0.5-1.1-0.7c0.2-0.1,0.4-0.3,0.7-0.4  c1.4-1.1,1.5-2.8,1.5-3.9c0-0.4,0-0.9,0.1-1.1c0-0.1,0.3-0.5,1.3-0.9c1.3-0.5,2.8-0.8,4.4-1c2.5-0.4,5.1-0.9,7.4-2.4  c1.2-0.8,2-1.8,2.4-2.9c0.3-0.9,0.2-1.8,0-2.6c5.9,2.7,11.1,6.9,15,12.3c0.6,0.9,1.9,1.1,2.8,0.4s1.1-1.9,0.4-2.8  c-7.9-11-20.7-17.5-34.3-17.5C60,20.6,43.5,34,38.7,52.1c-0.1,0.1-0.2,0.2-0.2,0.3c-0.3,0.5-0.4,1.1-0.2,1.7  c-0.6,2.8-0.9,5.8-0.9,8.8c0,8.8,2.7,17.3,7.7,24.4c-1.4,0-2.8,0.2-4.2,0.4c-5.4,1-10.8,4.1-15.5,9c-3.4,3.5-6.2,7.4-8.7,11.2  c-0.6,0.9-0.4,2.2,0.6,2.8c0.9,0.6,2.2,0.4,2.8-0.6c2.4-3.6,5-7.4,8.2-10.6c2.9-3,7.6-6.7,13.4-7.8c4.4-0.9,9-0.1,12.9,0.7  c0.7,0.2,1.4,0.3,2.1,0.5c2.4,0.5,4.8,1.1,7.3,1.3c4.1,0.4,8.3,0,12.2-0.4l1.7-0.2c4-0.4,8.6-0.7,12.9,0.3c4.2,1,7.5,3.3,9.2,6.3  c-5.4,2.1-11.1,4.3-16.9,4.9c-2.6,0.3-5.1,0.3-7.8,0.3c-1.7,0-3.4,0-5.1,0c-5.8,0.2-10.1,1.3-13.5,3.5c-0.9,0.6-1.2,1.8-0.6,2.8  c0.4,0.6,1,0.9,1.7,0.9c0.4,0,0.7-0.1,1.1-0.3c2.8-1.8,6.5-2.7,11.5-2.9c1.6-0.1,3.3-0.1,4.9,0c2.7,0,5.5,0,8.3-0.3  c6.3-0.7,12.2-3,18-5.2c0.6-0.2,2.4-0.9,2.7-2.8c0.2-1.1-0.3-2-0.5-2.4s-0.5-0.9-0.8-1.3l1.2-0.8c5.6-4.3,11.8-7.6,18.4-10  c4.7-1.7,8.2-1.8,10.6-0.3c-13.2,11.6-27.8,21.8-43.3,30c-2.8,1.5-5.7,3-8.8,3.7c-3.1,0.7-6.3,0.7-9.3,0.6c-1.7-0.1-3.3-0.2-5-0.3  c-4.1-0.3-8.4-0.6-12.6-0.3c-7.1,0.5-13.1,2.8-17.2,6.7c-0.8,0.8-0.9,2-0.1,2.8c0.4,0.4,0.9,0.6,1.5,0.6c0.5,0,1-0.2,1.4-0.5  c4.3-4.1,10.4-5.3,14.8-5.6c4-0.3,8.1,0,12.1,0.3c1.7,0.1,3.4,0.2,5.1,0.3c3.1,0.1,6.8,0.2,10.4-0.7c3.5-0.8,6.7-2.5,9.7-4.1  c15.9-8.5,30.8-18.9,44.3-30.9C137.2,87.6,137.7,86.4,137.4,85.2z M54.5,33.6c0.8,0.8,1.3,1.6,1.5,2.4c0.2,0.8,0,1.7-0.5,2.2  c-0.3,0.3-0.9,0.5-1.5,0.7c-0.9,0.3-2,0.7-2.9,1.5c-1,0.9-1.5,2-1.9,3c-0.2,0.5-0.5,1.1-0.8,1.4c-0.6,0.8-1.8,1.3-3,1.8  c-0.3,0.1-0.6,0.3-0.9,0.4C46.8,41.8,50.3,37.2,54.5,33.6z M41.2,62.1c0.2-0.2,0.4-0.4,0.5-0.6c0.6-1.1,1.2-1.9,1.9-2.3  c0.6-0.3,1.3-0.4,1.7-0.1c0.3,0.3,0.6,0.9,0.6,1.6c0.1,1.1-0.1,2.3-0.7,3.3c-0.2,0.5-0.5,0.9-0.9,1.4c-0.8,1.3-1.8,2.7-1.9,4.6  c0.1,2,0.9,3.6,1.6,5c0.1,0.2,0.3,0.5,0.4,0.7c0.8,1.6,1.2,3.3,1.4,5c-3-5.5-4.6-11.8-4.6-18.2C41.2,62.4,41.2,62.3,41.2,62.1z   M64.3,89.8c-2.3-0.2-4.5-0.7-6.8-1.3c-0.7-0.2-1.5-0.3-2.2-0.5c-1.5-0.3-3.2-0.6-5-0.9c-0.3-0.4-0.6-0.7-0.9-1.1  c1-3.9,0.6-8.3-1.3-12.1c-0.1-0.3-0.3-0.5-0.4-0.8c-0.5-1-1-2-1-2.8s0.6-1.6,1.2-2.6c0.4-0.6,0.8-1.1,1.1-1.8  c0.9-1.7,1.2-3.6,1.1-5.5c-0.2-1.9-0.9-3.5-2.1-4.4c-1.6-1.3-4-1.4-6-0.4c0.1-0.7,0.3-1.4,0.4-2.1c0.9-1.1,2-2,3.2-2.6  c0.5-0.2,0.9-0.4,1.4-0.6c1.6-0.7,3.4-1.4,4.6-3.1c0.6-0.7,0.9-1.5,1.2-2.2s0.6-1.3,1-1.6c0.3-0.3,0.9-0.5,1.6-0.7  c0.9-0.3,1.9-0.7,2.8-1.4c1.6-1.4,2.4-3.8,1.8-6.1c-0.3-1.4-1.1-2.7-2.2-4c6.2-4.3,13.7-6.8,21.8-6.8c3.5,0,6.9,0.5,10.1,1.4  c0,0.5,0.2,1,0.6,1.4c1.5,1.4,1.5,2,1.5,2.2c0,0.1-0.1,0.3-0.8,0.8c-1.6,1.1-3.7,1.4-5.8,1.8c-1.7,0.3-3.4,0.6-5.1,1.3  c-1.9,0.7-3.1,1.8-3.6,3.2c-0.3,0.9-0.4,1.8-0.4,2.5c0,0.3,0,0.7-0.1,0.9c-0.1,0-0.3,0.1-0.4,0.2c-0.7,0.3-2.2,0.9-2.4,2.6  c-0.1,0.6,0,1.6,0.8,2.6c0.9,1.1,2,1.7,3,2.3c0.8,0.5,1.5,0.9,1.9,1.4c0.2,0.2,0.3,0.4,0.5,0.7c0.8,1.1,2.2,3.2,4.6,2.6  c0.5-0.1,0.8-0.3,1.1-0.4c0.1,0.2,0.2,0.4,0.2,0.5c-0.3,0.9-1.5,1.6-2.4,2.1c-1.9,1-3.4,1.3-4.2,0.8c-0.5-0.2-0.9-0.8-1.5-1.3  c-0.8-0.9-1.8-2-3.3-2.5s-3.1-0.2-4.2,0.1l-7.4,1.6c-0.6,0.1-1.5,0.3-2.3,0.8c-1,0.7-1.6,1.6-2,2.4c-2,3.8-2.1,8.5-0.5,12.5  c1.7,4,5.1,7.1,9.2,8.4c0.7,0.2,1.4,0.4,2,0.5c1.1,0.3,2.1,0.5,2.9,1c1.5,0.8,2.7,2.6,3.2,4.8c0.5,2,0.4,4.2,0.3,6.3  C71.3,89.8,67.8,90.1,64.3,89.8z M101.7,92.9l-1.4,1c-2.3-2-5.2-3.6-8.6-4.4c-0.2,0-0.4-0.1-0.6-0.1c-0.4-2.9,0.4-6.1,2.1-8.5  c0.2-0.3,0.5-0.7,0.8-1c0.8-1.1,1.8-2.3,2.3-3.8c0.6-1.9,0.3-3.7,0.1-5.3c-0.1-0.7-0.2-1.3-0.2-1.9c-0.1-1.4,0.6-2.9,1.3-2.9  c0.1,0,0.4,0,0.6,0.1c0.5,0.1,1,0.2,1.7,0.1c0.9-0.1,1.7-0.5,2.3-0.8c0.2-0.1,0.4-0.2,0.5-0.3c2-0.9,4.6,0.3,6.3,1.6  c1,0.8,2,1.8,2.9,2.8c1.1,1.2,2.3,2.4,3.6,3.4c0.3,0.2,0.6,0.3,0.9,0.4c-1.7,5.8-4.8,11.1-9,15.6c-0.1,0.1-0.2,0.2-0.3,0.4  C105.1,90.4,103.4,91.6,101.7,92.9z\"><\/path>\t<path d=\"M14.5,113c-1.9,0-1.9,3,0,3C16.5,116,16.5,113,14.5,113z\"><\/path><\/g><\/svg>\t\t\t<\/div>\n\t\t<\/div>\n\t\t\t\t\t\t<\/div>\n\t\t\t\t<\/div>\n\t\t\t\t<\/div>\n\t\t<div class=\"elementor-element elementor-element-d22c7e5 e-con-full e-flex elementor-invisible e-con e-child\" data-id=\"d22c7e5\" data-element_type=\"container\" data-settings=\"{&quot;animation&quot;:&quot;fadeIn&quot;}\">\n\t\t\t\t<div class=\"elementor-element elementor-element-37b493b elementor-widget elementor-widget-heading\" data-id=\"37b493b\" data-element_type=\"widget\" data-widget_type=\"heading.default\">\n\t\t\t\t<div class=\"elementor-widget-container\">\n\t\t\t\t\t<h2 class=\"elementor-heading-title elementor-size-default\">How can we help you?<\/h2>\t\t\t\t<\/div>\n\t\t\t\t<\/div>\n\t\t\t\t<div class=\"elementor-element elementor-element-ce88005 elementor-widget elementor-widget-text-editor\" data-id=\"ce88005\" data-element_type=\"widget\" data-widget_type=\"text-editor.default\">\n\t\t\t\t<div class=\"elementor-widget-container\">\n\t\t\t\t\t\t\t\t\t<p class=\"p1\">Developing <b>global methodologies to measure positive impacts on biodiversity and natural capital<\/b>, as well as defining strategies and action plans to achieve a net positive impact on biodiversity. To this end, we promote environmental management that applies ecosystem thinking to foster positive and sustainable environmental outcomes in the areas where we operate.<\/p>\t\t\t\t\t\t\t\t<\/div>\n\t\t\t\t<\/div>\n\t\t\t\t<\/div>\n\t\t\t\t<\/div>\n\t\t<div class=\"elementor-element elementor-element-ab3205b e-con-full e-flex e-con e-child\" data-id=\"ab3205b\" data-element_type=\"container\" data-settings=\"{&quot;background_background&quot;:&quot;classic&quot;}\">\n\t\t\t\t<\/div>\n\t\t\t\t<\/div>\n\t\t<div class=\"elementor-element elementor-element-3ad4884 e-con-full e-flex e-con e-parent\" data-id=\"3ad4884\" data-element_type=\"container\" data-settings=\"{&quot;background_background&quot;:&quot;classic&quot;}\">\n\t\t<div class=\"elementor-element elementor-element-3c00c17 e-con-full e-flex e-con e-child\" data-id=\"3c00c17\" data-element_type=\"container\" data-settings=\"{&quot;background_background&quot;:&quot;classic&quot;}\">\n\t\t\t\t<\/div>\n\t\t<div class=\"elementor-element elementor-element-859a7da e-con-full e-flex e-con e-child\" data-id=\"859a7da\" data-element_type=\"container\" data-settings=\"{&quot;background_background&quot;:&quot;classic&quot;}\">\n\t\t<div class=\"elementor-element elementor-element-33bdc91 e-con-full e-flex elementor-invisible e-con e-child\" data-id=\"33bdc91\" data-element_type=\"container\" data-settings=\"{&quot;animation&quot;:&quot;fadeIn&quot;}\">\n\t\t\t\t<div class=\"elementor-element elementor-element-d99896d elementor-view-default elementor-widget elementor-widget-icon\" data-id=\"d99896d\" data-element_type=\"widget\" data-widget_type=\"icon.default\">\n\t\t\t\t<div class=\"elementor-widget-container\">\n\t\t\t\t\t\t\t<div class=\"elementor-icon-wrapper\">\n\t\t\t<div class=\"elementor-icon\">\n\t\t\t<svg xmlns=\"http:\/\/www.w3.org\/2000\/svg\" xmlns:xlink=\"http:\/\/www.w3.org\/1999\/xlink\" id=\"Capa_1\" x=\"0px\" y=\"0px\" viewbox=\"0 0 150 150\" xml:space=\"preserve\"><g>\t<path d=\"M115.4,46.5c1.9,0,1.9-3,0-3S113.5,46.5,115.4,46.5z\"><\/path>\t<path d=\"M137.4,85.2c-0.2-1-0.8-1.6-1.3-1.9c-3.4-2.8-8.5-3.1-15-0.8c-1.9,0.7-3.8,1.4-5.6,2.2c4.1-6.6,6.3-14.2,6.3-22.1  c0-3.8-0.5-7.6-1.5-11.3c-0.3-1.1-1.4-1.7-2.5-1.4s-1.7,1.4-1.4,2.5c0.9,3.3,1.4,6.7,1.4,10.2c0,2.3-0.2,4.6-0.6,6.8  c-0.9-0.8-1.7-1.6-2.6-2.5c-1-1.1-2.1-2.2-3.3-3.2c-3.4-2.7-7.3-3.6-10.4-2.2c-0.3,0.1-0.5,0.2-0.8,0.4s-0.7,0.4-0.9,0.4  c-0.1,0-0.4,0-0.7-0.1c-0.4-0.1-0.9-0.1-1.4-0.1c-3.4,0.2-5.2,3.7-5.1,7.1c0,0.8,0.1,1.6,0.2,2.3c0.2,1.3,0.4,2.6,0,3.6  c-0.3,0.8-0.9,1.7-1.6,2.5c-0.3,0.4-0.6,0.8-0.9,1.2c-2.1,3-3.1,6.6-2.9,10.3c-2.7-0.2-5.4-0.1-7.9,0.2c0.1-2.2,0.1-4.5-0.4-6.8  c-0.8-3.3-2.6-6-5.1-7.4c-1.3-0.7-2.6-1-3.9-1.3c-0.6-0.1-1.2-0.3-1.7-0.5c-3-1-5.5-3.3-6.7-6.2c-1.2-2.9-1.1-6.3,0.3-9.1  c0.2-0.4,0.4-0.7,0.6-0.8c0.2-0.1,0.6-0.2,0.9-0.3l7.4-1.6c0.7-0.2,1.6-0.3,2.1-0.2c0.5,0.2,1,0.7,1.6,1.4c0.7,0.8,1.5,1.6,2.6,2.2  c3.2,1.7,6.8-0.2,7.9-0.8c1.7-0.9,3.8-2.2,4.4-4.5c0.5-1.6-0.1-3.5-1.3-4.6c-1.1-1-2.5-1.3-3.8-0.9c-0.2,0.1-0.4,0.2-0.6,0.3  c-0.2-0.2-0.5-0.6-0.6-0.8c-0.2-0.3-0.4-0.6-0.6-0.9c-0.9-1.1-2-1.8-3-2.4c-0.4-0.2-0.8-0.5-1.1-0.7c0.2-0.1,0.4-0.3,0.7-0.4  c1.4-1.1,1.5-2.8,1.5-3.9c0-0.4,0-0.9,0.1-1.1c0-0.1,0.3-0.5,1.3-0.9c1.3-0.5,2.8-0.8,4.4-1c2.5-0.4,5.1-0.9,7.4-2.4  c1.2-0.8,2-1.8,2.4-2.9c0.3-0.9,0.2-1.8,0-2.6c5.9,2.7,11.1,6.9,15,12.3c0.6,0.9,1.9,1.1,2.8,0.4s1.1-1.9,0.4-2.8  c-7.9-11-20.7-17.5-34.3-17.5C60,20.6,43.5,34,38.7,52.1c-0.1,0.1-0.2,0.2-0.2,0.3c-0.3,0.5-0.4,1.1-0.2,1.7  c-0.6,2.8-0.9,5.8-0.9,8.8c0,8.8,2.7,17.3,7.7,24.4c-1.4,0-2.8,0.2-4.2,0.4c-5.4,1-10.8,4.1-15.5,9c-3.4,3.5-6.2,7.4-8.7,11.2  c-0.6,0.9-0.4,2.2,0.6,2.8c0.9,0.6,2.2,0.4,2.8-0.6c2.4-3.6,5-7.4,8.2-10.6c2.9-3,7.6-6.7,13.4-7.8c4.4-0.9,9-0.1,12.9,0.7  c0.7,0.2,1.4,0.3,2.1,0.5c2.4,0.5,4.8,1.1,7.3,1.3c4.1,0.4,8.3,0,12.2-0.4l1.7-0.2c4-0.4,8.6-0.7,12.9,0.3c4.2,1,7.5,3.3,9.2,6.3  c-5.4,2.1-11.1,4.3-16.9,4.9c-2.6,0.3-5.1,0.3-7.8,0.3c-1.7,0-3.4,0-5.1,0c-5.8,0.2-10.1,1.3-13.5,3.5c-0.9,0.6-1.2,1.8-0.6,2.8  c0.4,0.6,1,0.9,1.7,0.9c0.4,0,0.7-0.1,1.1-0.3c2.8-1.8,6.5-2.7,11.5-2.9c1.6-0.1,3.3-0.1,4.9,0c2.7,0,5.5,0,8.3-0.3  c6.3-0.7,12.2-3,18-5.2c0.6-0.2,2.4-0.9,2.7-2.8c0.2-1.1-0.3-2-0.5-2.4s-0.5-0.9-0.8-1.3l1.2-0.8c5.6-4.3,11.8-7.6,18.4-10  c4.7-1.7,8.2-1.8,10.6-0.3c-13.2,11.6-27.8,21.8-43.3,30c-2.8,1.5-5.7,3-8.8,3.7c-3.1,0.7-6.3,0.7-9.3,0.6c-1.7-0.1-3.3-0.2-5-0.3  c-4.1-0.3-8.4-0.6-12.6-0.3c-7.1,0.5-13.1,2.8-17.2,6.7c-0.8,0.8-0.9,2-0.1,2.8c0.4,0.4,0.9,0.6,1.5,0.6c0.5,0,1-0.2,1.4-0.5  c4.3-4.1,10.4-5.3,14.8-5.6c4-0.3,8.1,0,12.1,0.3c1.7,0.1,3.4,0.2,5.1,0.3c3.1,0.1,6.8,0.2,10.4-0.7c3.5-0.8,6.7-2.5,9.7-4.1  c15.9-8.5,30.8-18.9,44.3-30.9C137.2,87.6,137.7,86.4,137.4,85.2z M54.5,33.6c0.8,0.8,1.3,1.6,1.5,2.4c0.2,0.8,0,1.7-0.5,2.2  c-0.3,0.3-0.9,0.5-1.5,0.7c-0.9,0.3-2,0.7-2.9,1.5c-1,0.9-1.5,2-1.9,3c-0.2,0.5-0.5,1.1-0.8,1.4c-0.6,0.8-1.8,1.3-3,1.8  c-0.3,0.1-0.6,0.3-0.9,0.4C46.8,41.8,50.3,37.2,54.5,33.6z M41.2,62.1c0.2-0.2,0.4-0.4,0.5-0.6c0.6-1.1,1.2-1.9,1.9-2.3  c0.6-0.3,1.3-0.4,1.7-0.1c0.3,0.3,0.6,0.9,0.6,1.6c0.1,1.1-0.1,2.3-0.7,3.3c-0.2,0.5-0.5,0.9-0.9,1.4c-0.8,1.3-1.8,2.7-1.9,4.6  c0.1,2,0.9,3.6,1.6,5c0.1,0.2,0.3,0.5,0.4,0.7c0.8,1.6,1.2,3.3,1.4,5c-3-5.5-4.6-11.8-4.6-18.2C41.2,62.4,41.2,62.3,41.2,62.1z   M64.3,89.8c-2.3-0.2-4.5-0.7-6.8-1.3c-0.7-0.2-1.5-0.3-2.2-0.5c-1.5-0.3-3.2-0.6-5-0.9c-0.3-0.4-0.6-0.7-0.9-1.1  c1-3.9,0.6-8.3-1.3-12.1c-0.1-0.3-0.3-0.5-0.4-0.8c-0.5-1-1-2-1-2.8s0.6-1.6,1.2-2.6c0.4-0.6,0.8-1.1,1.1-1.8  c0.9-1.7,1.2-3.6,1.1-5.5c-0.2-1.9-0.9-3.5-2.1-4.4c-1.6-1.3-4-1.4-6-0.4c0.1-0.7,0.3-1.4,0.4-2.1c0.9-1.1,2-2,3.2-2.6  c0.5-0.2,0.9-0.4,1.4-0.6c1.6-0.7,3.4-1.4,4.6-3.1c0.6-0.7,0.9-1.5,1.2-2.2s0.6-1.3,1-1.6c0.3-0.3,0.9-0.5,1.6-0.7  c0.9-0.3,1.9-0.7,2.8-1.4c1.6-1.4,2.4-3.8,1.8-6.1c-0.3-1.4-1.1-2.7-2.2-4c6.2-4.3,13.7-6.8,21.8-6.8c3.5,0,6.9,0.5,10.1,1.4  c0,0.5,0.2,1,0.6,1.4c1.5,1.4,1.5,2,1.5,2.2c0,0.1-0.1,0.3-0.8,0.8c-1.6,1.1-3.7,1.4-5.8,1.8c-1.7,0.3-3.4,0.6-5.1,1.3  c-1.9,0.7-3.1,1.8-3.6,3.2c-0.3,0.9-0.4,1.8-0.4,2.5c0,0.3,0,0.7-0.1,0.9c-0.1,0-0.3,0.1-0.4,0.2c-0.7,0.3-2.2,0.9-2.4,2.6  c-0.1,0.6,0,1.6,0.8,2.6c0.9,1.1,2,1.7,3,2.3c0.8,0.5,1.5,0.9,1.9,1.4c0.2,0.2,0.3,0.4,0.5,0.7c0.8,1.1,2.2,3.2,4.6,2.6  c0.5-0.1,0.8-0.3,1.1-0.4c0.1,0.2,0.2,0.4,0.2,0.5c-0.3,0.9-1.5,1.6-2.4,2.1c-1.9,1-3.4,1.3-4.2,0.8c-0.5-0.2-0.9-0.8-1.5-1.3  c-0.8-0.9-1.8-2-3.3-2.5s-3.1-0.2-4.2,0.1l-7.4,1.6c-0.6,0.1-1.5,0.3-2.3,0.8c-1,0.7-1.6,1.6-2,2.4c-2,3.8-2.1,8.5-0.5,12.5  c1.7,4,5.1,7.1,9.2,8.4c0.7,0.2,1.4,0.4,2,0.5c1.1,0.3,2.1,0.5,2.9,1c1.5,0.8,2.7,2.6,3.2,4.8c0.5,2,0.4,4.2,0.3,6.3  C71.3,89.8,67.8,90.1,64.3,89.8z M101.7,92.9l-1.4,1c-2.3-2-5.2-3.6-8.6-4.4c-0.2,0-0.4-0.1-0.6-0.1c-0.4-2.9,0.4-6.1,2.1-8.5  c0.2-0.3,0.5-0.7,0.8-1c0.8-1.1,1.8-2.3,2.3-3.8c0.6-1.9,0.3-3.7,0.1-5.3c-0.1-0.7-0.2-1.3-0.2-1.9c-0.1-1.4,0.6-2.9,1.3-2.9  c0.1,0,0.4,0,0.6,0.1c0.5,0.1,1,0.2,1.7,0.1c0.9-0.1,1.7-0.5,2.3-0.8c0.2-0.1,0.4-0.2,0.5-0.3c2-0.9,4.6,0.3,6.3,1.6  c1,0.8,2,1.8,2.9,2.8c1.1,1.2,2.3,2.4,3.6,3.4c0.3,0.2,0.6,0.3,0.9,0.4c-1.7,5.8-4.8,11.1-9,15.6c-0.1,0.1-0.2,0.2-0.3,0.4  C105.1,90.4,103.4,91.6,101.7,92.9z\"><\/path>\t<path d=\"M14.5,113c-1.9,0-1.9,3,0,3C16.5,116,16.5,113,14.5,113z\"><\/path><\/g><\/svg>\t\t\t<\/div>\n\t\t<\/div>\n\t\t\t\t\t\t<\/div>\n\t\t\t\t<\/div>\n\t\t\t\t<\/div>\n\t\t<div class=\"elementor-element elementor-element-bfd55aa e-con-full e-flex elementor-invisible e-con e-child\" data-id=\"bfd55aa\" data-element_type=\"container\" data-settings=\"{&quot;animation&quot;:&quot;fadeIn&quot;}\">\n\t\t\t\t<div class=\"elementor-element elementor-element-5bb4c27 elementor-widget elementor-widget-heading\" data-id=\"5bb4c27\" data-element_type=\"widget\" data-widget_type=\"heading.default\">\n\t\t\t\t<div class=\"elementor-widget-container\">\n\t\t\t\t\t<h2 class=\"elementor-heading-title elementor-size-default\">Our foundation<\/h2>\t\t\t\t<\/div>\n\t\t\t\t<\/div>\n\t\t\t\t<div class=\"elementor-element elementor-element-de77027 elementor-widget elementor-widget-text-editor\" data-id=\"de77027\" data-element_type=\"widget\" data-widget_type=\"text-editor.default\">\n\t\t\t\t<div class=\"elementor-widget-container\">\n\t\t\t\t\t\t\t\t\t<p class=\"p1\">The long-term success of any company depends on its ability to <b>understand and manage its impacts and dependencies on biodiversity<\/b>, and thus it must promote the maintenance or enhancement of its value, as well as the associated goods and benefits.<\/p><p class=\"p1\">Forward-looking companies are adopting the net positive impact approach to achieve net gains for biodiversity from their projects, aiming to create long-term value at all levels (product, operation, country, employees, suppliers, communities, and future generations).<\/p>\t\t\t\t\t\t\t\t<\/div>\n\t\t\t\t<\/div>\n\t\t\t\t<\/div>\n\t\t\t\t<\/div>\n\t\t\t\t<\/div>\n\t\t<div class=\"elementor-element elementor-element-f54cb20 e-flex e-con-boxed e-con e-parent\" data-id=\"f54cb20\" data-element_type=\"container\" data-settings=\"{&quot;background_background&quot;:&quot;classic&quot;}\">\n\t\t\t\t\t<div class=\"e-con-inner\">\n\t\t\t\t<div class=\"elementor-element elementor-element-12d1913 elementor-widget__width-initial elementor-widget elementor-widget-heading\" data-id=\"12d1913\" data-element_type=\"widget\" data-widget_type=\"heading.default\">\n\t\t\t\t<div class=\"elementor-widget-container\">\n\t\t\t\t\t<h4 class=\"elementor-heading-title elementor-size-default\">Una empresa comprometida con alcanzar un impacto neto positivo en la biodiversidad devuelve m\u00e1s a la sociedad, la econom\u00eda y las personas de lo que retira de ellos<\/h4>\t\t\t\t<\/div>\n\t\t\t\t<\/div>\n\t\t\t\t\t<\/div>\n\t\t\t\t<\/div>\n\t\t<div class=\"elementor-element elementor-element-cda3b5b e-flex e-con-boxed e-con e-parent\" data-id=\"cda3b5b\" data-element_type=\"container\">\n\t\t\t\t\t<div class=\"e-con-inner\">\n\t\t\t\t<div class=\"elementor-element elementor-element-0b02dcd elementor-align-left elementor-widget elementor-widget-button\" data-id=\"0b02dcd\" data-element_type=\"widget\" data-widget_type=\"button.default\">\n\t\t\t\t<div class=\"elementor-widget-container\">\n\t\t\t\t\t\t\t\t\t<div class=\"elementor-button-wrapper\">\n\t\t\t\t\t<a class=\"elementor-button elementor-button-link elementor-size-sm\" href=\"https:\/\/ecoacsa.com\/en\/servicios\/\">\n\t\t\t\t\t\t<span class=\"elementor-button-content-wrapper\">\n\t\t\t\t\t\t<span class=\"elementor-button-icon\">\n\t\t\t\t<svg aria-hidden=\"true\" class=\"e-font-icon-svg e-fas-chevron-left\" viewbox=\"0 0 320 512\" xmlns=\"http:\/\/www.w3.org\/2000\/svg\"><path d=\"M34.52 239.03L228.87 44.69c9.37-9.37 24.57-9.37 33.94 0l22.67 22.67c9.36 9.36 9.37 24.52.04 33.9L131.49 256l154.02 154.75c9.34 9.38 9.32 24.54-.04 33.9l-22.67 22.67c-9.37 9.37-24.57 9.37-33.94 0L34.52 272.97c-9.37-9.37-9.37-24.57 0-33.94z\"><\/path><\/svg>\t\t\t<\/span>\n\t\t\t\t\t\t\t\t\t<span class=\"elementor-button-text\">Previous<\/span>\n\t\t\t\t\t<\/span>\n\t\t\t\t\t<\/a>\n\t\t\t\t<\/div>\n\t\t\t\t\t\t\t\t<\/div>\n\t\t\t\t<\/div>\n\t\t\t\t\t<\/div>\n\t\t\t\t<\/div>\n\t\t\t\t<\/div>","protected":false},"excerpt":{"rendered":"<p>Impacto positivo \u00bfC\u00f3mo podemos ayudarte? Desarrollando metodolog\u00edas globales para medir el impacto positivo sobre la biodiversidad y el capital natural, adem\u00e1s de definir estrategias y planes de acci\u00f3n para lograr un impacto neto positivo en biodiversidad. Para ello, impulsamos una gesti\u00f3n ambiental que aplique el pensamiento ecosist\u00e9mico para promover resultados ambientales positivos y sostenibles en [&hellip;]<\/p>","protected":false},"author":5,"featured_media":0,"parent":0,"menu_order":0,"comment_status":"closed","ping_status":"closed","template":"","meta":{"footnotes":""},"_links":{"self":[{"href":"https:\/\/ecoacsa.com\/en\/wp-json\/wp\/v2\/pages\/1405"}],"collection":[{"href":"https:\/\/ecoacsa.com\/en\/wp-json\/wp\/v2\/pages"}],"about":[{"href":"https:\/\/ecoacsa.com\/en\/wp-json\/wp\/v2\/types\/page"}],"author":[{"embeddable":true,"href":"https:\/\/ecoacsa.com\/en\/wp-json\/wp\/v2\/users\/5"}],"replies":[{"embeddable":true,"href":"https:\/\/ecoacsa.com\/en\/wp-json\/wp\/v2\/comments?post=1405"}],"version-history":[{"count":16,"href":"https:\/\/ecoacsa.com\/en\/wp-json\/wp\/v2\/pages\/1405\/revisions"}],"predecessor-version":[{"id":2420,"href":"https:\/\/ecoacsa.com\/en\/wp-json\/wp\/v2\/pages\/1405\/revisions\/2420"}],"wp:attachment":[{"href":"https:\/\/ecoacsa.com\/en\/wp-json\/wp\/v2\/media?parent=1405"}],"curies":[{"name":"wp","href":"https:\/\/api.w.org\/{rel}","templated":true}]}}