{"id":1421,"date":"2024-02-15T17:07:46","date_gmt":"2024-02-15T16:07:46","guid":{"rendered":"https:\/\/web.ecoacsa.com\/impacto-positivo-copy\/"},"modified":"2024-10-10T21:03:37","modified_gmt":"2024-10-10T19:03:37","slug":"mercados-de-la-naturaleza","status":"publish","type":"page","link":"https:\/\/ecoacsa.com\/en\/mercados-de-la-naturaleza\/","title":{"rendered":"Nature markets"},"content":{"rendered":"<div data-elementor-type=\"wp-page\" data-elementor-id=\"1421\" class=\"elementor elementor-1421\" data-elementor-settings=\"{&quot;element_pack_global_tooltip_width&quot;:{&quot;unit&quot;:&quot;px&quot;,&quot;size&quot;:&quot;&quot;,&quot;sizes&quot;:[]},&quot;element_pack_global_tooltip_width_widescreen&quot;:{&quot;unit&quot;:&quot;px&quot;,&quot;size&quot;:&quot;&quot;,&quot;sizes&quot;:[]},&quot;element_pack_global_tooltip_width_laptop&quot;:{&quot;unit&quot;:&quot;px&quot;,&quot;size&quot;:&quot;&quot;,&quot;sizes&quot;:[]},&quot;element_pack_global_tooltip_width_tablet_extra&quot;:{&quot;unit&quot;:&quot;px&quot;,&quot;size&quot;:&quot;&quot;,&quot;sizes&quot;:[]},&quot;element_pack_global_tooltip_width_tablet&quot;:{&quot;unit&quot;:&quot;px&quot;,&quot;size&quot;:&quot;&quot;,&quot;sizes&quot;:[]},&quot;element_pack_global_tooltip_width_mobile&quot;:{&quot;unit&quot;:&quot;px&quot;,&quot;size&quot;:&quot;&quot;,&quot;sizes&quot;:[]},&quot;element_pack_global_tooltip_padding&quot;:{&quot;unit&quot;:&quot;px&quot;,&quot;top&quot;:&quot;&quot;,&quot;right&quot;:&quot;&quot;,&quot;bottom&quot;:&quot;&quot;,&quot;left&quot;:&quot;&quot;,&quot;isLinked&quot;:true},&quot;element_pack_global_tooltip_padding_widescreen&quot;:{&quot;unit&quot;:&quot;px&quot;,&quot;top&quot;:&quot;&quot;,&quot;right&quot;:&quot;&quot;,&quot;bottom&quot;:&quot;&quot;,&quot;left&quot;:&quot;&quot;,&quot;isLinked&quot;:true},&quot;element_pack_global_tooltip_padding_laptop&quot;:{&quot;unit&quot;:&quot;px&quot;,&quot;top&quot;:&quot;&quot;,&quot;right&quot;:&quot;&quot;,&quot;bottom&quot;:&quot;&quot;,&quot;left&quot;:&quot;&quot;,&quot;isLinked&quot;:true},&quot;element_pack_global_tooltip_padding_tablet_extra&quot;:{&quot;unit&quot;:&quot;px&quot;,&quot;top&quot;:&quot;&quot;,&quot;right&quot;:&quot;&quot;,&quot;bottom&quot;:&quot;&quot;,&quot;left&quot;:&quot;&quot;,&quot;isLinked&quot;:true},&quot;element_pack_global_tooltip_padding_tablet&quot;:{&quot;unit&quot;:&quot;px&quot;,&quot;top&quot;:&quot;&quot;,&quot;right&quot;:&quot;&quot;,&quot;bottom&quot;:&quot;&quot;,&quot;left&quot;:&quot;&quot;,&quot;isLinked&quot;:true},&quot;element_pack_global_tooltip_padding_mobile&quot;:{&quot;unit&quot;:&quot;px&quot;,&quot;top&quot;:&quot;&quot;,&quot;right&quot;:&quot;&quot;,&quot;bottom&quot;:&quot;&quot;,&quot;left&quot;:&quot;&quot;,&quot;isLinked&quot;:true},&quot;element_pack_global_tooltip_border_radius&quot;:{&quot;unit&quot;:&quot;px&quot;,&quot;top&quot;:&quot;&quot;,&quot;right&quot;:&quot;&quot;,&quot;bottom&quot;:&quot;&quot;,&quot;left&quot;:&quot;&quot;,&quot;isLinked&quot;:true},&quot;element_pack_global_tooltip_border_radius_widescreen&quot;:{&quot;unit&quot;:&quot;px&quot;,&quot;top&quot;:&quot;&quot;,&quot;right&quot;:&quot;&quot;,&quot;bottom&quot;:&quot;&quot;,&quot;left&quot;:&quot;&quot;,&quot;isLinked&quot;:true},&quot;element_pack_global_tooltip_border_radius_laptop&quot;:{&quot;unit&quot;:&quot;px&quot;,&quot;top&quot;:&quot;&quot;,&quot;right&quot;:&quot;&quot;,&quot;bottom&quot;:&quot;&quot;,&quot;left&quot;:&quot;&quot;,&quot;isLinked&quot;:true},&quot;element_pack_global_tooltip_border_radius_tablet_extra&quot;:{&quot;unit&quot;:&quot;px&quot;,&quot;top&quot;:&quot;&quot;,&quot;right&quot;:&quot;&quot;,&quot;bottom&quot;:&quot;&quot;,&quot;left&quot;:&quot;&quot;,&quot;isLinked&quot;:true},&quot;element_pack_global_tooltip_border_radius_tablet&quot;:{&quot;unit&quot;:&quot;px&quot;,&quot;top&quot;:&quot;&quot;,&quot;right&quot;:&quot;&quot;,&quot;bottom&quot;:&quot;&quot;,&quot;left&quot;:&quot;&quot;,&quot;isLinked&quot;:true},&quot;element_pack_global_tooltip_border_radius_mobile&quot;:{&quot;unit&quot;:&quot;px&quot;,&quot;top&quot;:&quot;&quot;,&quot;right&quot;:&quot;&quot;,&quot;bottom&quot;:&quot;&quot;,&quot;left&quot;:&quot;&quot;,&quot;isLinked&quot;:true}}\" data-elementor-post-type=\"page\">\n\t\t\t\t<div class=\"elementor-element elementor-element-5bdac15 e-flex e-con-boxed e-con e-parent\" data-id=\"5bdac15\" data-element_type=\"container\">\n\t\t\t\t\t<div class=\"e-con-inner\">\n\t\t\t\t<div class=\"elementor-element elementor-element-012cd1e elementor-widget elementor-widget-heading\" data-id=\"012cd1e\" data-element_type=\"widget\" data-widget_type=\"heading.default\">\n\t\t\t\t<div class=\"elementor-widget-container\">\n\t\t\t\t\t<h1 class=\"elementor-heading-title elementor-size-default\">Nature markets<\/h1>\t\t\t\t<\/div>\n\t\t\t\t<\/div>\n\t\t\t\t\t<\/div>\n\t\t\t\t<\/div>\n\t\t<div class=\"elementor-element elementor-element-0a8280a e-con-full e-flex e-con e-parent\" data-id=\"0a8280a\" data-element_type=\"container\" data-settings=\"{&quot;background_background&quot;:&quot;classic&quot;}\">\n\t\t<div class=\"elementor-element elementor-element-de68ef1 e-con-full e-flex e-con e-child\" data-id=\"de68ef1\" data-element_type=\"container\" data-settings=\"{&quot;background_background&quot;:&quot;classic&quot;}\">\n\t\t<div class=\"elementor-element elementor-element-c0de1c2 e-con-full e-flex elementor-invisible e-con e-child\" data-id=\"c0de1c2\" data-element_type=\"container\" data-settings=\"{&quot;animation&quot;:&quot;fadeIn&quot;}\">\n\t\t\t\t<div class=\"elementor-element elementor-element-f112a1d elementor-view-default elementor-widget elementor-widget-icon\" data-id=\"f112a1d\" data-element_type=\"widget\" data-widget_type=\"icon.default\">\n\t\t\t\t<div class=\"elementor-widget-container\">\n\t\t\t\t\t\t\t<div class=\"elementor-icon-wrapper\">\n\t\t\t<div class=\"elementor-icon\">\n\t\t\t<svg xmlns=\"http:\/\/www.w3.org\/2000\/svg\" xmlns:xlink=\"http:\/\/www.w3.org\/1999\/xlink\" id=\"Capa_1\" x=\"0px\" y=\"0px\" viewbox=\"0 0 150 150\" xml:space=\"preserve\"><g>\t<path d=\"M116.4,80.3h14.9c1.1,0,2-0.9,2-2s-0.9-2-2-2h-15.9v-8.2c8.5-1.2,15.1-8.5,15.1-17.3c0-1.4-0.2-2.8-0.5-4.1  c-0.3-1.1-1.3-1.7-2.4-1.5c-1.1,0.3-1.7,1.3-1.5,2.4c0.2,1,0.4,2.1,0.4,3.2c0,6.6-4.8,12.2-11.1,13.3v-5.2l7.9-7  c0.6-0.6,0.7-1.6,0.1-2.2c-0.6-0.6-1.6-0.7-2.2-0.1l-5.8,5.2v-9.9c0-1.1-0.9-2-2-2s-2,0.9-2,2v9.6L106,50c-0.7-0.6-1.7-0.5-2.2,0.2  c-0.6,0.7-0.5,1.7,0.2,2.2l7.4,6.1v5.7c-6.7-0.8-11.9-6.5-11.9-13.4c0-7.5,6.1-13.5,13.5-13.5c2.1,0,4.1,0.5,6,1.4  c1,0.5,2.2,0.1,2.7-0.9s0.1-2.2-0.9-2.7c-2.4-1.2-5-1.8-7.7-1.8c-9.7,0-17.5,7.9-17.5,17.5c0,9.1,7,16.6,15.9,17.4v8.1H78.6V68  c8.5-1.2,15-8.5,15-17.3c0-1.4-0.2-2.8-0.5-4.1c-0.3-1.1-1.3-1.7-2.4-1.5c-1.1,0.3-1.7,1.3-1.5,2.4c0.2,1,0.4,2.1,0.4,3.2  c0,6.6-4.7,12.1-11,13.3v-4.7l8.1-7.2c0.8-0.7,0.9-2,0.2-2.8c-0.7-0.8-2-0.9-2.8-0.2L78.6,54V43.2c0-1.1-0.9-2-2-2l0,0  c-1.1,0-2,0.9-2,2v10.6l-5.2-4.3c-0.9-0.7-2.1-0.6-2.8,0.3c-0.7,0.9-0.6,2.1,0.3,2.8l7.8,6.4v5.1c-6.8-0.7-12-6.5-12-13.4  c0-7.5,6.1-13.5,13.5-13.5c2.1,0,4.1,0.5,6,1.4c1,0.5,2.2,0.1,2.7-0.9S85,35.5,84,35c-2.4-1.2-5-1.8-7.7-1.8  c-9.7,0-17.5,7.9-17.5,17.5c0,9.2,7.1,16.7,16,17.4v8.1H41V68c8.8-0.9,15.6-8.4,15.6-17.4c0-1.4-0.2-2.8-0.5-4.1  c-0.3-1.1-1.3-1.7-2.4-1.5c-1.1,0.3-1.7,1.3-1.5,2.4c0.2,1,0.4,2.1,0.4,3.2C52.6,57.4,47.5,63,41,64v-5.3l7.6-6.8  c0.6-0.6,0.7-1.6,0.1-2.2c-0.6-0.6-1.6-0.7-2.2-0.1l-5.5,5V44.2c0-1.1-0.9-2-2-2s-2,0.9-2,2v10.6l-5.7-4.7  c-0.7-0.6-1.7-0.5-2.2,0.2c-0.6,0.7-0.5,1.7,0.2,2.2l7.7,6.3V64c-6.5-1-11.4-6.6-11.4-13.3c0-7.5,6.1-13.5,13.5-13.5  c2.1,0,4.1,0.5,6,1.4c1,0.5,2.2,0.1,2.7-0.9s0.1-2.2-0.9-2.7c-2.4-1.2-5-1.8-7.7-1.8c-9.7,0-17.5,7.9-17.5,17.5  c0,8.9,6.7,16.3,15.4,17.4v8.2H18.6c-1.1,0-2,0.9-2,2s0.9,2,2,2h17.1l-16,32.2c-0.5,1-0.1,2.2,0.9,2.7c0.3,0.1,0.6,0.2,0.9,0.2  c0.7,0,1.4-0.4,1.8-1.1l16.9-33.9h22.4l-4.5,34.2c-0.1,1.1,0.6,2.1,1.7,2.2c0.1,0,0.2,0,0.3,0c1,0,1.8-0.7,2-1.7l4.5-34.7h19.8  l5.1,34.8c0.1,1,1,1.7,2,1.7c0.1,0,0.2,0,0.3,0c1.1-0.2,1.8-1.2,1.7-2.3l-5-34.2H112l17.2,34.5c0.3,0.7,1.1,1.1,1.8,1.1  c0.3,0,0.6-0.1,0.9-0.2c1-0.5,1.4-1.7,0.9-2.7L116.4,80.3z\"><\/path>\t<path d=\"M50.8,43.1c1.9,0,1.9-3,0-3C48.9,40.1,48.9,43.1,50.8,43.1z\"><\/path>\t<path d=\"M87.8,43.1c1.9,0,1.9-3,0-3S85.9,43.1,87.8,43.1z\"><\/path>\t<path d=\"M124.8,43.1c1.9,0,1.9-3,0-3S122.9,43.1,124.8,43.1z\"><\/path>\t<path d=\"M51,83.7c-1.9,0-1.9,3,0,3S52.9,83.7,51,83.7z\"><\/path>\t<path d=\"M49.2,91.2c-1.9,0-1.9,3,0,3C51.2,94.2,51.2,91.2,49.2,91.2z\"><\/path>\t<path d=\"M47.4,98.8c-1.9,0-1.9,3,0,3C49.3,101.8,49.3,98.8,47.4,98.8z\"><\/path>\t<path d=\"M45.7,106.6c-1.9,0-1.9,3,0,3C47.6,109.6,47.6,106.6,45.7,106.6z\"><\/path>\t<path d=\"M44.1,113c-1.9,0-1.9,3,0,3C46.1,116,46.1,113,44.1,113z\"><\/path>\t<path d=\"M76.4,86.1c1.9,0,1.9-3,0-3S74.5,86.1,76.4,86.1z\"><\/path>\t<path d=\"M76.6,93.8c1.9,0,1.9-3,0-3S74.7,93.8,76.6,93.8z\"><\/path>\t<path d=\"M76.8,101.6c1.9,0,1.9-3,0-3S74.9,101.6,76.8,101.6z\"><\/path>\t<path d=\"M76.8,109.3c1.9,0,1.9-3,0-3S74.9,109.3,76.8,109.3z\"><\/path>\t<path d=\"M76.9,112.9c-1.9,0-1.9,3,0,3C78.9,115.9,78.9,112.9,76.9,112.9z\"><\/path>\t<path d=\"M102.4,84.5c-1.9,0-1.9,3,0,3S104.3,84.5,102.4,84.5z\"><\/path>\t<path d=\"M104.6,91.7c-1.9,0-1.9,3,0,3C106.6,94.7,106.6,91.7,104.6,91.7z\"><\/path>\t<path d=\"M106.9,99.4c-1.9,0-1.9,3,0,3S108.9,99.4,106.9,99.4z\"><\/path>\t<path d=\"M109.3,106.8c-1.9,0-1.9,3,0,3C111.2,109.8,111.2,106.8,109.3,106.8z\"><\/path>\t<path d=\"M111.3,113.1c-1.9,0-1.9,3,0,3C113.2,116.1,113.2,113.1,111.3,113.1z\"><\/path><\/g><\/svg>\t\t\t<\/div>\n\t\t<\/div>\n\t\t\t\t\t\t<\/div>\n\t\t\t\t<\/div>\n\t\t\t\t<\/div>\n\t\t<div class=\"elementor-element elementor-element-d22c7e5 e-con-full e-flex elementor-invisible e-con e-child\" data-id=\"d22c7e5\" data-element_type=\"container\" data-settings=\"{&quot;animation&quot;:&quot;fadeIn&quot;}\">\n\t\t\t\t<div class=\"elementor-element elementor-element-37b493b elementor-widget elementor-widget-heading\" data-id=\"37b493b\" data-element_type=\"widget\" data-widget_type=\"heading.default\">\n\t\t\t\t<div class=\"elementor-widget-container\">\n\t\t\t\t\t<h2 class=\"elementor-heading-title elementor-size-default\">How can we help you?<\/h2>\t\t\t\t<\/div>\n\t\t\t\t<\/div>\n\t\t\t\t<div class=\"elementor-element elementor-element-ce88005 elementor-widget elementor-widget-text-editor\" data-id=\"ce88005\" data-element_type=\"widget\" data-widget_type=\"text-editor.default\">\n\t\t\t\t<div class=\"elementor-widget-container\">\n\t\t\t\t\t\t\t\t\t<p class=\"p1\"><b>We collaborate with businesses and financial institutions to unlock funding for positive outcomes for nature<\/b>, exploring the potential of biodiversity credit markets, nature conservation banks, payments for ecosystem services (PES), and green bonds.<\/p>\t\t\t\t\t\t\t\t<\/div>\n\t\t\t\t<\/div>\n\t\t\t\t<\/div>\n\t\t\t\t<\/div>\n\t\t<div class=\"elementor-element elementor-element-ab3205b e-con-full e-flex e-con e-child\" data-id=\"ab3205b\" data-element_type=\"container\" data-settings=\"{&quot;background_background&quot;:&quot;classic&quot;}\">\n\t\t\t\t<\/div>\n\t\t\t\t<\/div>\n\t\t<div class=\"elementor-element elementor-element-3ad4884 e-con-full e-flex e-con e-parent\" data-id=\"3ad4884\" data-element_type=\"container\" data-settings=\"{&quot;background_background&quot;:&quot;classic&quot;}\">\n\t\t<div class=\"elementor-element elementor-element-3c00c17 e-con-full e-flex e-con e-child\" data-id=\"3c00c17\" data-element_type=\"container\" data-settings=\"{&quot;background_background&quot;:&quot;classic&quot;}\">\n\t\t\t\t<\/div>\n\t\t<div class=\"elementor-element elementor-element-859a7da e-con-full e-flex e-con e-child\" data-id=\"859a7da\" data-element_type=\"container\" data-settings=\"{&quot;background_background&quot;:&quot;classic&quot;}\">\n\t\t<div class=\"elementor-element elementor-element-33bdc91 e-con-full e-flex elementor-invisible e-con e-child\" data-id=\"33bdc91\" data-element_type=\"container\" data-settings=\"{&quot;animation&quot;:&quot;fadeIn&quot;}\">\n\t\t\t\t<div class=\"elementor-element elementor-element-d99896d elementor-view-default elementor-widget elementor-widget-icon\" data-id=\"d99896d\" data-element_type=\"widget\" data-widget_type=\"icon.default\">\n\t\t\t\t<div class=\"elementor-widget-container\">\n\t\t\t\t\t\t\t<div class=\"elementor-icon-wrapper\">\n\t\t\t<div class=\"elementor-icon\">\n\t\t\t<svg xmlns=\"http:\/\/www.w3.org\/2000\/svg\" xmlns:xlink=\"http:\/\/www.w3.org\/1999\/xlink\" id=\"Capa_1\" x=\"0px\" y=\"0px\" viewbox=\"0 0 150 150\" xml:space=\"preserve\"><g>\t<path d=\"M116.4,80.3h14.9c1.1,0,2-0.9,2-2s-0.9-2-2-2h-15.9v-8.2c8.5-1.2,15.1-8.5,15.1-17.3c0-1.4-0.2-2.8-0.5-4.1  c-0.3-1.1-1.3-1.7-2.4-1.5c-1.1,0.3-1.7,1.3-1.5,2.4c0.2,1,0.4,2.1,0.4,3.2c0,6.6-4.8,12.2-11.1,13.3v-5.2l7.9-7  c0.6-0.6,0.7-1.6,0.1-2.2c-0.6-0.6-1.6-0.7-2.2-0.1l-5.8,5.2v-9.9c0-1.1-0.9-2-2-2s-2,0.9-2,2v9.6L106,50c-0.7-0.6-1.7-0.5-2.2,0.2  c-0.6,0.7-0.5,1.7,0.2,2.2l7.4,6.1v5.7c-6.7-0.8-11.9-6.5-11.9-13.4c0-7.5,6.1-13.5,13.5-13.5c2.1,0,4.1,0.5,6,1.4  c1,0.5,2.2,0.1,2.7-0.9s0.1-2.2-0.9-2.7c-2.4-1.2-5-1.8-7.7-1.8c-9.7,0-17.5,7.9-17.5,17.5c0,9.1,7,16.6,15.9,17.4v8.1H78.6V68  c8.5-1.2,15-8.5,15-17.3c0-1.4-0.2-2.8-0.5-4.1c-0.3-1.1-1.3-1.7-2.4-1.5c-1.1,0.3-1.7,1.3-1.5,2.4c0.2,1,0.4,2.1,0.4,3.2  c0,6.6-4.7,12.1-11,13.3v-4.7l8.1-7.2c0.8-0.7,0.9-2,0.2-2.8c-0.7-0.8-2-0.9-2.8-0.2L78.6,54V43.2c0-1.1-0.9-2-2-2l0,0  c-1.1,0-2,0.9-2,2v10.6l-5.2-4.3c-0.9-0.7-2.1-0.6-2.8,0.3c-0.7,0.9-0.6,2.1,0.3,2.8l7.8,6.4v5.1c-6.8-0.7-12-6.5-12-13.4  c0-7.5,6.1-13.5,13.5-13.5c2.1,0,4.1,0.5,6,1.4c1,0.5,2.2,0.1,2.7-0.9S85,35.5,84,35c-2.4-1.2-5-1.8-7.7-1.8  c-9.7,0-17.5,7.9-17.5,17.5c0,9.2,7.1,16.7,16,17.4v8.1H41V68c8.8-0.9,15.6-8.4,15.6-17.4c0-1.4-0.2-2.8-0.5-4.1  c-0.3-1.1-1.3-1.7-2.4-1.5c-1.1,0.3-1.7,1.3-1.5,2.4c0.2,1,0.4,2.1,0.4,3.2C52.6,57.4,47.5,63,41,64v-5.3l7.6-6.8  c0.6-0.6,0.7-1.6,0.1-2.2c-0.6-0.6-1.6-0.7-2.2-0.1l-5.5,5V44.2c0-1.1-0.9-2-2-2s-2,0.9-2,2v10.6l-5.7-4.7  c-0.7-0.6-1.7-0.5-2.2,0.2c-0.6,0.7-0.5,1.7,0.2,2.2l7.7,6.3V64c-6.5-1-11.4-6.6-11.4-13.3c0-7.5,6.1-13.5,13.5-13.5  c2.1,0,4.1,0.5,6,1.4c1,0.5,2.2,0.1,2.7-0.9s0.1-2.2-0.9-2.7c-2.4-1.2-5-1.8-7.7-1.8c-9.7,0-17.5,7.9-17.5,17.5  c0,8.9,6.7,16.3,15.4,17.4v8.2H18.6c-1.1,0-2,0.9-2,2s0.9,2,2,2h17.1l-16,32.2c-0.5,1-0.1,2.2,0.9,2.7c0.3,0.1,0.6,0.2,0.9,0.2  c0.7,0,1.4-0.4,1.8-1.1l16.9-33.9h22.4l-4.5,34.2c-0.1,1.1,0.6,2.1,1.7,2.2c0.1,0,0.2,0,0.3,0c1,0,1.8-0.7,2-1.7l4.5-34.7h19.8  l5.1,34.8c0.1,1,1,1.7,2,1.7c0.1,0,0.2,0,0.3,0c1.1-0.2,1.8-1.2,1.7-2.3l-5-34.2H112l17.2,34.5c0.3,0.7,1.1,1.1,1.8,1.1  c0.3,0,0.6-0.1,0.9-0.2c1-0.5,1.4-1.7,0.9-2.7L116.4,80.3z\"><\/path>\t<path d=\"M50.8,43.1c1.9,0,1.9-3,0-3C48.9,40.1,48.9,43.1,50.8,43.1z\"><\/path>\t<path d=\"M87.8,43.1c1.9,0,1.9-3,0-3S85.9,43.1,87.8,43.1z\"><\/path>\t<path d=\"M124.8,43.1c1.9,0,1.9-3,0-3S122.9,43.1,124.8,43.1z\"><\/path>\t<path d=\"M51,83.7c-1.9,0-1.9,3,0,3S52.9,83.7,51,83.7z\"><\/path>\t<path d=\"M49.2,91.2c-1.9,0-1.9,3,0,3C51.2,94.2,51.2,91.2,49.2,91.2z\"><\/path>\t<path d=\"M47.4,98.8c-1.9,0-1.9,3,0,3C49.3,101.8,49.3,98.8,47.4,98.8z\"><\/path>\t<path d=\"M45.7,106.6c-1.9,0-1.9,3,0,3C47.6,109.6,47.6,106.6,45.7,106.6z\"><\/path>\t<path d=\"M44.1,113c-1.9,0-1.9,3,0,3C46.1,116,46.1,113,44.1,113z\"><\/path>\t<path d=\"M76.4,86.1c1.9,0,1.9-3,0-3S74.5,86.1,76.4,86.1z\"><\/path>\t<path d=\"M76.6,93.8c1.9,0,1.9-3,0-3S74.7,93.8,76.6,93.8z\"><\/path>\t<path d=\"M76.8,101.6c1.9,0,1.9-3,0-3S74.9,101.6,76.8,101.6z\"><\/path>\t<path d=\"M76.8,109.3c1.9,0,1.9-3,0-3S74.9,109.3,76.8,109.3z\"><\/path>\t<path d=\"M76.9,112.9c-1.9,0-1.9,3,0,3C78.9,115.9,78.9,112.9,76.9,112.9z\"><\/path>\t<path d=\"M102.4,84.5c-1.9,0-1.9,3,0,3S104.3,84.5,102.4,84.5z\"><\/path>\t<path d=\"M104.6,91.7c-1.9,0-1.9,3,0,3C106.6,94.7,106.6,91.7,104.6,91.7z\"><\/path>\t<path d=\"M106.9,99.4c-1.9,0-1.9,3,0,3S108.9,99.4,106.9,99.4z\"><\/path>\t<path d=\"M109.3,106.8c-1.9,0-1.9,3,0,3C111.2,109.8,111.2,106.8,109.3,106.8z\"><\/path>\t<path d=\"M111.3,113.1c-1.9,0-1.9,3,0,3C113.2,116.1,113.2,113.1,111.3,113.1z\"><\/path><\/g><\/svg>\t\t\t<\/div>\n\t\t<\/div>\n\t\t\t\t\t\t<\/div>\n\t\t\t\t<\/div>\n\t\t\t\t<\/div>\n\t\t<div class=\"elementor-element elementor-element-bfd55aa e-con-full e-flex elementor-invisible e-con e-child\" data-id=\"bfd55aa\" data-element_type=\"container\" data-settings=\"{&quot;animation&quot;:&quot;fadeIn&quot;}\">\n\t\t\t\t<div class=\"elementor-element elementor-element-5bb4c27 elementor-widget elementor-widget-heading\" data-id=\"5bb4c27\" data-element_type=\"widget\" data-widget_type=\"heading.default\">\n\t\t\t\t<div class=\"elementor-widget-container\">\n\t\t\t\t\t<h2 class=\"elementor-heading-title elementor-size-default\">Our foundation<\/h2>\t\t\t\t<\/div>\n\t\t\t\t<\/div>\n\t\t\t\t<div class=\"elementor-element elementor-element-de77027 elementor-widget elementor-widget-text-editor\" data-id=\"de77027\" data-element_type=\"widget\" data-widget_type=\"text-editor.default\">\n\t\t\t\t<div class=\"elementor-widget-container\">\n\t\t\t\t\t\t\t\t\t<p class=\"p1\"><b>More than half of the world's GDP depends moderately or heavily on nature.<\/b>. However, the Global Biodiversity Framework estimates that the funding gap needed to stop biodiversity loss by 2030 is approximately US$ 700 billion per year, while in 2019, the total global flow of funds for biodiversity protection was around US$ 124 billion to US$ 143 billion.<\/p><p class=\"p1\">This funding gap cannot be covered solely by public funds, which is why businesses play a key role and must consider <b>nature as a market asset <\/b>to encourage sustainable management of natural resources and ensure their long-term availability by recognizing their importance to the economy.<\/p>\t\t\t\t\t\t\t\t<\/div>\n\t\t\t\t<\/div>\n\t\t\t\t<\/div>\n\t\t\t\t<\/div>\n\t\t\t\t<\/div>\n\t\t<div class=\"elementor-element elementor-element-f54cb20 e-flex e-con-boxed e-con e-parent\" data-id=\"f54cb20\" data-element_type=\"container\" data-settings=\"{&quot;background_background&quot;:&quot;classic&quot;}\">\n\t\t\t\t\t<div class=\"e-con-inner\">\n\t\t\t\t<div class=\"elementor-element elementor-element-12d1913 elementor-widget__width-initial elementor-widget elementor-widget-heading\" data-id=\"12d1913\" data-element_type=\"widget\" data-widget_type=\"heading.default\">\n\t\t\t\t<div class=\"elementor-widget-container\">\n\t\t\t\t\t<h4 class=\"elementor-heading-title elementor-size-default\">En el camino hacia la adopci\u00f3n de pr\u00e1cticas empresariales regenerativas, los cr\u00e9ditos de biodiversidad, bancos de conservaci\u00f3n de la naturaleza, pagos por servicios ambientales (PSA) o bonos verdes ofrecen una oportunidad interesante para proteger ecosistemas cr\u00edticos de los que dependen empresas y sociedades<\/h4>\t\t\t\t<\/div>\n\t\t\t\t<\/div>\n\t\t\t\t\t<\/div>\n\t\t\t\t<\/div>\n\t\t<div class=\"elementor-element elementor-element-cda3b5b e-flex e-con-boxed e-con e-parent\" data-id=\"cda3b5b\" data-element_type=\"container\">\n\t\t\t\t\t<div class=\"e-con-inner\">\n\t\t\t\t<div class=\"elementor-element elementor-element-0b02dcd elementor-align-left elementor-widget elementor-widget-button\" data-id=\"0b02dcd\" data-element_type=\"widget\" data-widget_type=\"button.default\">\n\t\t\t\t<div class=\"elementor-widget-container\">\n\t\t\t\t\t\t\t\t\t<div class=\"elementor-button-wrapper\">\n\t\t\t\t\t<a class=\"elementor-button elementor-button-link elementor-size-sm\" href=\"https:\/\/ecoacsa.com\/en\/servicios\/\">\n\t\t\t\t\t\t<span class=\"elementor-button-content-wrapper\">\n\t\t\t\t\t\t<span class=\"elementor-button-icon\">\n\t\t\t\t<svg aria-hidden=\"true\" class=\"e-font-icon-svg e-fas-chevron-left\" viewbox=\"0 0 320 512\" xmlns=\"http:\/\/www.w3.org\/2000\/svg\"><path d=\"M34.52 239.03L228.87 44.69c9.37-9.37 24.57-9.37 33.94 0l22.67 22.67c9.36 9.36 9.37 24.52.04 33.9L131.49 256l154.02 154.75c9.34 9.38 9.32 24.54-.04 33.9l-22.67 22.67c-9.37 9.37-24.57 9.37-33.94 0L34.52 272.97c-9.37-9.37-9.37-24.57 0-33.94z\"><\/path><\/svg>\t\t\t<\/span>\n\t\t\t\t\t\t\t\t\t<span class=\"elementor-button-text\">Previous<\/span>\n\t\t\t\t\t<\/span>\n\t\t\t\t\t<\/a>\n\t\t\t\t<\/div>\n\t\t\t\t\t\t\t\t<\/div>\n\t\t\t\t<\/div>\n\t\t\t\t\t<\/div>\n\t\t\t\t<\/div>\n\t\t\t\t<\/div>","protected":false},"excerpt":{"rendered":"<p>Mercados de la naturaleza \u00bfC\u00f3mo podemos ayudarte? Colaboramos con empresas e instituciones financieras para desbloquear la financiaci\u00f3n de resultados positivos para la naturaleza, explorando el potencial de los mercados de cr\u00e9ditos de biodiversidad, bancos de conservaci\u00f3n de la naturaleza, pagos por servicios ambientales (PSA) o bonos verdes. Nuestra base M\u00e1s de la mitad del PIB [&hellip;]<\/p>","protected":false},"author":5,"featured_media":0,"parent":0,"menu_order":0,"comment_status":"closed","ping_status":"closed","template":"","meta":{"footnotes":""},"_links":{"self":[{"href":"https:\/\/ecoacsa.com\/en\/wp-json\/wp\/v2\/pages\/1421"}],"collection":[{"href":"https:\/\/ecoacsa.com\/en\/wp-json\/wp\/v2\/pages"}],"about":[{"href":"https:\/\/ecoacsa.com\/en\/wp-json\/wp\/v2\/types\/page"}],"author":[{"embeddable":true,"href":"https:\/\/ecoacsa.com\/en\/wp-json\/wp\/v2\/users\/5"}],"replies":[{"embeddable":true,"href":"https:\/\/ecoacsa.com\/en\/wp-json\/wp\/v2\/comments?post=1421"}],"version-history":[{"count":10,"href":"https:\/\/ecoacsa.com\/en\/wp-json\/wp\/v2\/pages\/1421\/revisions"}],"predecessor-version":[{"id":2456,"href":"https:\/\/ecoacsa.com\/en\/wp-json\/wp\/v2\/pages\/1421\/revisions\/2456"}],"wp:attachment":[{"href":"https:\/\/ecoacsa.com\/en\/wp-json\/wp\/v2\/media?parent=1421"}],"curies":[{"name":"wp","href":"https:\/\/api.w.org\/{rel}","templated":true}]}}