{"id":1429,"date":"2024-02-15T17:50:35","date_gmt":"2024-02-15T16:50:35","guid":{"rendered":"https:\/\/web.ecoacsa.com\/mercados-de-la-naturaleza-copy\/"},"modified":"2025-07-30T14:28:20","modified_gmt":"2025-07-30T12:28:20","slug":"soluciones-basadas-en-la-naturaleza","status":"publish","type":"page","link":"https:\/\/ecoacsa.com\/en\/soluciones-basadas-en-la-naturaleza\/","title":{"rendered":"Nature-based Solutions"},"content":{"rendered":"<div data-elementor-type=\"wp-page\" data-elementor-id=\"1429\" class=\"elementor elementor-1429\" data-elementor-settings=\"{&quot;element_pack_global_tooltip_width&quot;:{&quot;unit&quot;:&quot;px&quot;,&quot;size&quot;:&quot;&quot;,&quot;sizes&quot;:[]},&quot;element_pack_global_tooltip_width_widescreen&quot;:{&quot;unit&quot;:&quot;px&quot;,&quot;size&quot;:&quot;&quot;,&quot;sizes&quot;:[]},&quot;element_pack_global_tooltip_width_laptop&quot;:{&quot;unit&quot;:&quot;px&quot;,&quot;size&quot;:&quot;&quot;,&quot;sizes&quot;:[]},&quot;element_pack_global_tooltip_width_tablet_extra&quot;:{&quot;unit&quot;:&quot;px&quot;,&quot;size&quot;:&quot;&quot;,&quot;sizes&quot;:[]},&quot;element_pack_global_tooltip_width_tablet&quot;:{&quot;unit&quot;:&quot;px&quot;,&quot;size&quot;:&quot;&quot;,&quot;sizes&quot;:[]},&quot;element_pack_global_tooltip_width_mobile&quot;:{&quot;unit&quot;:&quot;px&quot;,&quot;size&quot;:&quot;&quot;,&quot;sizes&quot;:[]},&quot;element_pack_global_tooltip_padding&quot;:{&quot;unit&quot;:&quot;px&quot;,&quot;top&quot;:&quot;&quot;,&quot;right&quot;:&quot;&quot;,&quot;bottom&quot;:&quot;&quot;,&quot;left&quot;:&quot;&quot;,&quot;isLinked&quot;:true},&quot;element_pack_global_tooltip_padding_widescreen&quot;:{&quot;unit&quot;:&quot;px&quot;,&quot;top&quot;:&quot;&quot;,&quot;right&quot;:&quot;&quot;,&quot;bottom&quot;:&quot;&quot;,&quot;left&quot;:&quot;&quot;,&quot;isLinked&quot;:true},&quot;element_pack_global_tooltip_padding_laptop&quot;:{&quot;unit&quot;:&quot;px&quot;,&quot;top&quot;:&quot;&quot;,&quot;right&quot;:&quot;&quot;,&quot;bottom&quot;:&quot;&quot;,&quot;left&quot;:&quot;&quot;,&quot;isLinked&quot;:true},&quot;element_pack_global_tooltip_padding_tablet_extra&quot;:{&quot;unit&quot;:&quot;px&quot;,&quot;top&quot;:&quot;&quot;,&quot;right&quot;:&quot;&quot;,&quot;bottom&quot;:&quot;&quot;,&quot;left&quot;:&quot;&quot;,&quot;isLinked&quot;:true},&quot;element_pack_global_tooltip_padding_tablet&quot;:{&quot;unit&quot;:&quot;px&quot;,&quot;top&quot;:&quot;&quot;,&quot;right&quot;:&quot;&quot;,&quot;bottom&quot;:&quot;&quot;,&quot;left&quot;:&quot;&quot;,&quot;isLinked&quot;:true},&quot;element_pack_global_tooltip_padding_mobile&quot;:{&quot;unit&quot;:&quot;px&quot;,&quot;top&quot;:&quot;&quot;,&quot;right&quot;:&quot;&quot;,&quot;bottom&quot;:&quot;&quot;,&quot;left&quot;:&quot;&quot;,&quot;isLinked&quot;:true},&quot;element_pack_global_tooltip_border_radius&quot;:{&quot;unit&quot;:&quot;px&quot;,&quot;top&quot;:&quot;&quot;,&quot;right&quot;:&quot;&quot;,&quot;bottom&quot;:&quot;&quot;,&quot;left&quot;:&quot;&quot;,&quot;isLinked&quot;:true},&quot;element_pack_global_tooltip_border_radius_widescreen&quot;:{&quot;unit&quot;:&quot;px&quot;,&quot;top&quot;:&quot;&quot;,&quot;right&quot;:&quot;&quot;,&quot;bottom&quot;:&quot;&quot;,&quot;left&quot;:&quot;&quot;,&quot;isLinked&quot;:true},&quot;element_pack_global_tooltip_border_radius_laptop&quot;:{&quot;unit&quot;:&quot;px&quot;,&quot;top&quot;:&quot;&quot;,&quot;right&quot;:&quot;&quot;,&quot;bottom&quot;:&quot;&quot;,&quot;left&quot;:&quot;&quot;,&quot;isLinked&quot;:true},&quot;element_pack_global_tooltip_border_radius_tablet_extra&quot;:{&quot;unit&quot;:&quot;px&quot;,&quot;top&quot;:&quot;&quot;,&quot;right&quot;:&quot;&quot;,&quot;bottom&quot;:&quot;&quot;,&quot;left&quot;:&quot;&quot;,&quot;isLinked&quot;:true},&quot;element_pack_global_tooltip_border_radius_tablet&quot;:{&quot;unit&quot;:&quot;px&quot;,&quot;top&quot;:&quot;&quot;,&quot;right&quot;:&quot;&quot;,&quot;bottom&quot;:&quot;&quot;,&quot;left&quot;:&quot;&quot;,&quot;isLinked&quot;:true},&quot;element_pack_global_tooltip_border_radius_mobile&quot;:{&quot;unit&quot;:&quot;px&quot;,&quot;top&quot;:&quot;&quot;,&quot;right&quot;:&quot;&quot;,&quot;bottom&quot;:&quot;&quot;,&quot;left&quot;:&quot;&quot;,&quot;isLinked&quot;:true}}\" data-elementor-post-type=\"page\">\n\t\t\t\t<div class=\"elementor-element elementor-element-5bdac15 e-flex e-con-boxed e-con e-parent\" data-id=\"5bdac15\" data-element_type=\"container\">\n\t\t\t\t\t<div class=\"e-con-inner\">\n\t\t\t\t<div class=\"elementor-element elementor-element-012cd1e elementor-widget elementor-widget-heading\" data-id=\"012cd1e\" data-element_type=\"widget\" data-widget_type=\"heading.default\">\n\t\t\t\t<div class=\"elementor-widget-container\">\n\t\t\t\t\t<h1 class=\"elementor-heading-title elementor-size-default\">Nature-based Solutions<\/h1>\t\t\t\t<\/div>\n\t\t\t\t<\/div>\n\t\t\t\t\t<\/div>\n\t\t\t\t<\/div>\n\t\t<div class=\"elementor-element elementor-element-0a8280a e-con-full e-flex e-con e-parent\" data-id=\"0a8280a\" data-element_type=\"container\" data-settings=\"{&quot;background_background&quot;:&quot;classic&quot;}\">\n\t\t<div class=\"elementor-element elementor-element-de68ef1 e-con-full e-flex e-con e-child\" data-id=\"de68ef1\" data-element_type=\"container\" data-settings=\"{&quot;background_background&quot;:&quot;classic&quot;}\">\n\t\t<div class=\"elementor-element elementor-element-c0de1c2 e-con-full e-flex elementor-invisible e-con e-child\" data-id=\"c0de1c2\" data-element_type=\"container\" data-settings=\"{&quot;animation&quot;:&quot;fadeIn&quot;}\">\n\t\t\t\t<div class=\"elementor-element elementor-element-f112a1d elementor-view-default elementor-widget elementor-widget-icon\" data-id=\"f112a1d\" data-element_type=\"widget\" data-widget_type=\"icon.default\">\n\t\t\t\t<div class=\"elementor-widget-container\">\n\t\t\t\t\t\t\t<div class=\"elementor-icon-wrapper\">\n\t\t\t<div class=\"elementor-icon\">\n\t\t\t<svg xmlns=\"http:\/\/www.w3.org\/2000\/svg\" xmlns:xlink=\"http:\/\/www.w3.org\/1999\/xlink\" id=\"Capa_1\" x=\"0px\" y=\"0px\" viewbox=\"0 0 150 150\" xml:space=\"preserve\"><g>\t<path d=\"M123.2,38.2c1.9,0,1.9-3,0-3C121.3,35.2,121.3,38.2,123.2,38.2z\"><\/path>\t<path d=\"M124.9,123.1H101V89.3c17.3-1.1,31.1-15.5,31.1-33.2c0-4.4-0.8-8.7-2.5-12.7c-0.4-1-1.6-1.5-2.6-1.1  c-1,0.4-1.5,1.6-1.1,2.6c1.5,3.5,2.2,7.3,2.2,11.2c0,15.4-12,28-27.1,29.1V75.1l19.5-17.5c0.8-0.7,0.9-2,0.1-2.8  c-0.7-0.8-2-0.9-2.8-0.1l-16.8,15v-22c0-1.1-0.9-2-2-2s-2,0.9-2,2v22.4L80.9,56c-0.8-0.7-2.1-0.6-2.8,0.2c-0.7,0.8-0.6,2.1,0.2,2.8  L97,75.4v9.9c-15.2-1-27.4-13.7-27.4-29.2c0-16.1,13.1-29.2,29.2-29.2c6.3,0,12.4,2,17.5,5.8c0.9,0.7,2.1,0.5,2.8-0.4  c0.7-0.9,0.5-2.1-0.4-2.8c-5.8-4.3-12.6-6.6-19.8-6.6c-18.3,0-33.2,14.9-33.2,33.2c0,17.7,13.9,32.2,31.4,33.2v33.8H49.4v-20  c10.9-1,19.4-10.2,19.4-21.4c0-2.8-0.5-5.6-1.6-8.2c-0.4-1-1.6-1.5-2.6-1.1S63.1,74,63.5,75c0.9,2.1,1.3,4.4,1.3,6.7  c0,8.9-6.7,16.3-15.4,17.3v-5l11.9-10.7c0.8-0.7,0.9-2,0.1-2.8c-0.7-0.8-2-0.9-2.8-0.1l-9.2,8.3V76.5c0-1.1-0.9-2-2-2s-2,0.9-2,2  v12.3l-8.8-7.7c-0.8-0.7-2.1-0.6-2.8,0.2c-0.7,0.8-0.6,2.1,0.2,2.8l11.4,10v5c-8.7-1-15.6-8.4-15.6-17.4c0-9.6,7.8-17.5,17.5-17.5  c3.8,0,7.4,1.2,10.4,3.5c0.9,0.7,2.1,0.5,2.8-0.4s0.5-2.1-0.4-2.8c-3.7-2.8-8.2-4.3-12.8-4.3c-11.8,0-21.5,9.6-21.5,21.5  c0,11.2,8.6,20.4,19.6,21.4v20H19.9c-1.1,0-2,0.9-2,2s0.9,2,2,2h105c1.1,0,2-0.9,2-2S126,123.1,124.9,123.1z\"><\/path>\t<path d=\"M98.9,43.9c1.9,0,1.9-3,0-3S97,43.9,98.9,43.9z\"><\/path>\t<path d=\"M62.5,71.2c1.9,0,1.9-3,0-3S60.6,71.2,62.5,71.2z\"><\/path><\/g><\/svg>\t\t\t<\/div>\n\t\t<\/div>\n\t\t\t\t\t\t<\/div>\n\t\t\t\t<\/div>\n\t\t\t\t<\/div>\n\t\t<div class=\"elementor-element elementor-element-d22c7e5 e-con-full e-flex elementor-invisible e-con e-child\" data-id=\"d22c7e5\" data-element_type=\"container\" data-settings=\"{&quot;animation&quot;:&quot;fadeIn&quot;}\">\n\t\t\t\t<div class=\"elementor-element elementor-element-37b493b elementor-widget elementor-widget-heading\" data-id=\"37b493b\" data-element_type=\"widget\" data-widget_type=\"heading.default\">\n\t\t\t\t<div class=\"elementor-widget-container\">\n\t\t\t\t\t<h2 class=\"elementor-heading-title elementor-size-default\">How can we help you?<\/h2>\t\t\t\t<\/div>\n\t\t\t\t<\/div>\n\t\t\t\t<div class=\"elementor-element elementor-element-ce88005 elementor-widget elementor-widget-text-editor\" data-id=\"ce88005\" data-element_type=\"widget\" data-widget_type=\"text-editor.default\">\n\t\t\t\t<div class=\"elementor-widget-container\">\n\t\t\t\t\t\t\t\t\t<p class=\"p1\">We promote nature-based solutions (NBS) which, in combination with grey infrastructure, generate <b>more efficient solutions<\/b> that help reduce costs, increase resilience to climate change, and provide additional social, environmental, and economic benefits.<\/p>\t\t\t\t\t\t\t\t<\/div>\n\t\t\t\t<\/div>\n\t\t\t\t<\/div>\n\t\t\t\t<\/div>\n\t\t<div class=\"elementor-element elementor-element-ab3205b e-con-full e-flex e-con e-child\" data-id=\"ab3205b\" data-element_type=\"container\" data-settings=\"{&quot;background_background&quot;:&quot;classic&quot;}\">\n\t\t\t\t<\/div>\n\t\t\t\t<\/div>\n\t\t<div class=\"elementor-element elementor-element-3ad4884 e-con-full e-flex e-con e-parent\" data-id=\"3ad4884\" data-element_type=\"container\" data-settings=\"{&quot;background_background&quot;:&quot;classic&quot;}\">\n\t\t<div class=\"elementor-element elementor-element-3c00c17 e-con-full e-flex e-con e-child\" data-id=\"3c00c17\" data-element_type=\"container\" data-settings=\"{&quot;background_background&quot;:&quot;classic&quot;}\">\n\t\t\t\t<\/div>\n\t\t<div class=\"elementor-element elementor-element-859a7da e-con-full e-flex e-con e-child\" data-id=\"859a7da\" data-element_type=\"container\" data-settings=\"{&quot;background_background&quot;:&quot;classic&quot;}\">\n\t\t<div class=\"elementor-element elementor-element-33bdc91 e-con-full e-flex elementor-invisible e-con e-child\" data-id=\"33bdc91\" data-element_type=\"container\" data-settings=\"{&quot;animation&quot;:&quot;fadeIn&quot;}\">\n\t\t\t\t<div class=\"elementor-element elementor-element-d99896d elementor-view-default elementor-widget elementor-widget-icon\" data-id=\"d99896d\" data-element_type=\"widget\" data-widget_type=\"icon.default\">\n\t\t\t\t<div class=\"elementor-widget-container\">\n\t\t\t\t\t\t\t<div class=\"elementor-icon-wrapper\">\n\t\t\t<div class=\"elementor-icon\">\n\t\t\t<svg xmlns=\"http:\/\/www.w3.org\/2000\/svg\" xmlns:xlink=\"http:\/\/www.w3.org\/1999\/xlink\" id=\"Capa_1\" x=\"0px\" y=\"0px\" viewbox=\"0 0 150 150\" xml:space=\"preserve\"><g>\t<path d=\"M123.2,38.2c1.9,0,1.9-3,0-3C121.3,35.2,121.3,38.2,123.2,38.2z\"><\/path>\t<path d=\"M124.9,123.1H101V89.3c17.3-1.1,31.1-15.5,31.1-33.2c0-4.4-0.8-8.7-2.5-12.7c-0.4-1-1.6-1.5-2.6-1.1  c-1,0.4-1.5,1.6-1.1,2.6c1.5,3.5,2.2,7.3,2.2,11.2c0,15.4-12,28-27.1,29.1V75.1l19.5-17.5c0.8-0.7,0.9-2,0.1-2.8  c-0.7-0.8-2-0.9-2.8-0.1l-16.8,15v-22c0-1.1-0.9-2-2-2s-2,0.9-2,2v22.4L80.9,56c-0.8-0.7-2.1-0.6-2.8,0.2c-0.7,0.8-0.6,2.1,0.2,2.8  L97,75.4v9.9c-15.2-1-27.4-13.7-27.4-29.2c0-16.1,13.1-29.2,29.2-29.2c6.3,0,12.4,2,17.5,5.8c0.9,0.7,2.1,0.5,2.8-0.4  c0.7-0.9,0.5-2.1-0.4-2.8c-5.8-4.3-12.6-6.6-19.8-6.6c-18.3,0-33.2,14.9-33.2,33.2c0,17.7,13.9,32.2,31.4,33.2v33.8H49.4v-20  c10.9-1,19.4-10.2,19.4-21.4c0-2.8-0.5-5.6-1.6-8.2c-0.4-1-1.6-1.5-2.6-1.1S63.1,74,63.5,75c0.9,2.1,1.3,4.4,1.3,6.7  c0,8.9-6.7,16.3-15.4,17.3v-5l11.9-10.7c0.8-0.7,0.9-2,0.1-2.8c-0.7-0.8-2-0.9-2.8-0.1l-9.2,8.3V76.5c0-1.1-0.9-2-2-2s-2,0.9-2,2  v12.3l-8.8-7.7c-0.8-0.7-2.1-0.6-2.8,0.2c-0.7,0.8-0.6,2.1,0.2,2.8l11.4,10v5c-8.7-1-15.6-8.4-15.6-17.4c0-9.6,7.8-17.5,17.5-17.5  c3.8,0,7.4,1.2,10.4,3.5c0.9,0.7,2.1,0.5,2.8-0.4s0.5-2.1-0.4-2.8c-3.7-2.8-8.2-4.3-12.8-4.3c-11.8,0-21.5,9.6-21.5,21.5  c0,11.2,8.6,20.4,19.6,21.4v20H19.9c-1.1,0-2,0.9-2,2s0.9,2,2,2h105c1.1,0,2-0.9,2-2S126,123.1,124.9,123.1z\"><\/path>\t<path d=\"M98.9,43.9c1.9,0,1.9-3,0-3S97,43.9,98.9,43.9z\"><\/path>\t<path d=\"M62.5,71.2c1.9,0,1.9-3,0-3S60.6,71.2,62.5,71.2z\"><\/path><\/g><\/svg>\t\t\t<\/div>\n\t\t<\/div>\n\t\t\t\t\t\t<\/div>\n\t\t\t\t<\/div>\n\t\t\t\t<\/div>\n\t\t<div class=\"elementor-element elementor-element-bfd55aa e-con-full e-flex elementor-invisible e-con e-child\" data-id=\"bfd55aa\" data-element_type=\"container\" data-settings=\"{&quot;animation&quot;:&quot;fadeIn&quot;}\">\n\t\t\t\t<div class=\"elementor-element elementor-element-5bb4c27 elementor-widget elementor-widget-heading\" data-id=\"5bb4c27\" data-element_type=\"widget\" data-widget_type=\"heading.default\">\n\t\t\t\t<div class=\"elementor-widget-container\">\n\t\t\t\t\t<h2 class=\"elementor-heading-title elementor-size-default\">Our foundation<\/h2>\t\t\t\t<\/div>\n\t\t\t\t<\/div>\n\t\t\t\t<div class=\"elementor-element elementor-element-de77027 elementor-widget elementor-widget-text-editor\" data-id=\"de77027\" data-element_type=\"widget\" data-widget_type=\"text-editor.default\">\n\t\t\t\t<div class=\"elementor-widget-container\">\n\t\t\t\t\t\t\t\t\t<p class=\"p1\">As the world seeks to accelerate <b>the transition toward nature-positive economies<\/b> to address current challenges, it is essential to tackle issues such as the climate crisis, biodiversity loss, social inequality, and increased human vulnerability from both global and local perspectives, taking into account the unique characteristics and circumstances of each territory, municipality, or neighborhood.<\/p><p class=\"p1\">In this context, <b>preserving biodiversity and investing in nature-based solutions (NBS)<\/b> can support efforts to reduce the negative effects of climate change and ecosystem decline.<\/p>\t\t\t\t\t\t\t\t<\/div>\n\t\t\t\t<\/div>\n\t\t\t\t<\/div>\n\t\t\t\t<\/div>\n\t\t\t\t<\/div>\n\t\t<div class=\"elementor-element elementor-element-f54cb20 e-flex e-con-boxed e-con e-parent\" data-id=\"f54cb20\" data-element_type=\"container\" data-settings=\"{&quot;background_background&quot;:&quot;classic&quot;}\">\n\t\t\t\t\t<div class=\"e-con-inner\">\n\t\t\t\t<div class=\"elementor-element elementor-element-12d1913 elementor-widget__width-initial elementor-widget elementor-widget-heading\" data-id=\"12d1913\" data-element_type=\"widget\" data-widget_type=\"heading.default\">\n\t\t\t\t<div class=\"elementor-widget-container\">\n\t\t\t\t\t<h4 class=\"elementor-heading-title elementor-size-default\">According to the International Union for Conservation of Nature (IUCN), nature-based solutions are defined as \u201cactions to protect, sustainably manage, and restore natural or modified ecosystems that address societal challenges effectively and adaptively, simultaneously providing human well-being and biodiversity benefits.\u201d<\/h4>\t\t\t\t<\/div>\n\t\t\t\t<\/div>\n\t\t\t\t\t<\/div>\n\t\t\t\t<\/div>\n\t\t<div class=\"elementor-element elementor-element-5702fc5 e-flex e-con-boxed e-con e-parent\" data-id=\"5702fc5\" data-element_type=\"container\">\n\t\t\t\t\t<div class=\"e-con-inner\">\n\t\t\t\t<div class=\"elementor-element elementor-element-caa646d elementor-widget__width-initial elementor-widget elementor-widget-heading\" data-id=\"caa646d\" data-element_type=\"widget\" data-widget_type=\"heading.default\">\n\t\t\t\t<div class=\"elementor-widget-container\">\n\t\t\t\t\t<h1 class=\"elementor-heading-title elementor-size-default\">TRAINING<\/h1>\t\t\t\t<\/div>\n\t\t\t\t<\/div>\n\t\t\t\t<div class=\"elementor-element elementor-element-ff7c28a elementor-widget elementor-widget-heading\" data-id=\"ff7c28a\" data-element_type=\"widget\" data-widget_type=\"heading.default\">\n\t\t\t\t<div class=\"elementor-widget-container\">\n\t\t\t\t\t<h1 class=\"elementor-heading-title elementor-size-default\">Nature Hub: Platform for the Renaturalization of Agro-livestock Ecosystems<\/h1>\t\t\t\t<\/div>\n\t\t\t\t<\/div>\n\t\t\t\t<div class=\"elementor-element elementor-element-c263f9a elementor-align-left elementor-button-info elementor-widget elementor-widget-button\" data-id=\"c263f9a\" data-element_type=\"widget\" data-widget_type=\"button.default\">\n\t\t\t\t<div class=\"elementor-widget-container\">\n\t\t\t\t\t\t\t\t\t<div class=\"elementor-button-wrapper\">\n\t\t\t\t\t<a class=\"elementor-button elementor-button-link elementor-size-sm\" href=\"https:\/\/ecoacsa.com\/en\/nature-hub-plataforma-renaturalizar-ecosistemas-ganaderos\/\" target=\"_blank\">\n\t\t\t\t\t\t<span class=\"elementor-button-content-wrapper\">\n\t\t\t\t\t\t\t\t\t<span class=\"elementor-button-text\">MORE INFORMATION<\/span>\n\t\t\t\t\t<\/span>\n\t\t\t\t\t<\/a>\n\t\t\t\t<\/div>\n\t\t\t\t\t\t\t\t<\/div>\n\t\t\t\t<\/div>\n\t\t\t\t<div class=\"elementor-element elementor-element-9a730fc elementor-widget elementor-widget-image\" data-id=\"9a730fc\" data-element_type=\"widget\" data-widget_type=\"image.default\">\n\t\t\t\t<div class=\"elementor-widget-container\">\n\t\t\t\t\t\t\t\t\t\t\t\t\t\t\t<img fetchpriority=\"high\" decoding=\"async\" width=\"1500\" height=\"75\" src=\"https:\/\/ecoacsa.com\/wp-content\/uploads\/2025\/06\/CEMAYPFFEEFBPPEmpleaverde_Color_SinBandera.png\" class=\"attachment-1536x1536 size-1536x1536 wp-image-2855\" alt=\"\" srcset=\"https:\/\/ecoacsa.com\/wp-content\/uploads\/2025\/06\/CEMAYPFFEEFBPPEmpleaverde_Color_SinBandera.png 1500w, https:\/\/ecoacsa.com\/wp-content\/uploads\/2025\/06\/CEMAYPFFEEFBPPEmpleaverde_Color_SinBandera-768x38.png 768w, https:\/\/ecoacsa.com\/wp-content\/uploads\/2025\/06\/CEMAYPFFEEFBPPEmpleaverde_Color_SinBandera-18x1.png 18w\" sizes=\"(max-width: 1500px) 100vw, 1500px\" \/>\t\t\t\t\t\t\t\t\t\t\t\t\t\t\t<\/div>\n\t\t\t\t<\/div>\n\t\t\t\t<div class=\"elementor-element elementor-element-4ddfdd4 elementor-widget elementor-widget-image\" data-id=\"4ddfdd4\" data-element_type=\"widget\" data-widget_type=\"image.default\">\n\t\t\t\t<div class=\"elementor-widget-container\">\n\t\t\t\t\t\t\t\t\t\t\t\t\t\t\t<img decoding=\"async\" width=\"746\" height=\"86\" src=\"https:\/\/ecoacsa.com\/wp-content\/uploads\/2025\/06\/faldon-socios-nature-hub.png\" class=\"attachment-large size-large wp-image-2853\" alt=\"\" srcset=\"https:\/\/ecoacsa.com\/wp-content\/uploads\/2025\/06\/faldon-socios-nature-hub.png 746w, https:\/\/ecoacsa.com\/wp-content\/uploads\/2025\/06\/faldon-socios-nature-hub-18x2.png 18w\" sizes=\"(max-width: 746px) 100vw, 746px\" \/>\t\t\t\t\t\t\t\t\t\t\t\t\t\t\t<\/div>\n\t\t\t\t<\/div>\n\t\t\t\t<div class=\"elementor-element elementor-element-be0ccba elementor-widget elementor-widget-image\" data-id=\"be0ccba\" data-element_type=\"widget\" data-widget_type=\"image.default\">\n\t\t\t\t<div class=\"elementor-widget-container\">\n\t\t\t\t\t\t\t\t\t\t\t\t\t\t\t\t<a href=\"https:\/\/ecoacsa.com\/en\/nature-hub-plataforma-renaturalizar-ecosistemas-ganaderos\/\">\n\t\t\t\t\t\t\t<img decoding=\"async\" width=\"701\" height=\"356\" src=\"https:\/\/ecoacsa.com\/wp-content\/uploads\/2025\/07\/Logo_Nature_Hub_final.png\" class=\"attachment-large size-large wp-image-3230\" alt=\"\" srcset=\"https:\/\/ecoacsa.com\/wp-content\/uploads\/2025\/07\/Logo_Nature_Hub_final.png 701w, https:\/\/ecoacsa.com\/wp-content\/uploads\/2025\/07\/Logo_Nature_Hub_final-18x9.png 18w\" sizes=\"(max-width: 701px) 100vw, 701px\" \/>\t\t\t\t\t\t\t\t<\/a>\n\t\t\t\t\t\t\t\t\t\t\t\t\t\t\t<\/div>\n\t\t\t\t<\/div>\n\t\t\t\t\t<\/div>\n\t\t\t\t<\/div>\n\t\t<div class=\"elementor-element elementor-element-cda3b5b e-flex e-con-boxed e-con e-parent\" data-id=\"cda3b5b\" data-element_type=\"container\">\n\t\t\t\t\t<div class=\"e-con-inner\">\n\t\t\t\t<div class=\"elementor-element elementor-element-0b02dcd elementor-align-left elementor-widget elementor-widget-button\" data-id=\"0b02dcd\" data-element_type=\"widget\" data-widget_type=\"button.default\">\n\t\t\t\t<div class=\"elementor-widget-container\">\n\t\t\t\t\t\t\t\t\t<div class=\"elementor-button-wrapper\">\n\t\t\t\t\t<a class=\"elementor-button elementor-button-link elementor-size-sm\" href=\"https:\/\/ecoacsa.com\/en\/servicios\/\">\n\t\t\t\t\t\t<span class=\"elementor-button-content-wrapper\">\n\t\t\t\t\t\t<span class=\"elementor-button-icon\">\n\t\t\t\t<svg aria-hidden=\"true\" class=\"e-font-icon-svg e-fas-chevron-left\" viewbox=\"0 0 320 512\" xmlns=\"http:\/\/www.w3.org\/2000\/svg\"><path d=\"M34.52 239.03L228.87 44.69c9.37-9.37 24.57-9.37 33.94 0l22.67 22.67c9.36 9.36 9.37 24.52.04 33.9L131.49 256l154.02 154.75c9.34 9.38 9.32 24.54-.04 33.9l-22.67 22.67c-9.37 9.37-24.57 9.37-33.94 0L34.52 272.97c-9.37-9.37-9.37-24.57 0-33.94z\"><\/path><\/svg>\t\t\t<\/span>\n\t\t\t\t\t\t\t\t\t<span class=\"elementor-button-text\">Previous<\/span>\n\t\t\t\t\t<\/span>\n\t\t\t\t\t<\/a>\n\t\t\t\t<\/div>\n\t\t\t\t\t\t\t\t<\/div>\n\t\t\t\t<\/div>\n\t\t\t\t\t<\/div>\n\t\t\t\t<\/div>\n\t\t\t\t<\/div>","protected":false},"excerpt":{"rendered":"<p>Soluciones basadas en la naturaleza \u00bfC\u00f3mo podemos ayudarte? Impulsamos las soluciones basadas en la naturaleza (SBN) que, en combinaci\u00f3n con infraestructuras grises, generan soluciones m\u00e1s eficientes que ayudan a reducir costes, aumentar la resiliencia frente al cambio clim\u00e1tico y proveer beneficios sociales, ambientales y econ\u00f3micos adicionales. Nuestra base A medida que el mundo busca acelerar [&hellip;]<\/p>","protected":false},"author":5,"featured_media":0,"parent":0,"menu_order":0,"comment_status":"closed","ping_status":"closed","template":"","meta":{"_monsterinsights_skip_tracking":false,"_monsterinsights_sitenote_active":false,"_monsterinsights_sitenote_note":"","_monsterinsights_sitenote_category":0,"footnotes":""},"_links":{"self":[{"href":"https:\/\/ecoacsa.com\/en\/wp-json\/wp\/v2\/pages\/1429"}],"collection":[{"href":"https:\/\/ecoacsa.com\/en\/wp-json\/wp\/v2\/pages"}],"about":[{"href":"https:\/\/ecoacsa.com\/en\/wp-json\/wp\/v2\/types\/page"}],"author":[{"embeddable":true,"href":"https:\/\/ecoacsa.com\/en\/wp-json\/wp\/v2\/users\/5"}],"replies":[{"embeddable":true,"href":"https:\/\/ecoacsa.com\/en\/wp-json\/wp\/v2\/comments?post=1429"}],"version-history":[{"count":47,"href":"https:\/\/ecoacsa.com\/en\/wp-json\/wp\/v2\/pages\/1429\/revisions"}],"predecessor-version":[{"id":3242,"href":"https:\/\/ecoacsa.com\/en\/wp-json\/wp\/v2\/pages\/1429\/revisions\/3242"}],"wp:attachment":[{"href":"https:\/\/ecoacsa.com\/en\/wp-json\/wp\/v2\/media?parent=1429"}],"curies":[{"name":"wp","href":"https:\/\/api.w.org\/{rel}","templated":true}]}}