{"id":1457,"date":"2024-02-19T20:54:10","date_gmt":"2024-02-19T19:54:10","guid":{"rendered":"https:\/\/web.ecoacsa.com\/?page_id=1457"},"modified":"2024-10-10T16:52:30","modified_gmt":"2024-10-10T14:52:30","slug":"contabilidad-de-la-naturaleza","status":"publish","type":"page","link":"https:\/\/ecoacsa.com\/en\/contabilidad-de-la-naturaleza\/","title":{"rendered":"Nature accounting"},"content":{"rendered":"<div data-elementor-type=\"wp-page\" data-elementor-id=\"1457\" class=\"elementor elementor-1457\" data-elementor-settings=\"{&quot;element_pack_global_tooltip_width&quot;:{&quot;unit&quot;:&quot;px&quot;,&quot;size&quot;:&quot;&quot;,&quot;sizes&quot;:[]},&quot;element_pack_global_tooltip_width_widescreen&quot;:{&quot;unit&quot;:&quot;px&quot;,&quot;size&quot;:&quot;&quot;,&quot;sizes&quot;:[]},&quot;element_pack_global_tooltip_width_laptop&quot;:{&quot;unit&quot;:&quot;px&quot;,&quot;size&quot;:&quot;&quot;,&quot;sizes&quot;:[]},&quot;element_pack_global_tooltip_width_tablet_extra&quot;:{&quot;unit&quot;:&quot;px&quot;,&quot;size&quot;:&quot;&quot;,&quot;sizes&quot;:[]},&quot;element_pack_global_tooltip_width_tablet&quot;:{&quot;unit&quot;:&quot;px&quot;,&quot;size&quot;:&quot;&quot;,&quot;sizes&quot;:[]},&quot;element_pack_global_tooltip_width_mobile&quot;:{&quot;unit&quot;:&quot;px&quot;,&quot;size&quot;:&quot;&quot;,&quot;sizes&quot;:[]},&quot;element_pack_global_tooltip_padding&quot;:{&quot;unit&quot;:&quot;px&quot;,&quot;top&quot;:&quot;&quot;,&quot;right&quot;:&quot;&quot;,&quot;bottom&quot;:&quot;&quot;,&quot;left&quot;:&quot;&quot;,&quot;isLinked&quot;:true},&quot;element_pack_global_tooltip_padding_widescreen&quot;:{&quot;unit&quot;:&quot;px&quot;,&quot;top&quot;:&quot;&quot;,&quot;right&quot;:&quot;&quot;,&quot;bottom&quot;:&quot;&quot;,&quot;left&quot;:&quot;&quot;,&quot;isLinked&quot;:true},&quot;element_pack_global_tooltip_padding_laptop&quot;:{&quot;unit&quot;:&quot;px&quot;,&quot;top&quot;:&quot;&quot;,&quot;right&quot;:&quot;&quot;,&quot;bottom&quot;:&quot;&quot;,&quot;left&quot;:&quot;&quot;,&quot;isLinked&quot;:true},&quot;element_pack_global_tooltip_padding_tablet_extra&quot;:{&quot;unit&quot;:&quot;px&quot;,&quot;top&quot;:&quot;&quot;,&quot;right&quot;:&quot;&quot;,&quot;bottom&quot;:&quot;&quot;,&quot;left&quot;:&quot;&quot;,&quot;isLinked&quot;:true},&quot;element_pack_global_tooltip_padding_tablet&quot;:{&quot;unit&quot;:&quot;px&quot;,&quot;top&quot;:&quot;&quot;,&quot;right&quot;:&quot;&quot;,&quot;bottom&quot;:&quot;&quot;,&quot;left&quot;:&quot;&quot;,&quot;isLinked&quot;:true},&quot;element_pack_global_tooltip_padding_mobile&quot;:{&quot;unit&quot;:&quot;px&quot;,&quot;top&quot;:&quot;&quot;,&quot;right&quot;:&quot;&quot;,&quot;bottom&quot;:&quot;&quot;,&quot;left&quot;:&quot;&quot;,&quot;isLinked&quot;:true},&quot;element_pack_global_tooltip_border_radius&quot;:{&quot;unit&quot;:&quot;px&quot;,&quot;top&quot;:&quot;&quot;,&quot;right&quot;:&quot;&quot;,&quot;bottom&quot;:&quot;&quot;,&quot;left&quot;:&quot;&quot;,&quot;isLinked&quot;:true},&quot;element_pack_global_tooltip_border_radius_widescreen&quot;:{&quot;unit&quot;:&quot;px&quot;,&quot;top&quot;:&quot;&quot;,&quot;right&quot;:&quot;&quot;,&quot;bottom&quot;:&quot;&quot;,&quot;left&quot;:&quot;&quot;,&quot;isLinked&quot;:true},&quot;element_pack_global_tooltip_border_radius_laptop&quot;:{&quot;unit&quot;:&quot;px&quot;,&quot;top&quot;:&quot;&quot;,&quot;right&quot;:&quot;&quot;,&quot;bottom&quot;:&quot;&quot;,&quot;left&quot;:&quot;&quot;,&quot;isLinked&quot;:true},&quot;element_pack_global_tooltip_border_radius_tablet_extra&quot;:{&quot;unit&quot;:&quot;px&quot;,&quot;top&quot;:&quot;&quot;,&quot;right&quot;:&quot;&quot;,&quot;bottom&quot;:&quot;&quot;,&quot;left&quot;:&quot;&quot;,&quot;isLinked&quot;:true},&quot;element_pack_global_tooltip_border_radius_tablet&quot;:{&quot;unit&quot;:&quot;px&quot;,&quot;top&quot;:&quot;&quot;,&quot;right&quot;:&quot;&quot;,&quot;bottom&quot;:&quot;&quot;,&quot;left&quot;:&quot;&quot;,&quot;isLinked&quot;:true},&quot;element_pack_global_tooltip_border_radius_mobile&quot;:{&quot;unit&quot;:&quot;px&quot;,&quot;top&quot;:&quot;&quot;,&quot;right&quot;:&quot;&quot;,&quot;bottom&quot;:&quot;&quot;,&quot;left&quot;:&quot;&quot;,&quot;isLinked&quot;:true}}\" data-elementor-post-type=\"page\">\n\t\t\t\t<div class=\"elementor-element elementor-element-ca460f8 e-flex e-con-boxed e-con e-parent\" data-id=\"ca460f8\" data-element_type=\"container\">\n\t\t\t\t\t<div class=\"e-con-inner\">\n\t\t\t\t<div class=\"elementor-element elementor-element-07dbae5 elementor-widget elementor-widget-heading\" data-id=\"07dbae5\" data-element_type=\"widget\" data-widget_type=\"heading.default\">\n\t\t\t\t<div class=\"elementor-widget-container\">\n\t\t\t\t\t<h1 class=\"elementor-heading-title elementor-size-default\">Nature accounting<\/h1>\t\t\t\t<\/div>\n\t\t\t\t<\/div>\n\t\t\t\t\t<\/div>\n\t\t\t\t<\/div>\n\t\t<div class=\"elementor-element elementor-element-a62b813 e-con-full e-flex e-con e-parent\" data-id=\"a62b813\" data-element_type=\"container\" data-settings=\"{&quot;background_background&quot;:&quot;classic&quot;}\">\n\t\t<div class=\"elementor-element elementor-element-c57684b e-con-full e-flex e-con e-child\" data-id=\"c57684b\" data-element_type=\"container\" data-settings=\"{&quot;background_background&quot;:&quot;classic&quot;}\">\n\t\t<div class=\"elementor-element elementor-element-69c0581 e-con-full e-flex elementor-invisible e-con e-child\" data-id=\"69c0581\" data-element_type=\"container\" data-settings=\"{&quot;animation&quot;:&quot;fadeIn&quot;}\">\n\t\t\t\t<div class=\"elementor-element elementor-element-a4cf601 elementor-view-default elementor-widget elementor-widget-icon\" data-id=\"a4cf601\" data-element_type=\"widget\" data-widget_type=\"icon.default\">\n\t\t\t\t<div class=\"elementor-widget-container\">\n\t\t\t\t\t\t\t<div class=\"elementor-icon-wrapper\">\n\t\t\t<div class=\"elementor-icon\">\n\t\t\t<svg xmlns=\"http:\/\/www.w3.org\/2000\/svg\" xmlns:xlink=\"http:\/\/www.w3.org\/1999\/xlink\" id=\"Capa_1\" x=\"0px\" y=\"0px\" viewbox=\"0 0 150 150\" xml:space=\"preserve\"><g>\t<path d=\"M138.6,75c-0.2-1-0.8-1.6-1.3-2c-3.5-2.9-8.6-3.2-15.3-0.8c-7.1,2.5-13.8,6.1-19.8,10.7l-1.5,1.1c-2.3-2.1-5.3-3.6-8.8-4.5  c-0.8-0.2-1.6-0.3-2.3-0.4c0.1-0.5,0.1-0.9,0.2-1.4c0.8-0.1,1.5-0.2,2.3-0.3c1.8-0.2,3.7-0.4,5.6-1c5.8-1.7,10.8-6.7,13.1-13.1  c1.9-5.4,2-11.7,0.1-18.2c-0.3-1.2-0.7-2.3-1.1-3.4c-1.1-3.4-2.2-6.6-1.8-9.8c0.1-1.1-0.6-2.1-1.7-2.2c-0.7-0.1-1.4,0.2-1.8,0.8  C93.9,33.2,84,41.7,80.6,51.1c-1.6,4.5-2.1,9.1-1.3,13.3c0.9,4.6,3.3,8.8,6.7,11.4c-0.1,1-0.3,2-0.4,3c-1.1,0-2.2,0-3.3,0  c-0.7-4-2.5-7.5-4.4-10.3c0.1-0.1,0.1-0.3,0.1-0.4c1.2-5.3,0.3-11.1-2.4-15.8c-2.5-4.4-6.4-7.6-10.2-10.7  c-3.9-3.3-7.6-6.3-9.7-10.5c-0.3-0.7-1-1.1-1.7-1.1c-0.8,0-1.4,0.4-1.8,1C50,34.8,48,38.3,47,42.3c-2.1,8,0.2,17,5.9,22.8  c4.3,4.5,10.5,7,16.7,7c1.8,0,3.7-0.2,5.4-0.7c1.8,2.8,2.9,5.3,3.4,7.7c-0.3,0-0.6,0.1-0.9,0.1l-1.8,0.2c-4,0.4-7.9,0.8-11.7,0.4  c-2.3-0.2-4.6-0.7-7-1.3c-0.7-0.2-1.5-0.3-2.2-0.5c-4.1-0.9-9.5-1.8-14.8-0.7c-5.5,1.1-11,4.2-15.8,9.1c-3.5,3.5-6.3,7.6-8.8,11.4  c-0.6,0.9-0.4,2.2,0.6,2.8c0.9,0.6,2.2,0.4,2.8-0.6c2.4-3.7,5.1-7.5,8.3-10.8c3-3,7.7-6.9,13.7-8C45.4,80.3,50,81,54,81.9  c0.7,0.2,1.5,0.3,2.2,0.5c2.4,0.5,4.9,1.1,7.4,1.4c4.2,0.4,8.4,0,12.5-0.4l1.7-0.2c4.1-0.4,8.8-0.7,13.1,0.3c4.3,1,7.7,3.4,9.4,6.4  C94.7,92,89,94.3,83,94.9c-2.6,0.3-5.2,0.3-8,0.3c-1.7,0-3.4,0-5.2,0c-5.9,0.2-10.3,1.4-13.8,3.6c-0.9,0.6-1.2,1.8-0.6,2.8  c0.4,0.6,1,0.9,1.7,0.9c0.4,0,0.7-0.1,1.1-0.3c2.9-1.8,6.6-2.8,11.8-3c1.7-0.1,3.4-0.1,5,0c2.8,0,5.6,0,8.5-0.3  c6.5-0.7,12.5-3,18.3-5.3c0.6-0.2,2.4-0.9,2.7-2.8c0.2-1-0.2-1.8-0.5-2.4c-0.2-0.5-0.5-0.9-0.8-1.4l1.2-0.9  c5.7-4.4,12-7.8,18.8-10.2c4.8-1.7,8.5-1.8,10.8-0.3c-13.3,12-28.2,22.4-44,30.8c-2.8,1.5-5.8,3-8.9,3.8c-3.1,0.7-6.4,0.7-9.5,0.6  c-1.7-0.1-3.4-0.2-5.1-0.3c-4.2-0.3-8.5-0.6-12.9-0.3c-7.3,0.5-13.3,2.9-17.5,6.8c-0.8,0.8-0.9,2-0.1,2.8c0.4,0.4,0.9,0.6,1.5,0.6  c0.5,0,1-0.2,1.4-0.5c4.4-4.1,10.7-5.4,15.1-5.7c4-0.3,8.2,0,12.3,0.3c1.7,0.1,3.5,0.2,5.2,0.3c3.2,0.2,7,0.2,10.6-0.7  c3.6-0.9,6.8-2.5,9.9-4.1c16.2-8.7,31.4-19.2,45.2-31.5C138.4,77.4,138.8,76.2,138.6,75z M82.4,63.8c-0.7-3.6-0.2-7.6,1.2-11.6  c2.9-8.1,11.3-15.5,20.4-18.4c0.1,3.1,1.1,6.2,2,9.1c0.4,1.1,0.7,2.2,1,3.3c1.1,4,2,10,0,15.8c-1.8,5.1-5.8,9.2-10.4,10.5  c-1.5,0.5-3.2,0.6-4.9,0.8c-0.4,0-0.8,0.1-1.2,0.1c0.9-4.8,2.1-9.5,3.7-14.1c0.4-1-0.2-2.2-1.2-2.5c-1-0.4-2.2,0.2-2.5,1.2  c-1.6,4.6-2.8,9.2-3.7,14C84.5,70,83,67.1,82.4,63.8z M55.7,62.3c-4.7-4.9-6.6-12.3-4.9-19c0.7-2.5,1.8-4.9,3.1-7.3  c2.4,3.4,5.7,6.1,8.9,8.8c3.6,3,7.1,5.9,9.3,9.6c1.7,2.9,2.5,6.3,2.4,9.7c-4.1-5-8.8-9.4-14.1-13.2c-0.9-0.6-2.2-0.4-2.8,0.5  s-0.4,2.2,0.5,2.8c5.4,3.8,10.2,8.4,14.3,13.7C66.5,68.8,60,66.7,55.7,62.3z\"><\/path>\t<path d=\"M13.3,103.4c-1.9,0-1.9,3,0,3C15.3,106.4,15.3,103.4,13.3,103.4z\"><\/path>\t<path d=\"M94.9,54c1.9,0,1.9-3,0-3S93,54,94.9,54z\"><\/path><\/g><\/svg>\t\t\t<\/div>\n\t\t<\/div>\n\t\t\t\t\t\t<\/div>\n\t\t\t\t<\/div>\n\t\t\t\t<\/div>\n\t\t<div class=\"elementor-element elementor-element-8db45e8 e-con-full e-flex elementor-invisible e-con e-child\" data-id=\"8db45e8\" data-element_type=\"container\" data-settings=\"{&quot;animation&quot;:&quot;fadeIn&quot;}\">\n\t\t\t\t<div class=\"elementor-element elementor-element-4506c8d elementor-widget elementor-widget-heading\" data-id=\"4506c8d\" data-element_type=\"widget\" data-widget_type=\"heading.default\">\n\t\t\t\t<div class=\"elementor-widget-container\">\n\t\t\t\t\t<h2 class=\"elementor-heading-title elementor-size-default\">How can we help you?<\/h2>\t\t\t\t<\/div>\n\t\t\t\t<\/div>\n\t\t\t\t<div class=\"elementor-element elementor-element-059acd9 elementor-widget elementor-widget-text-editor\" data-id=\"059acd9\" data-element_type=\"widget\" data-widget_type=\"text-editor.default\">\n\t\t\t\t<div class=\"elementor-widget-container\">\n\t\t\t\t\t\t\t\t\t<p class=\"p1\">We offer digital tools for developing <b>natural capital accounting for cities, oceans, forests, and restored ecosystems<\/b>, enabling the measurement of changes in the extent and condition of ecosystems at various scales, and integrating the value of ecosystem services into accounting and reporting systems.<\/p>\t\t\t\t\t\t\t\t<\/div>\n\t\t\t\t<\/div>\n\t\t\t\t<\/div>\n\t\t\t\t<\/div>\n\t\t<div class=\"elementor-element elementor-element-0a16a29 e-con-full e-flex e-con e-child\" data-id=\"0a16a29\" data-element_type=\"container\" data-settings=\"{&quot;background_background&quot;:&quot;classic&quot;}\">\n\t\t\t\t<\/div>\n\t\t\t\t<\/div>\n\t\t<div class=\"elementor-element elementor-element-6361f0d e-con-full e-flex e-con e-parent\" data-id=\"6361f0d\" data-element_type=\"container\" data-settings=\"{&quot;background_background&quot;:&quot;classic&quot;}\">\n\t\t<div class=\"elementor-element elementor-element-01c863c e-con-full e-flex e-con e-child\" data-id=\"01c863c\" data-element_type=\"container\" data-settings=\"{&quot;background_background&quot;:&quot;classic&quot;}\">\n\t\t\t\t<\/div>\n\t\t<div class=\"elementor-element elementor-element-727a1e2 e-con-full e-flex e-con e-child\" data-id=\"727a1e2\" data-element_type=\"container\" data-settings=\"{&quot;background_background&quot;:&quot;classic&quot;}\">\n\t\t<div class=\"elementor-element elementor-element-37a7688 e-con-full e-flex elementor-invisible e-con e-child\" data-id=\"37a7688\" data-element_type=\"container\" data-settings=\"{&quot;animation&quot;:&quot;fadeIn&quot;}\">\n\t\t\t\t<div class=\"elementor-element elementor-element-d0857b2 elementor-view-default elementor-widget elementor-widget-icon\" data-id=\"d0857b2\" data-element_type=\"widget\" data-widget_type=\"icon.default\">\n\t\t\t\t<div class=\"elementor-widget-container\">\n\t\t\t\t\t\t\t<div class=\"elementor-icon-wrapper\">\n\t\t\t<div class=\"elementor-icon\">\n\t\t\t<svg xmlns=\"http:\/\/www.w3.org\/2000\/svg\" xmlns:xlink=\"http:\/\/www.w3.org\/1999\/xlink\" id=\"Capa_1\" x=\"0px\" y=\"0px\" viewbox=\"0 0 150 150\" xml:space=\"preserve\"><g>\t<path d=\"M138.6,75c-0.2-1-0.8-1.6-1.3-2c-3.5-2.9-8.6-3.2-15.3-0.8c-7.1,2.5-13.8,6.1-19.8,10.7l-1.5,1.1c-2.3-2.1-5.3-3.6-8.8-4.5  c-0.8-0.2-1.6-0.3-2.3-0.4c0.1-0.5,0.1-0.9,0.2-1.4c0.8-0.1,1.5-0.2,2.3-0.3c1.8-0.2,3.7-0.4,5.6-1c5.8-1.7,10.8-6.7,13.1-13.1  c1.9-5.4,2-11.7,0.1-18.2c-0.3-1.2-0.7-2.3-1.1-3.4c-1.1-3.4-2.2-6.6-1.8-9.8c0.1-1.1-0.6-2.1-1.7-2.2c-0.7-0.1-1.4,0.2-1.8,0.8  C93.9,33.2,84,41.7,80.6,51.1c-1.6,4.5-2.1,9.1-1.3,13.3c0.9,4.6,3.3,8.8,6.7,11.4c-0.1,1-0.3,2-0.4,3c-1.1,0-2.2,0-3.3,0  c-0.7-4-2.5-7.5-4.4-10.3c0.1-0.1,0.1-0.3,0.1-0.4c1.2-5.3,0.3-11.1-2.4-15.8c-2.5-4.4-6.4-7.6-10.2-10.7  c-3.9-3.3-7.6-6.3-9.7-10.5c-0.3-0.7-1-1.1-1.7-1.1c-0.8,0-1.4,0.4-1.8,1C50,34.8,48,38.3,47,42.3c-2.1,8,0.2,17,5.9,22.8  c4.3,4.5,10.5,7,16.7,7c1.8,0,3.7-0.2,5.4-0.7c1.8,2.8,2.9,5.3,3.4,7.7c-0.3,0-0.6,0.1-0.9,0.1l-1.8,0.2c-4,0.4-7.9,0.8-11.7,0.4  c-2.3-0.2-4.6-0.7-7-1.3c-0.7-0.2-1.5-0.3-2.2-0.5c-4.1-0.9-9.5-1.8-14.8-0.7c-5.5,1.1-11,4.2-15.8,9.1c-3.5,3.5-6.3,7.6-8.8,11.4  c-0.6,0.9-0.4,2.2,0.6,2.8c0.9,0.6,2.2,0.4,2.8-0.6c2.4-3.7,5.1-7.5,8.3-10.8c3-3,7.7-6.9,13.7-8C45.4,80.3,50,81,54,81.9  c0.7,0.2,1.5,0.3,2.2,0.5c2.4,0.5,4.9,1.1,7.4,1.4c4.2,0.4,8.4,0,12.5-0.4l1.7-0.2c4.1-0.4,8.8-0.7,13.1,0.3c4.3,1,7.7,3.4,9.4,6.4  C94.7,92,89,94.3,83,94.9c-2.6,0.3-5.2,0.3-8,0.3c-1.7,0-3.4,0-5.2,0c-5.9,0.2-10.3,1.4-13.8,3.6c-0.9,0.6-1.2,1.8-0.6,2.8  c0.4,0.6,1,0.9,1.7,0.9c0.4,0,0.7-0.1,1.1-0.3c2.9-1.8,6.6-2.8,11.8-3c1.7-0.1,3.4-0.1,5,0c2.8,0,5.6,0,8.5-0.3  c6.5-0.7,12.5-3,18.3-5.3c0.6-0.2,2.4-0.9,2.7-2.8c0.2-1-0.2-1.8-0.5-2.4c-0.2-0.5-0.5-0.9-0.8-1.4l1.2-0.9  c5.7-4.4,12-7.8,18.8-10.2c4.8-1.7,8.5-1.8,10.8-0.3c-13.3,12-28.2,22.4-44,30.8c-2.8,1.5-5.8,3-8.9,3.8c-3.1,0.7-6.4,0.7-9.5,0.6  c-1.7-0.1-3.4-0.2-5.1-0.3c-4.2-0.3-8.5-0.6-12.9-0.3c-7.3,0.5-13.3,2.9-17.5,6.8c-0.8,0.8-0.9,2-0.1,2.8c0.4,0.4,0.9,0.6,1.5,0.6  c0.5,0,1-0.2,1.4-0.5c4.4-4.1,10.7-5.4,15.1-5.7c4-0.3,8.2,0,12.3,0.3c1.7,0.1,3.5,0.2,5.2,0.3c3.2,0.2,7,0.2,10.6-0.7  c3.6-0.9,6.8-2.5,9.9-4.1c16.2-8.7,31.4-19.2,45.2-31.5C138.4,77.4,138.8,76.2,138.6,75z M82.4,63.8c-0.7-3.6-0.2-7.6,1.2-11.6  c2.9-8.1,11.3-15.5,20.4-18.4c0.1,3.1,1.1,6.2,2,9.1c0.4,1.1,0.7,2.2,1,3.3c1.1,4,2,10,0,15.8c-1.8,5.1-5.8,9.2-10.4,10.5  c-1.5,0.5-3.2,0.6-4.9,0.8c-0.4,0-0.8,0.1-1.2,0.1c0.9-4.8,2.1-9.5,3.7-14.1c0.4-1-0.2-2.2-1.2-2.5c-1-0.4-2.2,0.2-2.5,1.2  c-1.6,4.6-2.8,9.2-3.7,14C84.5,70,83,67.1,82.4,63.8z M55.7,62.3c-4.7-4.9-6.6-12.3-4.9-19c0.7-2.5,1.8-4.9,3.1-7.3  c2.4,3.4,5.7,6.1,8.9,8.8c3.6,3,7.1,5.9,9.3,9.6c1.7,2.9,2.5,6.3,2.4,9.7c-4.1-5-8.8-9.4-14.1-13.2c-0.9-0.6-2.2-0.4-2.8,0.5  s-0.4,2.2,0.5,2.8c5.4,3.8,10.2,8.4,14.3,13.7C66.5,68.8,60,66.7,55.7,62.3z\"><\/path>\t<path d=\"M13.3,103.4c-1.9,0-1.9,3,0,3C15.3,106.4,15.3,103.4,13.3,103.4z\"><\/path>\t<path d=\"M94.9,54c1.9,0,1.9-3,0-3S93,54,94.9,54z\"><\/path><\/g><\/svg>\t\t\t<\/div>\n\t\t<\/div>\n\t\t\t\t\t\t<\/div>\n\t\t\t\t<\/div>\n\t\t\t\t<\/div>\n\t\t<div class=\"elementor-element elementor-element-44690d4 e-con-full e-flex elementor-invisible e-con e-child\" data-id=\"44690d4\" data-element_type=\"container\" data-settings=\"{&quot;animation&quot;:&quot;fadeIn&quot;}\">\n\t\t\t\t<div class=\"elementor-element elementor-element-31fddd4 elementor-widget elementor-widget-heading\" data-id=\"31fddd4\" data-element_type=\"widget\" data-widget_type=\"heading.default\">\n\t\t\t\t<div class=\"elementor-widget-container\">\n\t\t\t\t\t<h2 class=\"elementor-heading-title elementor-size-default\">Our foundation<\/h2>\t\t\t\t<\/div>\n\t\t\t\t<\/div>\n\t\t\t\t<div class=\"elementor-element elementor-element-93866fc elementor-widget elementor-widget-text-editor\" data-id=\"93866fc\" data-element_type=\"widget\" data-widget_type=\"text-editor.default\">\n\t\t\t\t<div class=\"elementor-widget-container\">\n\t\t\t\t\t\t\t\t\t<p class=\"p1\">Companies, financial entities, and investors impact and depend on nature, but often the financial accounts of companies overlook the value of their <b>contribution to economic prosperity and the development<\/b> of nature's goods and services.<\/p><p class=\"p1\">Sin embargo, tanto el sector privado como los organismos supervisores y reguladores son cada vez m\u00e1s conscientes de los riesgos que la p\u00e9rdida de naturaleza plantea, no solo en t\u00e9rminos de disponibilidad de recursos, volatilidad de precios y menores niveles de productividad, sino <b>also for the stability of the financial system as a whole.<\/b>. Despite this awakening, these risks are still not well understood and are often invisible or inadequately valued.<\/p>\t\t\t\t\t\t\t\t<\/div>\n\t\t\t\t<\/div>\n\t\t\t\t<\/div>\n\t\t\t\t<\/div>\n\t\t\t\t<\/div>\n\t\t<div class=\"elementor-element elementor-element-3b88568 e-flex e-con-boxed e-con e-parent\" data-id=\"3b88568\" data-element_type=\"container\" data-settings=\"{&quot;background_background&quot;:&quot;classic&quot;}\">\n\t\t\t\t\t<div class=\"e-con-inner\">\n\t\t\t\t<div class=\"elementor-element elementor-element-cbcc001 elementor-widget__width-initial elementor-widget elementor-widget-heading\" data-id=\"cbcc001\" data-element_type=\"widget\" data-widget_type=\"heading.default\">\n\t\t\t\t<div class=\"elementor-widget-container\">\n\t\t\t\t\t<h4 class=\"elementor-heading-title elementor-size-default\">La contabilidad del capital natural permite poner en valor los beneficios que ofrece cualquier ecosistema (terrestre o marino). Es un enfoque contable que facilita la medici\u00f3n y an\u00e1lisis de datos econ\u00f3micos, ambientales y sociales sobre los impactos y dependencias de la naturaleza, present\u00e1ndolos de forma comprensible para quienes toman decisiones y poder informar sobre el desempe\u00f1o ambiental a los grupos de inter\u00e9s<\/h4>\t\t\t\t<\/div>\n\t\t\t\t<\/div>\n\t\t\t\t\t<\/div>\n\t\t\t\t<\/div>\n\t\t<div class=\"elementor-element elementor-element-a0d5d69 e-flex e-con-boxed e-con e-parent\" data-id=\"a0d5d69\" data-element_type=\"container\">\n\t\t\t\t\t<div class=\"e-con-inner\">\n\t\t\t\t<div class=\"elementor-element elementor-element-996bcc1 elementor-align-left elementor-widget elementor-widget-button\" data-id=\"996bcc1\" data-element_type=\"widget\" data-widget_type=\"button.default\">\n\t\t\t\t<div class=\"elementor-widget-container\">\n\t\t\t\t\t\t\t\t\t<div class=\"elementor-button-wrapper\">\n\t\t\t\t\t<a class=\"elementor-button elementor-button-link elementor-size-sm\" href=\"https:\/\/ecoacsa.com\/en\/servicios\/\">\n\t\t\t\t\t\t<span class=\"elementor-button-content-wrapper\">\n\t\t\t\t\t\t<span class=\"elementor-button-icon\">\n\t\t\t\t<svg aria-hidden=\"true\" class=\"e-font-icon-svg e-fas-chevron-left\" viewbox=\"0 0 320 512\" xmlns=\"http:\/\/www.w3.org\/2000\/svg\"><path d=\"M34.52 239.03L228.87 44.69c9.37-9.37 24.57-9.37 33.94 0l22.67 22.67c9.36 9.36 9.37 24.52.04 33.9L131.49 256l154.02 154.75c9.34 9.38 9.32 24.54-.04 33.9l-22.67 22.67c-9.37 9.37-24.57 9.37-33.94 0L34.52 272.97c-9.37-9.37-9.37-24.57 0-33.94z\"><\/path><\/svg>\t\t\t<\/span>\n\t\t\t\t\t\t\t\t\t<span class=\"elementor-button-text\">Previous<\/span>\n\t\t\t\t\t<\/span>\n\t\t\t\t\t<\/a>\n\t\t\t\t<\/div>\n\t\t\t\t\t\t\t\t<\/div>\n\t\t\t\t<\/div>\n\t\t\t\t\t<\/div>\n\t\t\t\t<\/div>\n\t\t\t\t<\/div>","protected":false},"excerpt":{"rendered":"<p>Contabilidad de la naturaleza \u00bfC\u00f3mo podemos ayudarte? Ofrecemos herramientas digitales para el desarrollo de una contabilidad de capital natural para ciudades, oc\u00e9anos, bosques y ecosistemas restaurados, permitiendo medir los cambios en la extensi\u00f3n y condici\u00f3n de los ecosistemas en una variedad de escalas, e integrar el valor de los servicios ecosist\u00e9micos en los sistemas contables [&hellip;]<\/p>","protected":false},"author":5,"featured_media":0,"parent":0,"menu_order":0,"comment_status":"closed","ping_status":"closed","template":"","meta":{"footnotes":""},"_links":{"self":[{"href":"https:\/\/ecoacsa.com\/en\/wp-json\/wp\/v2\/pages\/1457"}],"collection":[{"href":"https:\/\/ecoacsa.com\/en\/wp-json\/wp\/v2\/pages"}],"about":[{"href":"https:\/\/ecoacsa.com\/en\/wp-json\/wp\/v2\/types\/page"}],"author":[{"embeddable":true,"href":"https:\/\/ecoacsa.com\/en\/wp-json\/wp\/v2\/users\/5"}],"replies":[{"embeddable":true,"href":"https:\/\/ecoacsa.com\/en\/wp-json\/wp\/v2\/comments?post=1457"}],"version-history":[{"count":10,"href":"https:\/\/ecoacsa.com\/en\/wp-json\/wp\/v2\/pages\/1457\/revisions"}],"predecessor-version":[{"id":2408,"href":"https:\/\/ecoacsa.com\/en\/wp-json\/wp\/v2\/pages\/1457\/revisions\/2408"}],"wp:attachment":[{"href":"https:\/\/ecoacsa.com\/en\/wp-json\/wp\/v2\/media?parent=1457"}],"curies":[{"name":"wp","href":"https:\/\/api.w.org\/{rel}","templated":true}]}}