{"id":1471,"date":"2024-02-19T21:50:43","date_gmt":"2024-02-19T20:50:43","guid":{"rendered":"https:\/\/web.ecoacsa.com\/?page_id=1471"},"modified":"2024-02-19T21:56:07","modified_gmt":"2024-02-19T20:56:07","slug":"red-de-la-naturaleza","status":"publish","type":"page","link":"https:\/\/ecoacsa.com\/en\/red-de-la-naturaleza\/","title":{"rendered":"Red de la naturaleza"},"content":{"rendered":"<div data-elementor-type=\"wp-page\" data-elementor-id=\"1471\" class=\"elementor elementor-1471\" data-elementor-settings=\"{&quot;element_pack_global_tooltip_width&quot;:{&quot;unit&quot;:&quot;px&quot;,&quot;size&quot;:&quot;&quot;,&quot;sizes&quot;:[]},&quot;element_pack_global_tooltip_width_widescreen&quot;:{&quot;unit&quot;:&quot;px&quot;,&quot;size&quot;:&quot;&quot;,&quot;sizes&quot;:[]},&quot;element_pack_global_tooltip_width_laptop&quot;:{&quot;unit&quot;:&quot;px&quot;,&quot;size&quot;:&quot;&quot;,&quot;sizes&quot;:[]},&quot;element_pack_global_tooltip_width_tablet_extra&quot;:{&quot;unit&quot;:&quot;px&quot;,&quot;size&quot;:&quot;&quot;,&quot;sizes&quot;:[]},&quot;element_pack_global_tooltip_width_tablet&quot;:{&quot;unit&quot;:&quot;px&quot;,&quot;size&quot;:&quot;&quot;,&quot;sizes&quot;:[]},&quot;element_pack_global_tooltip_width_mobile&quot;:{&quot;unit&quot;:&quot;px&quot;,&quot;size&quot;:&quot;&quot;,&quot;sizes&quot;:[]},&quot;element_pack_global_tooltip_padding&quot;:{&quot;unit&quot;:&quot;px&quot;,&quot;top&quot;:&quot;&quot;,&quot;right&quot;:&quot;&quot;,&quot;bottom&quot;:&quot;&quot;,&quot;left&quot;:&quot;&quot;,&quot;isLinked&quot;:true},&quot;element_pack_global_tooltip_padding_widescreen&quot;:{&quot;unit&quot;:&quot;px&quot;,&quot;top&quot;:&quot;&quot;,&quot;right&quot;:&quot;&quot;,&quot;bottom&quot;:&quot;&quot;,&quot;left&quot;:&quot;&quot;,&quot;isLinked&quot;:true},&quot;element_pack_global_tooltip_padding_laptop&quot;:{&quot;unit&quot;:&quot;px&quot;,&quot;top&quot;:&quot;&quot;,&quot;right&quot;:&quot;&quot;,&quot;bottom&quot;:&quot;&quot;,&quot;left&quot;:&quot;&quot;,&quot;isLinked&quot;:true},&quot;element_pack_global_tooltip_padding_tablet_extra&quot;:{&quot;unit&quot;:&quot;px&quot;,&quot;top&quot;:&quot;&quot;,&quot;right&quot;:&quot;&quot;,&quot;bottom&quot;:&quot;&quot;,&quot;left&quot;:&quot;&quot;,&quot;isLinked&quot;:true},&quot;element_pack_global_tooltip_padding_tablet&quot;:{&quot;unit&quot;:&quot;px&quot;,&quot;top&quot;:&quot;&quot;,&quot;right&quot;:&quot;&quot;,&quot;bottom&quot;:&quot;&quot;,&quot;left&quot;:&quot;&quot;,&quot;isLinked&quot;:true},&quot;element_pack_global_tooltip_padding_mobile&quot;:{&quot;unit&quot;:&quot;px&quot;,&quot;top&quot;:&quot;&quot;,&quot;right&quot;:&quot;&quot;,&quot;bottom&quot;:&quot;&quot;,&quot;left&quot;:&quot;&quot;,&quot;isLinked&quot;:true},&quot;element_pack_global_tooltip_border_radius&quot;:{&quot;unit&quot;:&quot;px&quot;,&quot;top&quot;:&quot;&quot;,&quot;right&quot;:&quot;&quot;,&quot;bottom&quot;:&quot;&quot;,&quot;left&quot;:&quot;&quot;,&quot;isLinked&quot;:true},&quot;element_pack_global_tooltip_border_radius_widescreen&quot;:{&quot;unit&quot;:&quot;px&quot;,&quot;top&quot;:&quot;&quot;,&quot;right&quot;:&quot;&quot;,&quot;bottom&quot;:&quot;&quot;,&quot;left&quot;:&quot;&quot;,&quot;isLinked&quot;:true},&quot;element_pack_global_tooltip_border_radius_laptop&quot;:{&quot;unit&quot;:&quot;px&quot;,&quot;top&quot;:&quot;&quot;,&quot;right&quot;:&quot;&quot;,&quot;bottom&quot;:&quot;&quot;,&quot;left&quot;:&quot;&quot;,&quot;isLinked&quot;:true},&quot;element_pack_global_tooltip_border_radius_tablet_extra&quot;:{&quot;unit&quot;:&quot;px&quot;,&quot;top&quot;:&quot;&quot;,&quot;right&quot;:&quot;&quot;,&quot;bottom&quot;:&quot;&quot;,&quot;left&quot;:&quot;&quot;,&quot;isLinked&quot;:true},&quot;element_pack_global_tooltip_border_radius_tablet&quot;:{&quot;unit&quot;:&quot;px&quot;,&quot;top&quot;:&quot;&quot;,&quot;right&quot;:&quot;&quot;,&quot;bottom&quot;:&quot;&quot;,&quot;left&quot;:&quot;&quot;,&quot;isLinked&quot;:true},&quot;element_pack_global_tooltip_border_radius_mobile&quot;:{&quot;unit&quot;:&quot;px&quot;,&quot;top&quot;:&quot;&quot;,&quot;right&quot;:&quot;&quot;,&quot;bottom&quot;:&quot;&quot;,&quot;left&quot;:&quot;&quot;,&quot;isLinked&quot;:true}}\" data-elementor-post-type=\"page\">\n\t\t\t\t<div class=\"elementor-element elementor-element-37ae6b5 e-flex e-con-boxed e-con e-parent\" data-id=\"37ae6b5\" data-element_type=\"container\">\n\t\t\t\t\t<div class=\"e-con-inner\">\n\t\t\t\t<div class=\"elementor-element elementor-element-9d13f9f elementor-widget elementor-widget-heading\" data-id=\"9d13f9f\" data-element_type=\"widget\" data-widget_type=\"heading.default\">\n\t\t\t\t<div class=\"elementor-widget-container\">\n\t\t\t\t\t<h1 class=\"elementor-heading-title elementor-size-default\">Red de la Naturaleza (Nature Network)<\/h1>\t\t\t\t<\/div>\n\t\t\t\t<\/div>\n\t\t\t\t\t<\/div>\n\t\t\t\t<\/div>\n\t\t<div class=\"elementor-element elementor-element-c3dee71 e-con-full e-flex e-con e-parent\" data-id=\"c3dee71\" data-element_type=\"container\" data-settings=\"{&quot;background_background&quot;:&quot;classic&quot;}\">\n\t\t<div class=\"elementor-element elementor-element-303cbde e-con-full e-flex e-con e-child\" data-id=\"303cbde\" data-element_type=\"container\" data-settings=\"{&quot;background_background&quot;:&quot;classic&quot;}\">\n\t\t<div class=\"elementor-element elementor-element-2cecffb e-con-full e-flex elementor-invisible e-con e-child\" data-id=\"2cecffb\" data-element_type=\"container\" data-settings=\"{&quot;animation&quot;:&quot;fadeIn&quot;}\">\n\t\t\t\t<div class=\"elementor-element elementor-element-c7f6a7b elementor-view-default elementor-widget elementor-widget-icon\" data-id=\"c7f6a7b\" data-element_type=\"widget\" data-widget_type=\"icon.default\">\n\t\t\t\t<div class=\"elementor-widget-container\">\n\t\t\t\t\t\t\t<div class=\"elementor-icon-wrapper\">\n\t\t\t<div class=\"elementor-icon\">\n\t\t\t<svg xmlns=\"http:\/\/www.w3.org\/2000\/svg\" xmlns:xlink=\"http:\/\/www.w3.org\/1999\/xlink\" id=\"Capa_1\" x=\"0px\" y=\"0px\" viewbox=\"0 0 150 150\" xml:space=\"preserve\"><g>\t<path d=\"M75,18.9c-21.3,0-40.5,11.9-50,30.6c-0.8-5.4-1.4-11-1.8-16.4c-0.1-1.1-1-1.9-2.1-1.9c-1.1,0.1-1.9,1-1.9,2.1  c0.5,7.2,1.3,14.5,2.6,21.7c0.1,0.3,0.2,1.2,1.1,1.8c0.3,0.2,0.7,0.4,1.3,0.4c0.3,0,0.7-0.1,1.1-0.2c6.7-2.6,13.2-5.6,19.5-8.9  c1-0.5,1.3-1.7,0.8-2.7s-1.7-1.3-2.7-0.8c-4.6,2.5-9.4,4.8-14.3,6.8C37.4,33.9,55.2,22.9,75,22.9c28.7,0,52.1,23.4,52.1,52.1  c0,0.9,0,1.7-0.1,2.6c-0.1,1.1,0.8,2,1.9,2.1h0.1c1.1,0,1.9-0.8,2-1.9c0-0.9,0.1-1.9,0.1-2.8C131.1,44.1,105.9,18.9,75,18.9z\"><\/path>\t<path d=\"M124.5,95.3c-7,1.4-13.9,3.3-20.7,5.6c-1,0.4-1.6,1.5-1.3,2.5c0.4,1,1.5,1.6,2.5,1.3c5.1-1.7,10.3-3.2,15.5-4.4  c-9.2,16.6-26.6,26.9-45.6,26.9c-28.7,0-52.1-23.4-52.1-52.1c0-1.1-0.9-2-2-2s-2,0.9-2,2c0,30.9,25.2,56.1,56.1,56.1  c20.1,0,38.5-10.7,48.5-28c-0.1,5.4-0.4,10.7-1,16c-0.1,1.1,0.7,2.1,1.8,2.2c0.1,0,0.1,0,0.2,0c1,0,1.9-0.8,2-1.8  c0.8-7.2,1.1-14.5,1-21.8c0-0.3,0-1.2-0.8-1.9C126.4,95.4,125.6,95,124.5,95.3z\"><\/path>\t<path d=\"M57.7,113.5c0.1,0,0.2,0,0.3,0c1,0,1.8-0.7,2-1.7c0.8-5.7,2.1-11.2,4-16.6c6.6-0.7,14.1-1.5,20.4-5.1  c7.1-4,12.5-11.5,15-20.6c2-7.2,2.2-15.2,0.8-25.2l-0.1-0.8l-1.7-1.3l-0.7,0.1c-6.4,0.5-15.3,1.6-21.8,4.5  C67.5,50.4,60.9,58,58,67.1c-2.7,8.5-2,18.3,1.8,27l0.2,0.5c-1.9,5.4-3.2,11-4,16.7C55.9,112.3,56.7,113.3,57.7,113.5z M61.8,68.3  c2.5-8,8.3-14.7,15.6-17.9c5.5-2.4,13.1-3.5,19-4c1.1,8.8,0.8,15.8-0.9,22.1c-2.2,8.1-7,14.7-13.1,18.2c-5,2.9-11.1,3.8-16.8,4.4  C70,80.4,76.5,70.7,84.7,62.6c0.8-0.8,0.8-2,0-2.8s-2-0.8-2.8,0C73.4,68.1,66.7,78,62.1,88.9C60,82.1,59.8,74.8,61.8,68.3z\"><\/path>\t<path d=\"M87,58.3c1.9,0,1.9-3,0-3S85.1,58.3,87,58.3z\"><\/path>\t<path d=\"M128.7,83.1c-1.9,0-1.9,3,0,3C130.6,86.1,130.6,83.1,128.7,83.1z\"><\/path>\t<path d=\"M20.9,66.7c-1.9,0-1.9,3,0,3C22.9,69.7,22.9,66.7,20.9,66.7z\"><\/path><\/g><\/svg>\t\t\t<\/div>\n\t\t<\/div>\n\t\t\t\t\t\t<\/div>\n\t\t\t\t<\/div>\n\t\t\t\t<\/div>\n\t\t<div class=\"elementor-element elementor-element-43d2e35 e-con-full e-flex elementor-invisible e-con e-child\" data-id=\"43d2e35\" data-element_type=\"container\" data-settings=\"{&quot;animation&quot;:&quot;fadeIn&quot;}\">\n\t\t\t\t<div class=\"elementor-element elementor-element-d55106a elementor-widget elementor-widget-heading\" data-id=\"d55106a\" data-element_type=\"widget\" data-widget_type=\"heading.default\">\n\t\t\t\t<div class=\"elementor-widget-container\">\n\t\t\t\t\t<h2 class=\"elementor-heading-title elementor-size-default\">How can we help you?<\/h2>\t\t\t\t<\/div>\n\t\t\t\t<\/div>\n\t\t\t\t<div class=\"elementor-element elementor-element-1137210 elementor-widget elementor-widget-text-editor\" data-id=\"1137210\" data-element_type=\"widget\" data-widget_type=\"text-editor.default\">\n\t\t\t\t<div class=\"elementor-widget-container\">\n\t\t\t\t\t\t\t\t\t<p class=\"p1\"><b>Desarrollamos y participamos en iniciativas<\/b> enfocadas a promover la innovaci\u00f3n para contribuir al impulso de la naturaleza.<\/p>\t\t\t\t\t\t\t\t<\/div>\n\t\t\t\t<\/div>\n\t\t\t\t<div class=\"elementor-element elementor-element-6c5d8de elementor-align-left elementor-widget elementor-widget-button\" data-id=\"6c5d8de\" data-element_type=\"widget\" data-widget_type=\"button.default\">\n\t\t\t\t<div class=\"elementor-widget-container\">\n\t\t\t\t\t\t\t\t\t<div class=\"elementor-button-wrapper\">\n\t\t\t\t\t<a class=\"elementor-button elementor-button-link elementor-size-sm\" href=\"https:\/\/ecoacsa.com\/en\/iniciativas\/\">\n\t\t\t\t\t\t<span class=\"elementor-button-content-wrapper\">\n\t\t\t\t\t\t<span class=\"elementor-button-icon\">\n\t\t\t\t<svg aria-hidden=\"true\" class=\"e-font-icon-svg e-fas-chevron-right\" viewbox=\"0 0 320 512\" xmlns=\"http:\/\/www.w3.org\/2000\/svg\"><path d=\"M285.476 272.971L91.132 467.314c-9.373 9.373-24.569 9.373-33.941 0l-22.667-22.667c-9.357-9.357-9.375-24.522-.04-33.901L188.505 256 34.484 101.255c-9.335-9.379-9.317-24.544.04-33.901l22.667-22.667c9.373-9.373 24.569-9.373 33.941 0L285.475 239.03c9.373 9.372 9.373 24.568.001 33.941z\"><\/path><\/svg>\t\t\t<\/span>\n\t\t\t\t\t\t\t\t\t<span class=\"elementor-button-text\">Iniciativas<\/span>\n\t\t\t\t\t<\/span>\n\t\t\t\t\t<\/a>\n\t\t\t\t<\/div>\n\t\t\t\t\t\t\t\t<\/div>\n\t\t\t\t<\/div>\n\t\t\t\t<\/div>\n\t\t\t\t<\/div>\n\t\t<div class=\"elementor-element elementor-element-a3cd88c e-con-full e-flex e-con e-child\" data-id=\"a3cd88c\" data-element_type=\"container\" data-settings=\"{&quot;background_background&quot;:&quot;classic&quot;}\">\n\t\t\t\t<\/div>\n\t\t\t\t<\/div>\n\t\t<div class=\"elementor-element elementor-element-b8dc1f6 e-con-full e-flex e-con e-parent\" data-id=\"b8dc1f6\" data-element_type=\"container\" data-settings=\"{&quot;background_background&quot;:&quot;classic&quot;}\">\n\t\t<div class=\"elementor-element elementor-element-34468a4 e-con-full e-flex e-con e-child\" data-id=\"34468a4\" data-element_type=\"container\" data-settings=\"{&quot;background_background&quot;:&quot;classic&quot;}\">\n\t\t\t\t<\/div>\n\t\t<div class=\"elementor-element elementor-element-f3c656f e-con-full e-flex e-con e-child\" data-id=\"f3c656f\" data-element_type=\"container\" data-settings=\"{&quot;background_background&quot;:&quot;classic&quot;}\">\n\t\t<div class=\"elementor-element elementor-element-0c3e999 e-con-full e-flex elementor-invisible e-con e-child\" data-id=\"0c3e999\" data-element_type=\"container\" data-settings=\"{&quot;animation&quot;:&quot;fadeIn&quot;}\">\n\t\t\t\t<div class=\"elementor-element elementor-element-5da2254 elementor-view-default elementor-widget elementor-widget-icon\" data-id=\"5da2254\" data-element_type=\"widget\" data-widget_type=\"icon.default\">\n\t\t\t\t<div class=\"elementor-widget-container\">\n\t\t\t\t\t\t\t<div class=\"elementor-icon-wrapper\">\n\t\t\t<div class=\"elementor-icon\">\n\t\t\t<svg xmlns=\"http:\/\/www.w3.org\/2000\/svg\" xmlns:xlink=\"http:\/\/www.w3.org\/1999\/xlink\" id=\"Capa_1\" x=\"0px\" y=\"0px\" viewbox=\"0 0 150 150\" xml:space=\"preserve\"><g>\t<path d=\"M75,18.9c-21.3,0-40.5,11.9-50,30.6c-0.8-5.4-1.4-11-1.8-16.4c-0.1-1.1-1-1.9-2.1-1.9c-1.1,0.1-1.9,1-1.9,2.1  c0.5,7.2,1.3,14.5,2.6,21.7c0.1,0.3,0.2,1.2,1.1,1.8c0.3,0.2,0.7,0.4,1.3,0.4c0.3,0,0.7-0.1,1.1-0.2c6.7-2.6,13.2-5.6,19.5-8.9  c1-0.5,1.3-1.7,0.8-2.7s-1.7-1.3-2.7-0.8c-4.6,2.5-9.4,4.8-14.3,6.8C37.4,33.9,55.2,22.9,75,22.9c28.7,0,52.1,23.4,52.1,52.1  c0,0.9,0,1.7-0.1,2.6c-0.1,1.1,0.8,2,1.9,2.1h0.1c1.1,0,1.9-0.8,2-1.9c0-0.9,0.1-1.9,0.1-2.8C131.1,44.1,105.9,18.9,75,18.9z\"><\/path>\t<path d=\"M124.5,95.3c-7,1.4-13.9,3.3-20.7,5.6c-1,0.4-1.6,1.5-1.3,2.5c0.4,1,1.5,1.6,2.5,1.3c5.1-1.7,10.3-3.2,15.5-4.4  c-9.2,16.6-26.6,26.9-45.6,26.9c-28.7,0-52.1-23.4-52.1-52.1c0-1.1-0.9-2-2-2s-2,0.9-2,2c0,30.9,25.2,56.1,56.1,56.1  c20.1,0,38.5-10.7,48.5-28c-0.1,5.4-0.4,10.7-1,16c-0.1,1.1,0.7,2.1,1.8,2.2c0.1,0,0.1,0,0.2,0c1,0,1.9-0.8,2-1.8  c0.8-7.2,1.1-14.5,1-21.8c0-0.3,0-1.2-0.8-1.9C126.4,95.4,125.6,95,124.5,95.3z\"><\/path>\t<path d=\"M57.7,113.5c0.1,0,0.2,0,0.3,0c1,0,1.8-0.7,2-1.7c0.8-5.7,2.1-11.2,4-16.6c6.6-0.7,14.1-1.5,20.4-5.1  c7.1-4,12.5-11.5,15-20.6c2-7.2,2.2-15.2,0.8-25.2l-0.1-0.8l-1.7-1.3l-0.7,0.1c-6.4,0.5-15.3,1.6-21.8,4.5  C67.5,50.4,60.9,58,58,67.1c-2.7,8.5-2,18.3,1.8,27l0.2,0.5c-1.9,5.4-3.2,11-4,16.7C55.9,112.3,56.7,113.3,57.7,113.5z M61.8,68.3  c2.5-8,8.3-14.7,15.6-17.9c5.5-2.4,13.1-3.5,19-4c1.1,8.8,0.8,15.8-0.9,22.1c-2.2,8.1-7,14.7-13.1,18.2c-5,2.9-11.1,3.8-16.8,4.4  C70,80.4,76.5,70.7,84.7,62.6c0.8-0.8,0.8-2,0-2.8s-2-0.8-2.8,0C73.4,68.1,66.7,78,62.1,88.9C60,82.1,59.8,74.8,61.8,68.3z\"><\/path>\t<path d=\"M87,58.3c1.9,0,1.9-3,0-3S85.1,58.3,87,58.3z\"><\/path>\t<path d=\"M128.7,83.1c-1.9,0-1.9,3,0,3C130.6,86.1,130.6,83.1,128.7,83.1z\"><\/path>\t<path d=\"M20.9,66.7c-1.9,0-1.9,3,0,3C22.9,69.7,22.9,66.7,20.9,66.7z\"><\/path><\/g><\/svg>\t\t\t<\/div>\n\t\t<\/div>\n\t\t\t\t\t\t<\/div>\n\t\t\t\t<\/div>\n\t\t\t\t<\/div>\n\t\t<div class=\"elementor-element elementor-element-de16611 e-con-full e-flex elementor-invisible e-con e-child\" data-id=\"de16611\" data-element_type=\"container\" data-settings=\"{&quot;animation&quot;:&quot;fadeIn&quot;}\">\n\t\t\t\t<div class=\"elementor-element elementor-element-ee4a04d elementor-widget elementor-widget-heading\" data-id=\"ee4a04d\" data-element_type=\"widget\" data-widget_type=\"heading.default\">\n\t\t\t\t<div class=\"elementor-widget-container\">\n\t\t\t\t\t<h2 class=\"elementor-heading-title elementor-size-default\">Our foundation<\/h2>\t\t\t\t<\/div>\n\t\t\t\t<\/div>\n\t\t\t\t<div class=\"elementor-element elementor-element-81e3bd6 elementor-widget elementor-widget-text-editor\" data-id=\"81e3bd6\" data-element_type=\"widget\" data-widget_type=\"text-editor.default\">\n\t\t\t\t<div class=\"elementor-widget-container\">\n\t\t\t\t\t\t\t\t\t<p class=\"p1\">Creemos en el <b>potencial de la innovaci\u00f3n como herramienta para motivar y crear oportunidades <\/b>que fomenten pr\u00e1cticas sostenibles que se traduzcan en un impacto social y ambiental positivo. Con las iniciativas que impulsamos, en las que colaboramos y que apoyamos, perseguimos canalizar el conocimiento y la innovaci\u00f3n en materia de capital natural, motivando a empresas y otros actores econ\u00f3micos a incluir la naturaleza en sus decisiones de gesti\u00f3n e inversi\u00f3n.<\/p>\t\t\t\t\t\t\t\t<\/div>\n\t\t\t\t<\/div>\n\t\t\t\t<\/div>\n\t\t\t\t<\/div>\n\t\t\t\t<\/div>\n\t\t<div class=\"elementor-element elementor-element-4fd2e11 e-flex e-con-boxed e-con e-parent\" data-id=\"4fd2e11\" data-element_type=\"container\">\n\t\t\t\t\t<div class=\"e-con-inner\">\n\t\t\t\t<div class=\"elementor-element elementor-element-9d0c394 elementor-align-left elementor-widget elementor-widget-button\" data-id=\"9d0c394\" data-element_type=\"widget\" data-widget_type=\"button.default\">\n\t\t\t\t<div class=\"elementor-widget-container\">\n\t\t\t\t\t\t\t\t\t<div class=\"elementor-button-wrapper\">\n\t\t\t\t\t<a class=\"elementor-button elementor-button-link elementor-size-sm\" href=\"https:\/\/ecoacsa.com\/en\/servicios\/\">\n\t\t\t\t\t\t<span class=\"elementor-button-content-wrapper\">\n\t\t\t\t\t\t<span class=\"elementor-button-icon\">\n\t\t\t\t<svg aria-hidden=\"true\" class=\"e-font-icon-svg e-fas-chevron-left\" viewbox=\"0 0 320 512\" xmlns=\"http:\/\/www.w3.org\/2000\/svg\"><path d=\"M34.52 239.03L228.87 44.69c9.37-9.37 24.57-9.37 33.94 0l22.67 22.67c9.36 9.36 9.37 24.52.04 33.9L131.49 256l154.02 154.75c9.34 9.38 9.32 24.54-.04 33.9l-22.67 22.67c-9.37 9.37-24.57 9.37-33.94 0L34.52 272.97c-9.37-9.37-9.37-24.57 0-33.94z\"><\/path><\/svg>\t\t\t<\/span>\n\t\t\t\t\t\t\t\t\t<span class=\"elementor-button-text\">Previous<\/span>\n\t\t\t\t\t<\/span>\n\t\t\t\t\t<\/a>\n\t\t\t\t<\/div>\n\t\t\t\t\t\t\t\t<\/div>\n\t\t\t\t<\/div>\n\t\t\t\t\t<\/div>\n\t\t\t\t<\/div>\n\t\t\t\t<\/div>","protected":false},"excerpt":{"rendered":"<p>Red de la Naturaleza (Nature Network) \u00bfC\u00f3mo podemos ayudarte? Desarrollamos y participamos en iniciativas enfocadas a promover la innovaci\u00f3n para contribuir al impulso de la naturaleza. Iniciativas Nuestra base Creemos en el potencial de la innovaci\u00f3n como herramienta para motivar y crear oportunidades que fomenten pr\u00e1cticas sostenibles que se traduzcan en un impacto social y [&hellip;]<\/p>","protected":false},"author":5,"featured_media":0,"parent":0,"menu_order":0,"comment_status":"closed","ping_status":"closed","template":"","meta":{"footnotes":""},"_links":{"self":[{"href":"https:\/\/ecoacsa.com\/en\/wp-json\/wp\/v2\/pages\/1471"}],"collection":[{"href":"https:\/\/ecoacsa.com\/en\/wp-json\/wp\/v2\/pages"}],"about":[{"href":"https:\/\/ecoacsa.com\/en\/wp-json\/wp\/v2\/types\/page"}],"author":[{"embeddable":true,"href":"https:\/\/ecoacsa.com\/en\/wp-json\/wp\/v2\/users\/5"}],"replies":[{"embeddable":true,"href":"https:\/\/ecoacsa.com\/en\/wp-json\/wp\/v2\/comments?post=1471"}],"version-history":[{"count":7,"href":"https:\/\/ecoacsa.com\/en\/wp-json\/wp\/v2\/pages\/1471\/revisions"}],"predecessor-version":[{"id":1484,"href":"https:\/\/ecoacsa.com\/en\/wp-json\/wp\/v2\/pages\/1471\/revisions\/1484"}],"wp:attachment":[{"href":"https:\/\/ecoacsa.com\/en\/wp-json\/wp\/v2\/media?parent=1471"}],"curies":[{"name":"wp","href":"https:\/\/api.w.org\/{rel}","templated":true}]}}