{"id":1491,"date":"2024-02-19T21:57:03","date_gmt":"2024-02-19T20:57:03","guid":{"rendered":"https:\/\/web.ecoacsa.com\/?page_id=1491"},"modified":"2025-07-30T14:27:28","modified_gmt":"2025-07-30T12:27:28","slug":"formacion","status":"publish","type":"page","link":"https:\/\/ecoacsa.com\/en\/formacion\/","title":{"rendered":"Training"},"content":{"rendered":"<div data-elementor-type=\"wp-page\" data-elementor-id=\"1491\" class=\"elementor elementor-1491\" data-elementor-settings=\"{&quot;element_pack_global_tooltip_width&quot;:{&quot;unit&quot;:&quot;px&quot;,&quot;size&quot;:&quot;&quot;,&quot;sizes&quot;:[]},&quot;element_pack_global_tooltip_width_widescreen&quot;:{&quot;unit&quot;:&quot;px&quot;,&quot;size&quot;:&quot;&quot;,&quot;sizes&quot;:[]},&quot;element_pack_global_tooltip_width_laptop&quot;:{&quot;unit&quot;:&quot;px&quot;,&quot;size&quot;:&quot;&quot;,&quot;sizes&quot;:[]},&quot;element_pack_global_tooltip_width_tablet_extra&quot;:{&quot;unit&quot;:&quot;px&quot;,&quot;size&quot;:&quot;&quot;,&quot;sizes&quot;:[]},&quot;element_pack_global_tooltip_width_tablet&quot;:{&quot;unit&quot;:&quot;px&quot;,&quot;size&quot;:&quot;&quot;,&quot;sizes&quot;:[]},&quot;element_pack_global_tooltip_width_mobile&quot;:{&quot;unit&quot;:&quot;px&quot;,&quot;size&quot;:&quot;&quot;,&quot;sizes&quot;:[]},&quot;element_pack_global_tooltip_padding&quot;:{&quot;unit&quot;:&quot;px&quot;,&quot;top&quot;:&quot;&quot;,&quot;right&quot;:&quot;&quot;,&quot;bottom&quot;:&quot;&quot;,&quot;left&quot;:&quot;&quot;,&quot;isLinked&quot;:true},&quot;element_pack_global_tooltip_padding_widescreen&quot;:{&quot;unit&quot;:&quot;px&quot;,&quot;top&quot;:&quot;&quot;,&quot;right&quot;:&quot;&quot;,&quot;bottom&quot;:&quot;&quot;,&quot;left&quot;:&quot;&quot;,&quot;isLinked&quot;:true},&quot;element_pack_global_tooltip_padding_laptop&quot;:{&quot;unit&quot;:&quot;px&quot;,&quot;top&quot;:&quot;&quot;,&quot;right&quot;:&quot;&quot;,&quot;bottom&quot;:&quot;&quot;,&quot;left&quot;:&quot;&quot;,&quot;isLinked&quot;:true},&quot;element_pack_global_tooltip_padding_tablet_extra&quot;:{&quot;unit&quot;:&quot;px&quot;,&quot;top&quot;:&quot;&quot;,&quot;right&quot;:&quot;&quot;,&quot;bottom&quot;:&quot;&quot;,&quot;left&quot;:&quot;&quot;,&quot;isLinked&quot;:true},&quot;element_pack_global_tooltip_padding_tablet&quot;:{&quot;unit&quot;:&quot;px&quot;,&quot;top&quot;:&quot;&quot;,&quot;right&quot;:&quot;&quot;,&quot;bottom&quot;:&quot;&quot;,&quot;left&quot;:&quot;&quot;,&quot;isLinked&quot;:true},&quot;element_pack_global_tooltip_padding_mobile&quot;:{&quot;unit&quot;:&quot;px&quot;,&quot;top&quot;:&quot;&quot;,&quot;right&quot;:&quot;&quot;,&quot;bottom&quot;:&quot;&quot;,&quot;left&quot;:&quot;&quot;,&quot;isLinked&quot;:true},&quot;element_pack_global_tooltip_border_radius&quot;:{&quot;unit&quot;:&quot;px&quot;,&quot;top&quot;:&quot;&quot;,&quot;right&quot;:&quot;&quot;,&quot;bottom&quot;:&quot;&quot;,&quot;left&quot;:&quot;&quot;,&quot;isLinked&quot;:true},&quot;element_pack_global_tooltip_border_radius_widescreen&quot;:{&quot;unit&quot;:&quot;px&quot;,&quot;top&quot;:&quot;&quot;,&quot;right&quot;:&quot;&quot;,&quot;bottom&quot;:&quot;&quot;,&quot;left&quot;:&quot;&quot;,&quot;isLinked&quot;:true},&quot;element_pack_global_tooltip_border_radius_laptop&quot;:{&quot;unit&quot;:&quot;px&quot;,&quot;top&quot;:&quot;&quot;,&quot;right&quot;:&quot;&quot;,&quot;bottom&quot;:&quot;&quot;,&quot;left&quot;:&quot;&quot;,&quot;isLinked&quot;:true},&quot;element_pack_global_tooltip_border_radius_tablet_extra&quot;:{&quot;unit&quot;:&quot;px&quot;,&quot;top&quot;:&quot;&quot;,&quot;right&quot;:&quot;&quot;,&quot;bottom&quot;:&quot;&quot;,&quot;left&quot;:&quot;&quot;,&quot;isLinked&quot;:true},&quot;element_pack_global_tooltip_border_radius_tablet&quot;:{&quot;unit&quot;:&quot;px&quot;,&quot;top&quot;:&quot;&quot;,&quot;right&quot;:&quot;&quot;,&quot;bottom&quot;:&quot;&quot;,&quot;left&quot;:&quot;&quot;,&quot;isLinked&quot;:true},&quot;element_pack_global_tooltip_border_radius_mobile&quot;:{&quot;unit&quot;:&quot;px&quot;,&quot;top&quot;:&quot;&quot;,&quot;right&quot;:&quot;&quot;,&quot;bottom&quot;:&quot;&quot;,&quot;left&quot;:&quot;&quot;,&quot;isLinked&quot;:true}}\" data-elementor-post-type=\"page\">\n\t\t\t\t<div class=\"elementor-element elementor-element-797e519 e-flex e-con-boxed e-con e-parent\" data-id=\"797e519\" data-element_type=\"container\">\n\t\t\t\t\t<div class=\"e-con-inner\">\n\t\t\t\t<div class=\"elementor-element elementor-element-ec9bdf2 elementor-widget elementor-widget-heading\" data-id=\"ec9bdf2\" data-element_type=\"widget\" data-widget_type=\"heading.default\">\n\t\t\t\t<div class=\"elementor-widget-container\">\n\t\t\t\t\t<h1 class=\"elementor-heading-title elementor-size-default\">Training<\/h1>\t\t\t\t<\/div>\n\t\t\t\t<\/div>\n\t\t\t\t\t<\/div>\n\t\t\t\t<\/div>\n\t\t<div class=\"elementor-element elementor-element-1648bef e-con-full e-flex e-con e-parent\" data-id=\"1648bef\" data-element_type=\"container\" data-settings=\"{&quot;background_background&quot;:&quot;classic&quot;}\">\n\t\t<div class=\"elementor-element elementor-element-196cab1 e-con-full e-flex e-con e-child\" data-id=\"196cab1\" data-element_type=\"container\" data-settings=\"{&quot;background_background&quot;:&quot;classic&quot;}\">\n\t\t<div class=\"elementor-element elementor-element-cccd118 e-con-full e-flex elementor-invisible e-con e-child\" data-id=\"cccd118\" data-element_type=\"container\" data-settings=\"{&quot;animation&quot;:&quot;fadeIn&quot;}\">\n\t\t\t\t<div class=\"elementor-element elementor-element-3415b1c elementor-view-default elementor-widget elementor-widget-icon\" data-id=\"3415b1c\" data-element_type=\"widget\" data-widget_type=\"icon.default\">\n\t\t\t\t<div class=\"elementor-widget-container\">\n\t\t\t\t\t\t\t<div class=\"elementor-icon-wrapper\">\n\t\t\t<div class=\"elementor-icon\">\n\t\t\t<svg xmlns=\"http:\/\/www.w3.org\/2000\/svg\" xmlns:xlink=\"http:\/\/www.w3.org\/1999\/xlink\" id=\"Capa_1\" x=\"0px\" y=\"0px\" viewbox=\"0 0 150 150\" xml:space=\"preserve\"><g>\t<path d=\"M75,100c1.1,0,2-0.9,2-2V57.4c0-1.1-0.9-2-2-2s-2,0.9-2,2V98C73,99.1,73.9,100,75,100z\"><\/path>\t<path d=\"M136.3,116V48.6c0-1-0.8-1.7-1.7-1.7s-1.7,0.8-1.7,1.7V114c-18.7-8.5-36.7-8.1-47.7-6.5c16.4-7.4,37.5-3.2,37.8-3.1  c0.6,0.1,1.2,0,1.7-0.4s0.7-0.9,0.7-1.6V42.5h2.8c0.9,0,1.6-0.7,1.6-1.6c0-0.9-0.7-1.6-1.6-1.6l0,0h-2.8v-3.5  c0-0.8-0.5-1.6-1.3-1.9c-0.3-0.1-28.6-10.5-49,9.2C54.6,23.4,26.3,33.7,26,33.9c-0.8,0.3-1.3,1-1.3,1.9v3.1l-9.2-0.1  c-0.5,0-1,0.2-1.4,0.6c-0.4,0.4-0.6,0.9-0.6,1.4v66.6c0,1.1,0.9,2,2,2s2-0.9,2-2V42.8l7.2,0.1v59.4c0,0.6,0.3,1.2,0.7,1.6  c0.5,0.4,1.1,0.5,1.7,0.4c0.3-0.1,21.4-4.3,37.8,3.1c-9.5-1.3-24.2-1.8-40.1,3.5l-3.4,1.2c-1,0.4-1.6,1.5-1.2,2.6  c0.3,0.8,1.1,1.3,1.9,1.3c0.2,0,0.5,0,0.7-0.1l3.4-1.2c23.7-8,45.3-2.1,48-1.3c0.5,0.2,1,0.3,1.5,0.1c0.3-0.1,28.1-8.9,56.3,4.4  l1.7,0.9c0.3,0.1,0.6,0.2,0.9,0.2c0.7,0,1.4-0.4,1.8-1.1C136.7,117.3,136.6,116.5,136.3,116z M28.6,99.9V37.2  c5.6-1.7,28.4-7.1,44.7,9.9c0.1,0.1,0.2,0.2,0.3,0.3c0.8,0.8,2.1,0.7,2.8-0.1c16.4-17.2,39.3-11.8,44.9-10.1V100  c-7.6-1.2-31.1-3.5-46.3,9C59.8,96.4,36.2,98.7,28.6,99.9z\"><\/path>\t<path d=\"M133.6,44.3c1.9,0,1.9-3,0-3C131.7,41.3,131.7,44.3,133.6,44.3z\"><\/path>\t<path d=\"M16.5,111.8c-1.9,0-1.9,3,0,3S18.4,111.8,16.5,111.8z\"><\/path>\t<path d=\"M75,102.2c-1.9,0-1.9,3,0,3S76.9,102.2,75,102.2z\"><\/path>\t<path d=\"M75,53.4c1.9,0,1.9-3,0-3C73,50.4,73,53.4,75,53.4z\"><\/path><\/g><\/svg>\t\t\t<\/div>\n\t\t<\/div>\n\t\t\t\t\t\t<\/div>\n\t\t\t\t<\/div>\n\t\t\t\t<\/div>\n\t\t<div class=\"elementor-element elementor-element-6fba812 e-con-full e-flex elementor-invisible e-con e-child\" data-id=\"6fba812\" data-element_type=\"container\" data-settings=\"{&quot;animation&quot;:&quot;fadeIn&quot;}\">\n\t\t\t\t<div class=\"elementor-element elementor-element-ba1ab9c elementor-widget elementor-widget-heading\" data-id=\"ba1ab9c\" data-element_type=\"widget\" data-widget_type=\"heading.default\">\n\t\t\t\t<div class=\"elementor-widget-container\">\n\t\t\t\t\t<h2 class=\"elementor-heading-title elementor-size-default\">How can we help you?<\/h2>\t\t\t\t<\/div>\n\t\t\t\t<\/div>\n\t\t\t\t<div class=\"elementor-element elementor-element-d4c5780 elementor-widget elementor-widget-text-editor\" data-id=\"d4c5780\" data-element_type=\"widget\" data-widget_type=\"text-editor.default\">\n\t\t\t\t<div class=\"elementor-widget-container\">\n\t\t\t\t\t\t\t\t\t<p class=\"p1\"><b>We share and disseminate our knowledge<\/b> of more than a decade of experience in environmental sciences, economics, finance, and communication to accelerate the transition towards economies and societies that benefit nature. We offer training to professionals in the public and private sectors (decision-makers, technicians, managers, etc.) to equip them with the tools to understand biodiversity and natural capital.<\/p><p class=\"p1\">Ofrecemos <b>diferentes formatos formativos<\/b>, en funci\u00f3n del grado de experiencia y de la ambici\u00f3n perseguida: cursos y talleres formativos, formaci\u00f3n interna (in-company), docencia en m\u00e1steres, formaci\u00f3n a medida e incorporaci\u00f3n a grupos de trabajo.<\/p>\t\t\t\t\t\t\t\t<\/div>\n\t\t\t\t<\/div>\n\t\t\t\t<\/div>\n\t\t\t\t<\/div>\n\t\t<div class=\"elementor-element elementor-element-b791b1b e-con-full e-flex e-con e-child\" data-id=\"b791b1b\" data-element_type=\"container\" data-settings=\"{&quot;background_background&quot;:&quot;classic&quot;}\">\n\t\t\t\t<\/div>\n\t\t\t\t<\/div>\n\t\t<div class=\"elementor-element elementor-element-c2d7b27 e-con-full e-flex e-con e-parent\" data-id=\"c2d7b27\" data-element_type=\"container\" data-settings=\"{&quot;background_background&quot;:&quot;classic&quot;}\">\n\t\t<div class=\"elementor-element elementor-element-b0ae0fd e-con-full e-flex e-con e-child\" data-id=\"b0ae0fd\" data-element_type=\"container\" data-settings=\"{&quot;background_background&quot;:&quot;classic&quot;}\">\n\t\t\t\t<\/div>\n\t\t<div class=\"elementor-element elementor-element-4124246 e-con-full e-flex e-con e-child\" data-id=\"4124246\" data-element_type=\"container\" data-settings=\"{&quot;background_background&quot;:&quot;classic&quot;}\">\n\t\t<div class=\"elementor-element elementor-element-327ff98 e-con-full e-flex elementor-invisible e-con e-child\" data-id=\"327ff98\" data-element_type=\"container\" data-settings=\"{&quot;animation&quot;:&quot;fadeIn&quot;}\">\n\t\t\t\t<div class=\"elementor-element elementor-element-d4fa414 elementor-view-default elementor-widget elementor-widget-icon\" data-id=\"d4fa414\" data-element_type=\"widget\" data-widget_type=\"icon.default\">\n\t\t\t\t<div class=\"elementor-widget-container\">\n\t\t\t\t\t\t\t<div class=\"elementor-icon-wrapper\">\n\t\t\t<div class=\"elementor-icon\">\n\t\t\t<svg xmlns=\"http:\/\/www.w3.org\/2000\/svg\" xmlns:xlink=\"http:\/\/www.w3.org\/1999\/xlink\" id=\"Capa_1\" x=\"0px\" y=\"0px\" viewbox=\"0 0 150 150\" xml:space=\"preserve\"><g>\t<path d=\"M75,100c1.1,0,2-0.9,2-2V57.4c0-1.1-0.9-2-2-2s-2,0.9-2,2V98C73,99.1,73.9,100,75,100z\"><\/path>\t<path d=\"M136.3,116V48.6c0-1-0.8-1.7-1.7-1.7s-1.7,0.8-1.7,1.7V114c-18.7-8.5-36.7-8.1-47.7-6.5c16.4-7.4,37.5-3.2,37.8-3.1  c0.6,0.1,1.2,0,1.7-0.4s0.7-0.9,0.7-1.6V42.5h2.8c0.9,0,1.6-0.7,1.6-1.6c0-0.9-0.7-1.6-1.6-1.6l0,0h-2.8v-3.5  c0-0.8-0.5-1.6-1.3-1.9c-0.3-0.1-28.6-10.5-49,9.2C54.6,23.4,26.3,33.7,26,33.9c-0.8,0.3-1.3,1-1.3,1.9v3.1l-9.2-0.1  c-0.5,0-1,0.2-1.4,0.6c-0.4,0.4-0.6,0.9-0.6,1.4v66.6c0,1.1,0.9,2,2,2s2-0.9,2-2V42.8l7.2,0.1v59.4c0,0.6,0.3,1.2,0.7,1.6  c0.5,0.4,1.1,0.5,1.7,0.4c0.3-0.1,21.4-4.3,37.8,3.1c-9.5-1.3-24.2-1.8-40.1,3.5l-3.4,1.2c-1,0.4-1.6,1.5-1.2,2.6  c0.3,0.8,1.1,1.3,1.9,1.3c0.2,0,0.5,0,0.7-0.1l3.4-1.2c23.7-8,45.3-2.1,48-1.3c0.5,0.2,1,0.3,1.5,0.1c0.3-0.1,28.1-8.9,56.3,4.4  l1.7,0.9c0.3,0.1,0.6,0.2,0.9,0.2c0.7,0,1.4-0.4,1.8-1.1C136.7,117.3,136.6,116.5,136.3,116z M28.6,99.9V37.2  c5.6-1.7,28.4-7.1,44.7,9.9c0.1,0.1,0.2,0.2,0.3,0.3c0.8,0.8,2.1,0.7,2.8-0.1c16.4-17.2,39.3-11.8,44.9-10.1V100  c-7.6-1.2-31.1-3.5-46.3,9C59.8,96.4,36.2,98.7,28.6,99.9z\"><\/path>\t<path d=\"M133.6,44.3c1.9,0,1.9-3,0-3C131.7,41.3,131.7,44.3,133.6,44.3z\"><\/path>\t<path d=\"M16.5,111.8c-1.9,0-1.9,3,0,3S18.4,111.8,16.5,111.8z\"><\/path>\t<path d=\"M75,102.2c-1.9,0-1.9,3,0,3S76.9,102.2,75,102.2z\"><\/path>\t<path d=\"M75,53.4c1.9,0,1.9-3,0-3C73,50.4,73,53.4,75,53.4z\"><\/path><\/g><\/svg>\t\t\t<\/div>\n\t\t<\/div>\n\t\t\t\t\t\t<\/div>\n\t\t\t\t<\/div>\n\t\t\t\t<\/div>\n\t\t<div class=\"elementor-element elementor-element-30ae63a e-con-full e-flex elementor-invisible e-con e-child\" data-id=\"30ae63a\" data-element_type=\"container\" data-settings=\"{&quot;animation&quot;:&quot;fadeIn&quot;}\">\n\t\t\t\t<div class=\"elementor-element elementor-element-90cba0e elementor-widget elementor-widget-heading\" data-id=\"90cba0e\" data-element_type=\"widget\" data-widget_type=\"heading.default\">\n\t\t\t\t<div class=\"elementor-widget-container\">\n\t\t\t\t\t<h2 class=\"elementor-heading-title elementor-size-default\">Our foundation<\/h2>\t\t\t\t<\/div>\n\t\t\t\t<\/div>\n\t\t\t\t<div class=\"elementor-element elementor-element-6ac7ab9 elementor-widget elementor-widget-text-editor\" data-id=\"6ac7ab9\" data-element_type=\"widget\" data-widget_type=\"text-editor.default\">\n\t\t\t\t<div class=\"elementor-widget-container\">\n\t\t\t\t\t\t\t\t\t<p class=\"p1\">The increasing recognition of the global biodiversity situation and the consequences of its decline on our economic model has led to the emergence of numerous initiatives, including regulatory and market-based efforts, aimed at reversing biodiversity loss and establishing changes to achieve an <b>economy aligned with our planet's capacity for self-regeneration.<\/b>.<\/p>\t\t\t\t\t\t\t\t<\/div>\n\t\t\t\t<\/div>\n\t\t\t\t<\/div>\n\t\t\t\t<\/div>\n\t\t\t\t<\/div>\n\t\t<div class=\"elementor-element elementor-element-c64a7be e-flex e-con-boxed e-con e-parent\" data-id=\"c64a7be\" data-element_type=\"container\" data-settings=\"{&quot;background_background&quot;:&quot;classic&quot;}\">\n\t\t\t\t\t<div class=\"e-con-inner\">\n\t\t\t\t<div class=\"elementor-element elementor-element-313b8ca elementor-widget__width-initial elementor-widget elementor-widget-heading\" data-id=\"313b8ca\" data-element_type=\"widget\" data-widget_type=\"heading.default\">\n\t\t\t\t<div class=\"elementor-widget-container\">\n\t\t\t\t\t<h4 class=\"elementor-heading-title elementor-size-default\">Companies need to prepare to address these regulatory and market changes, as well as to respond to their stakeholders\u2019 demands for transparency regarding environmental issues<\/h4>\t\t\t\t<\/div>\n\t\t\t\t<\/div>\n\t\t\t\t\t<\/div>\n\t\t\t\t<\/div>\n\t\t<div class=\"elementor-element elementor-element-1c14cdc e-flex e-con-boxed e-con e-parent\" data-id=\"1c14cdc\" data-element_type=\"container\">\n\t\t\t\t\t<div class=\"e-con-inner\">\n\t\t\t\t<div class=\"elementor-element elementor-element-f947565 elementor-align-left elementor-widget elementor-widget-button\" data-id=\"f947565\" data-element_type=\"widget\" data-widget_type=\"button.default\">\n\t\t\t\t<div class=\"elementor-widget-container\">\n\t\t\t\t\t\t\t\t\t<div class=\"elementor-button-wrapper\">\n\t\t\t\t\t<a class=\"elementor-button elementor-button-link elementor-size-sm\" href=\"https:\/\/ecoacsa.com\/en\/servicios\/\">\n\t\t\t\t\t\t<span class=\"elementor-button-content-wrapper\">\n\t\t\t\t\t\t<span class=\"elementor-button-icon\">\n\t\t\t\t<svg aria-hidden=\"true\" class=\"e-font-icon-svg e-fas-chevron-left\" viewbox=\"0 0 320 512\" xmlns=\"http:\/\/www.w3.org\/2000\/svg\"><path d=\"M34.52 239.03L228.87 44.69c9.37-9.37 24.57-9.37 33.94 0l22.67 22.67c9.36 9.36 9.37 24.52.04 33.9L131.49 256l154.02 154.75c9.34 9.38 9.32 24.54-.04 33.9l-22.67 22.67c-9.37 9.37-24.57 9.37-33.94 0L34.52 272.97c-9.37-9.37-9.37-24.57 0-33.94z\"><\/path><\/svg>\t\t\t<\/span>\n\t\t\t\t\t\t\t\t\t<span class=\"elementor-button-text\">Previous<\/span>\n\t\t\t\t\t<\/span>\n\t\t\t\t\t<\/a>\n\t\t\t\t<\/div>\n\t\t\t\t\t\t\t\t<\/div>\n\t\t\t\t<\/div>\n\t\t<div class=\"elementor-element elementor-element-ae0c924 e-con-full e-flex e-con e-child\" data-id=\"ae0c924\" data-element_type=\"container\">\n\t\t\t\t<div class=\"elementor-element elementor-element-42deafa elementor-widget elementor-widget-heading\" data-id=\"42deafa\" data-element_type=\"widget\" data-widget_type=\"heading.default\">\n\t\t\t\t<div class=\"elementor-widget-container\">\n\t\t\t\t\t<h1 class=\"elementor-heading-title elementor-size-default\">Nature Hub: Platform for the Renaturalization of Agro-livestock Ecosystems<\/h1>\t\t\t\t<\/div>\n\t\t\t\t<\/div>\n\t\t\t\t<div class=\"elementor-element elementor-element-225866b elementor-align-left elementor-button-info elementor-widget elementor-widget-button\" data-id=\"225866b\" data-element_type=\"widget\" data-widget_type=\"button.default\">\n\t\t\t\t<div class=\"elementor-widget-container\">\n\t\t\t\t\t\t\t\t\t<div class=\"elementor-button-wrapper\">\n\t\t\t\t\t<a class=\"elementor-button elementor-button-link elementor-size-sm\" href=\"https:\/\/ecoacsa.com\/en\/nature-hub-plataforma-renaturalizar-ecosistemas-ganaderos\/\" target=\"_blank\">\n\t\t\t\t\t\t<span class=\"elementor-button-content-wrapper\">\n\t\t\t\t\t\t\t\t\t<span class=\"elementor-button-text\">MORE INFORMATION<\/span>\n\t\t\t\t\t<\/span>\n\t\t\t\t\t<\/a>\n\t\t\t\t<\/div>\n\t\t\t\t\t\t\t\t<\/div>\n\t\t\t\t<\/div>\n\t\t\t\t<div class=\"elementor-element elementor-element-8cb3a3d elementor-widget elementor-widget-image\" data-id=\"8cb3a3d\" data-element_type=\"widget\" data-widget_type=\"image.default\">\n\t\t\t\t<div class=\"elementor-widget-container\">\n\t\t\t\t\t\t\t\t\t\t\t\t\t\t\t<img fetchpriority=\"high\" decoding=\"async\" width=\"1500\" height=\"75\" src=\"https:\/\/ecoacsa.com\/wp-content\/uploads\/2025\/06\/CEMAYPFFEEFBPPEmpleaverde_Color_SinBandera.png\" class=\"attachment-1536x1536 size-1536x1536 wp-image-2855\" alt=\"\" srcset=\"https:\/\/ecoacsa.com\/wp-content\/uploads\/2025\/06\/CEMAYPFFEEFBPPEmpleaverde_Color_SinBandera.png 1500w, https:\/\/ecoacsa.com\/wp-content\/uploads\/2025\/06\/CEMAYPFFEEFBPPEmpleaverde_Color_SinBandera-768x38.png 768w, https:\/\/ecoacsa.com\/wp-content\/uploads\/2025\/06\/CEMAYPFFEEFBPPEmpleaverde_Color_SinBandera-18x1.png 18w\" sizes=\"(max-width: 1500px) 100vw, 1500px\" \/>\t\t\t\t\t\t\t\t\t\t\t\t\t\t\t<\/div>\n\t\t\t\t<\/div>\n\t\t\t\t<div class=\"elementor-element elementor-element-bad7ec2 elementor-widget elementor-widget-image\" data-id=\"bad7ec2\" data-element_type=\"widget\" data-widget_type=\"image.default\">\n\t\t\t\t<div class=\"elementor-widget-container\">\n\t\t\t\t\t\t\t\t\t\t\t\t\t\t\t<img decoding=\"async\" width=\"746\" height=\"86\" src=\"https:\/\/ecoacsa.com\/wp-content\/uploads\/2025\/06\/faldon-socios-nature-hub.png\" class=\"attachment-large size-large wp-image-2853\" alt=\"\" srcset=\"https:\/\/ecoacsa.com\/wp-content\/uploads\/2025\/06\/faldon-socios-nature-hub.png 746w, https:\/\/ecoacsa.com\/wp-content\/uploads\/2025\/06\/faldon-socios-nature-hub-18x2.png 18w\" sizes=\"(max-width: 746px) 100vw, 746px\" \/>\t\t\t\t\t\t\t\t\t\t\t\t\t\t\t<\/div>\n\t\t\t\t<\/div>\n\t\t\t\t<div class=\"elementor-element elementor-element-d870eef elementor-widget elementor-widget-image\" data-id=\"d870eef\" data-element_type=\"widget\" data-widget_type=\"image.default\">\n\t\t\t\t<div class=\"elementor-widget-container\">\n\t\t\t\t\t\t\t\t\t\t\t\t\t\t\t\t<a href=\"https:\/\/ecoacsa.com\/en\/nature-hub-plataforma-renaturalizar-ecosistemas-ganaderos\/\">\n\t\t\t\t\t\t\t<img decoding=\"async\" width=\"701\" height=\"356\" src=\"https:\/\/ecoacsa.com\/wp-content\/uploads\/2025\/07\/Logo_Nature_Hub_final.png\" class=\"attachment-large size-large wp-image-3230\" alt=\"\" srcset=\"https:\/\/ecoacsa.com\/wp-content\/uploads\/2025\/07\/Logo_Nature_Hub_final.png 701w, https:\/\/ecoacsa.com\/wp-content\/uploads\/2025\/07\/Logo_Nature_Hub_final-18x9.png 18w\" sizes=\"(max-width: 701px) 100vw, 701px\" \/>\t\t\t\t\t\t\t\t<\/a>\n\t\t\t\t\t\t\t\t\t\t\t\t\t\t\t<\/div>\n\t\t\t\t<\/div>\n\t\t\t\t<\/div>\n\t\t\t\t\t<\/div>\n\t\t\t\t<\/div>\n\t\t\t\t<\/div>","protected":false},"excerpt":{"rendered":"<p>Formaci\u00f3n \u00bfC\u00f3mo podemos ayudarte? Compartimos y difundimos nuestros conocimientos y experiencia de m\u00e1s de una d\u00e9cada de especializaci\u00f3n en ciencias ambientales, econom\u00eda, finanzas y comunicaci\u00f3n para acelerar la transici\u00f3n hacia econom\u00edas y sociedades que favorezcan a la naturaleza, ofreciendo formaci\u00f3n a profesionales de los sectores p\u00fablico y privado (responsables de la toma de decisiones, t\u00e9cnicos, [&hellip;]<\/p>","protected":false},"author":5,"featured_media":0,"parent":0,"menu_order":0,"comment_status":"closed","ping_status":"closed","template":"","meta":{"footnotes":""},"_links":{"self":[{"href":"https:\/\/ecoacsa.com\/en\/wp-json\/wp\/v2\/pages\/1491"}],"collection":[{"href":"https:\/\/ecoacsa.com\/en\/wp-json\/wp\/v2\/pages"}],"about":[{"href":"https:\/\/ecoacsa.com\/en\/wp-json\/wp\/v2\/types\/page"}],"author":[{"embeddable":true,"href":"https:\/\/ecoacsa.com\/en\/wp-json\/wp\/v2\/users\/5"}],"replies":[{"embeddable":true,"href":"https:\/\/ecoacsa.com\/en\/wp-json\/wp\/v2\/comments?post=1491"}],"version-history":[{"count":29,"href":"https:\/\/ecoacsa.com\/en\/wp-json\/wp\/v2\/pages\/1491\/revisions"}],"predecessor-version":[{"id":3239,"href":"https:\/\/ecoacsa.com\/en\/wp-json\/wp\/v2\/pages\/1491\/revisions\/3239"}],"wp:attachment":[{"href":"https:\/\/ecoacsa.com\/en\/wp-json\/wp\/v2\/media?parent=1491"}],"curies":[{"name":"wp","href":"https:\/\/api.w.org\/{rel}","templated":true}]}}