{"id":1886,"date":"2024-03-08T11:38:59","date_gmt":"2024-03-08T10:38:59","guid":{"rendered":"https:\/\/web.ecoacsa.com\/biodiversidad-corporativa-copy\/"},"modified":"2024-03-11T10:24:14","modified_gmt":"2024-03-11T09:24:14","slug":"riesgos-de-la-naturaleza","status":"publish","type":"page","link":"https:\/\/ecoacsa.com\/en\/riesgos-de-la-naturaleza\/","title":{"rendered":"Riesgos de la naturaleza"},"content":{"rendered":"<div data-elementor-type=\"wp-page\" data-elementor-id=\"1886\" class=\"elementor elementor-1886\" data-elementor-settings=\"{&quot;element_pack_global_tooltip_width&quot;:{&quot;unit&quot;:&quot;px&quot;,&quot;size&quot;:&quot;&quot;,&quot;sizes&quot;:[]},&quot;element_pack_global_tooltip_width_widescreen&quot;:{&quot;unit&quot;:&quot;px&quot;,&quot;size&quot;:&quot;&quot;,&quot;sizes&quot;:[]},&quot;element_pack_global_tooltip_width_laptop&quot;:{&quot;unit&quot;:&quot;px&quot;,&quot;size&quot;:&quot;&quot;,&quot;sizes&quot;:[]},&quot;element_pack_global_tooltip_width_tablet_extra&quot;:{&quot;unit&quot;:&quot;px&quot;,&quot;size&quot;:&quot;&quot;,&quot;sizes&quot;:[]},&quot;element_pack_global_tooltip_width_tablet&quot;:{&quot;unit&quot;:&quot;px&quot;,&quot;size&quot;:&quot;&quot;,&quot;sizes&quot;:[]},&quot;element_pack_global_tooltip_width_mobile&quot;:{&quot;unit&quot;:&quot;px&quot;,&quot;size&quot;:&quot;&quot;,&quot;sizes&quot;:[]},&quot;element_pack_global_tooltip_padding&quot;:{&quot;unit&quot;:&quot;px&quot;,&quot;top&quot;:&quot;&quot;,&quot;right&quot;:&quot;&quot;,&quot;bottom&quot;:&quot;&quot;,&quot;left&quot;:&quot;&quot;,&quot;isLinked&quot;:true},&quot;element_pack_global_tooltip_padding_widescreen&quot;:{&quot;unit&quot;:&quot;px&quot;,&quot;top&quot;:&quot;&quot;,&quot;right&quot;:&quot;&quot;,&quot;bottom&quot;:&quot;&quot;,&quot;left&quot;:&quot;&quot;,&quot;isLinked&quot;:true},&quot;element_pack_global_tooltip_padding_laptop&quot;:{&quot;unit&quot;:&quot;px&quot;,&quot;top&quot;:&quot;&quot;,&quot;right&quot;:&quot;&quot;,&quot;bottom&quot;:&quot;&quot;,&quot;left&quot;:&quot;&quot;,&quot;isLinked&quot;:true},&quot;element_pack_global_tooltip_padding_tablet_extra&quot;:{&quot;unit&quot;:&quot;px&quot;,&quot;top&quot;:&quot;&quot;,&quot;right&quot;:&quot;&quot;,&quot;bottom&quot;:&quot;&quot;,&quot;left&quot;:&quot;&quot;,&quot;isLinked&quot;:true},&quot;element_pack_global_tooltip_padding_tablet&quot;:{&quot;unit&quot;:&quot;px&quot;,&quot;top&quot;:&quot;&quot;,&quot;right&quot;:&quot;&quot;,&quot;bottom&quot;:&quot;&quot;,&quot;left&quot;:&quot;&quot;,&quot;isLinked&quot;:true},&quot;element_pack_global_tooltip_padding_mobile&quot;:{&quot;unit&quot;:&quot;px&quot;,&quot;top&quot;:&quot;&quot;,&quot;right&quot;:&quot;&quot;,&quot;bottom&quot;:&quot;&quot;,&quot;left&quot;:&quot;&quot;,&quot;isLinked&quot;:true},&quot;element_pack_global_tooltip_border_radius&quot;:{&quot;unit&quot;:&quot;px&quot;,&quot;top&quot;:&quot;&quot;,&quot;right&quot;:&quot;&quot;,&quot;bottom&quot;:&quot;&quot;,&quot;left&quot;:&quot;&quot;,&quot;isLinked&quot;:true},&quot;element_pack_global_tooltip_border_radius_widescreen&quot;:{&quot;unit&quot;:&quot;px&quot;,&quot;top&quot;:&quot;&quot;,&quot;right&quot;:&quot;&quot;,&quot;bottom&quot;:&quot;&quot;,&quot;left&quot;:&quot;&quot;,&quot;isLinked&quot;:true},&quot;element_pack_global_tooltip_border_radius_laptop&quot;:{&quot;unit&quot;:&quot;px&quot;,&quot;top&quot;:&quot;&quot;,&quot;right&quot;:&quot;&quot;,&quot;bottom&quot;:&quot;&quot;,&quot;left&quot;:&quot;&quot;,&quot;isLinked&quot;:true},&quot;element_pack_global_tooltip_border_radius_tablet_extra&quot;:{&quot;unit&quot;:&quot;px&quot;,&quot;top&quot;:&quot;&quot;,&quot;right&quot;:&quot;&quot;,&quot;bottom&quot;:&quot;&quot;,&quot;left&quot;:&quot;&quot;,&quot;isLinked&quot;:true},&quot;element_pack_global_tooltip_border_radius_tablet&quot;:{&quot;unit&quot;:&quot;px&quot;,&quot;top&quot;:&quot;&quot;,&quot;right&quot;:&quot;&quot;,&quot;bottom&quot;:&quot;&quot;,&quot;left&quot;:&quot;&quot;,&quot;isLinked&quot;:true},&quot;element_pack_global_tooltip_border_radius_mobile&quot;:{&quot;unit&quot;:&quot;px&quot;,&quot;top&quot;:&quot;&quot;,&quot;right&quot;:&quot;&quot;,&quot;bottom&quot;:&quot;&quot;,&quot;left&quot;:&quot;&quot;,&quot;isLinked&quot;:true}}\" data-elementor-post-type=\"page\">\n\t\t\t\t<div class=\"elementor-element elementor-element-5bdac15 e-flex e-con-boxed e-con e-parent\" data-id=\"5bdac15\" data-element_type=\"container\">\n\t\t\t\t\t<div class=\"e-con-inner\">\n\t\t\t\t<div class=\"elementor-element elementor-element-012cd1e elementor-widget elementor-widget-heading\" data-id=\"012cd1e\" data-element_type=\"widget\" data-widget_type=\"heading.default\">\n\t\t\t\t<div class=\"elementor-widget-container\">\n\t\t\t\t\t<h1 class=\"elementor-heading-title elementor-size-default\">Riesgos de la naturaleza<\/h1>\t\t\t\t<\/div>\n\t\t\t\t<\/div>\n\t\t\t\t\t<\/div>\n\t\t\t\t<\/div>\n\t\t<div class=\"elementor-element elementor-element-0a8280a e-con-full e-flex e-con e-parent\" data-id=\"0a8280a\" data-element_type=\"container\" data-settings=\"{&quot;background_background&quot;:&quot;classic&quot;}\">\n\t\t<div class=\"elementor-element elementor-element-de68ef1 e-con-full e-flex e-con e-child\" data-id=\"de68ef1\" data-element_type=\"container\" data-settings=\"{&quot;background_background&quot;:&quot;classic&quot;}\">\n\t\t<div class=\"elementor-element elementor-element-c0de1c2 e-con-full e-flex elementor-invisible e-con e-child\" data-id=\"c0de1c2\" data-element_type=\"container\" data-settings=\"{&quot;animation&quot;:&quot;fadeIn&quot;}\">\n\t\t\t\t<div class=\"elementor-element elementor-element-f112a1d elementor-view-default elementor-widget elementor-widget-icon\" data-id=\"f112a1d\" data-element_type=\"widget\" data-widget_type=\"icon.default\">\n\t\t\t\t<div class=\"elementor-widget-container\">\n\t\t\t\t\t\t\t<div class=\"elementor-icon-wrapper\">\n\t\t\t<div class=\"elementor-icon\">\n\t\t\t<svg xmlns=\"http:\/\/www.w3.org\/2000\/svg\" xmlns:xlink=\"http:\/\/www.w3.org\/1999\/xlink\" id=\"Capa_1\" x=\"0px\" y=\"0px\" viewbox=\"0 0 69.3 79.2\" xml:space=\"preserve\"><g>\t<path fill=\"#4ECE91\" d=\"M2.9,15.2c11.4,0.1,22.9-3.9,31.6-11c8.6,7,19.9,11,31.2,11c0.1,0,0.3,0,0.4,0c0.7,0,1.3-0.6,1.3-1.3  c0-0.7-0.6-1.3-1.3-1.3c0,0,0,0,0,0C55.1,12.7,44,8.7,35.6,1.7c-0.2-0.2-0.5-0.3-0.8-0.3h-0.4c-0.3,0-0.6,0.1-0.8,0.3  C25.2,8.7,14,12.7,3,12.6c0,0,0,0,0,0c-0.7,0-1.3,0.6-1.3,1.3C1.7,14.6,2.2,15.2,2.9,15.2z\"><\/path>\t<path fill=\"#4ECE91\" d=\"M68.1,21.5c0-0.7-0.6-1.3-1.3-1.2c-0.7,0-1.3,0.6-1.2,1.3c0.3,7.7-0.2,14.4-1.6,20.5c-1.5,6.9-5,16.7-13,24  c-4,3.7-9.1,6.7-15.1,8.9c-0.5,0.2-1,0.3-1.6,0.3c-0.1,0-0.2,0-0.3,0C27.8,73,22.5,70,18.3,66.1c-7.9-7.4-11.4-17.1-13-24  C4,36,3.5,29.2,3.8,21.4c0-0.7-0.5-1.3-1.2-1.3c-0.7,0-1.3,0.5-1.3,1.2c-0.3,8,0.2,15,1.6,21.3C5.1,53,9.9,61.8,16.6,68  c4.5,4.1,10,7.4,16.6,9.7c0.4,0.1,0.7,0.2,1.1,0.2c0.9,0,1.7-0.1,2.5-0.4c6.3-2.3,11.7-5.4,16-9.4c6.7-6.2,11.4-15,13.7-25.4  C67.9,36.4,68.4,29.4,68.1,21.5z\"><\/path>\t<path fill=\"#4ECE91\" d=\"M18.3,42.8c0,0.7,0.6,1.3,1.3,1.3h4.7c0.1,1.2,0.3,2.5,0.7,3.7c0.6,2,1.8,4.8,4.4,6.7  c1,0.8,2.3,1.4,3.8,1.8c1.2,0.4,2.3,0.5,3.4,0.5c3.1,0,5.8-1.4,8.7-4.3l-1.8-1.8c-3.3,3.3-6,4.2-9.6,3.2c-1.2-0.3-2.2-0.8-3-1.4  c-1.5-1.1-2.7-3-3.4-5.3c-0.3-1-0.5-2-0.6-3h8.4c0.7,0,1.3-0.6,1.3-1.3c0-0.7-0.6-1.3-1.3-1.3h-8.5c0-0.4,0-0.8,0-1.2  c0-0.6,0-1.2,0-1.9h8.5c0.7,0,1.3-0.6,1.3-1.3s-0.6-1.3-1.3-1.3h-8.3c0.3-1.9,0.8-3.7,1.8-5.2c1.5-2.2,4.1-3.7,6.8-4  c2.7-0.2,5.5,0.8,7.5,2.6l1.8-1.9c-2.5-2.4-6.1-3.7-9.5-3.3c-3.5,0.3-6.8,2.2-8.7,5.1c-1.3,2-2,4.3-2.3,6.7h-4.7  c-0.7,0-1.3,0.6-1.3,1.3s0.6,1.3,1.3,1.3h4.5c0,0.6,0,1.2,0,1.9c0,0.4,0,0.8,0,1.2h-4.5C18.9,41.5,18.3,42.1,18.3,42.8z\"><\/path>\t<path fill=\"#4ECE91\" d=\"M66.4,17c-1.2,0-1.3,1.9,0,1.9C67.6,18.9,67.6,17,66.4,17z\"><\/path>\t<path fill=\"#4ECE91\" d=\"M2.5,18.9c1.2,0,1.3-1.9,0-1.9C1.3,17,1.3,18.9,2.5,18.9z\"><\/path><\/g><\/svg>\t\t\t<\/div>\n\t\t<\/div>\n\t\t\t\t\t\t<\/div>\n\t\t\t\t<\/div>\n\t\t\t\t<\/div>\n\t\t<div class=\"elementor-element elementor-element-d22c7e5 e-con-full e-flex elementor-invisible e-con e-child\" data-id=\"d22c7e5\" data-element_type=\"container\" data-settings=\"{&quot;animation&quot;:&quot;fadeIn&quot;}\">\n\t\t\t\t<div class=\"elementor-element elementor-element-37b493b elementor-widget elementor-widget-heading\" data-id=\"37b493b\" data-element_type=\"widget\" data-widget_type=\"heading.default\">\n\t\t\t\t<div class=\"elementor-widget-container\">\n\t\t\t\t\t<h2 class=\"elementor-heading-title elementor-size-default\">How can we help you?<\/h2>\t\t\t\t<\/div>\n\t\t\t\t<\/div>\n\t\t\t\t<div class=\"elementor-element elementor-element-ff2e4ec elementor-widget elementor-widget-text-editor\" data-id=\"ff2e4ec\" data-element_type=\"widget\" data-widget_type=\"text-editor.default\">\n\t\t\t\t<div class=\"elementor-widget-container\">\n\t\t\t\t\t\t\t\t\t<p>Ayudamos a los participantes del mercado a <b>llevar a la pr\u00e1ctica las recomendaciones del Grupo de Trabajo sobre Divulgaciones Financieras relacionadas con la Naturaleza<\/b> (Task Force on Nature-related Financial Disclosures, TNFD) para ampliar su trabajo en materia de sostenibilidad, de manera que consideren las cuestiones relacionadas con la naturaleza y las conexiones con el clima.\u00a0<\/p><p>Como miembros del Grupo de Trabajo Informal (IWG) y TNFD Forum, colaboramos en la definici\u00f3n de su alcance, gobernanza, plan de trabajo y de comunicaci\u00f3n. En la actualidad, formamos parte del TNFD Forum apoyando las actividades, investigaciones y el trabajo t\u00e9cnico que desarrolla el TNFD, que est\u00e1n basado y alineado con normas y marcos existentes. Entre ellos, el Consejo Internacional de Normas de Sostenibilidad (International Sustainability Standards Board, ISSB), <em>Global Reporting Initiative (GRI) Standards<\/em><i>\u00a0<\/i>(GRI) y<i> <\/i>el Grupo Asesor Europeo de Informaci\u00f3n Financiera (<em>European Financial Reporting Advisory Group, <\/em>EFRAG).<\/p>\t\t\t\t\t\t\t\t<\/div>\n\t\t\t\t<\/div>\n\t\t\t\t<\/div>\n\t\t\t\t<\/div>\n\t\t<div class=\"elementor-element elementor-element-ab3205b e-con-full e-flex e-con e-child\" data-id=\"ab3205b\" data-element_type=\"container\" data-settings=\"{&quot;background_background&quot;:&quot;classic&quot;}\">\n\t\t\t\t<\/div>\n\t\t\t\t<\/div>\n\t\t<div class=\"elementor-element elementor-element-dca6251 e-con-full e-flex e-con e-parent\" data-id=\"dca6251\" data-element_type=\"container\" data-settings=\"{&quot;background_background&quot;:&quot;classic&quot;}\">\n\t\t<div class=\"elementor-element elementor-element-0ae0437 e-con-full e-flex e-con e-child\" data-id=\"0ae0437\" data-element_type=\"container\" data-settings=\"{&quot;background_background&quot;:&quot;classic&quot;}\">\n\t\t\t\t<\/div>\n\t\t<div class=\"elementor-element elementor-element-81c8c7c e-con-full e-flex e-con e-child\" data-id=\"81c8c7c\" data-element_type=\"container\" data-settings=\"{&quot;background_background&quot;:&quot;classic&quot;}\">\n\t\t<div class=\"elementor-element elementor-element-82eea50 e-con-full e-flex elementor-invisible e-con e-child\" data-id=\"82eea50\" data-element_type=\"container\" data-settings=\"{&quot;animation&quot;:&quot;fadeIn&quot;}\">\n\t\t\t\t<div class=\"elementor-element elementor-element-22c19dc elementor-widget elementor-widget-text-editor\" data-id=\"22c19dc\" data-element_type=\"widget\" data-widget_type=\"text-editor.default\">\n\t\t\t\t<div class=\"elementor-widget-container\">\n\t\t\t\t\t\t\t\t\t<p><b>Apoyamos a las organizaciones en la aplicaci\u00f3n del enfoque LEAP (Localizar, Evaluar, Analizar y Preparar) del TNFD<\/b> para la identificaci\u00f3n, evaluaci\u00f3n, gesti\u00f3n y divulgaci\u00f3n de sus dependencias, impactos, riesgos y oportunidades relacionados con la naturaleza. Este enfoque est\u00e1 alineado con la Directiva de informes de sostenibilidad corporativa (Corporate Sustainability Reporting Directive, CSRD) y las Normas Europeas sobre Informes de Sostenibilidad (NEIS \u2014 European Sustainability Reporting Standards, ERSR).<\/p>\t\t\t\t\t\t\t\t<\/div>\n\t\t\t\t<\/div>\n\t\t\t\t<\/div>\n\t\t\t\t<\/div>\n\t\t\t\t<\/div>\n\t\t<div class=\"elementor-element elementor-element-86ad89b e-flex e-con-boxed e-con e-parent\" data-id=\"86ad89b\" data-element_type=\"container\">\n\t\t\t\t\t<div class=\"e-con-inner\">\n\t\t<div class=\"elementor-element elementor-element-c924b2e e-con-full e-flex e-con e-child\" data-id=\"c924b2e\" data-element_type=\"container\">\n\t\t\t\t<div class=\"elementor-element elementor-element-9eb804b elementor-view-default elementor-widget elementor-widget-icon\" data-id=\"9eb804b\" data-element_type=\"widget\" data-widget_type=\"icon.default\">\n\t\t\t\t<div class=\"elementor-widget-container\">\n\t\t\t\t\t\t\t<div class=\"elementor-icon-wrapper\">\n\t\t\t<div class=\"elementor-icon\">\n\t\t\t<svg xmlns=\"http:\/\/www.w3.org\/2000\/svg\" xmlns:xlink=\"http:\/\/www.w3.org\/1999\/xlink\" id=\"Capa_1\" x=\"0px\" y=\"0px\" viewbox=\"0 0 69.3 79.2\" xml:space=\"preserve\"><g>\t<path fill=\"#4ECE91\" d=\"M2.9,15.2c11.4,0.1,22.9-3.9,31.6-11c8.6,7,19.9,11,31.2,11c0.1,0,0.3,0,0.4,0c0.7,0,1.3-0.6,1.3-1.3  c0-0.7-0.6-1.3-1.3-1.3c0,0,0,0,0,0C55.1,12.7,44,8.7,35.6,1.7c-0.2-0.2-0.5-0.3-0.8-0.3h-0.4c-0.3,0-0.6,0.1-0.8,0.3  C25.2,8.7,14,12.7,3,12.6c0,0,0,0,0,0c-0.7,0-1.3,0.6-1.3,1.3C1.7,14.6,2.2,15.2,2.9,15.2z\"><\/path>\t<path fill=\"#4ECE91\" d=\"M68.1,21.5c0-0.7-0.6-1.3-1.3-1.2c-0.7,0-1.3,0.6-1.2,1.3c0.3,7.7-0.2,14.4-1.6,20.5c-1.5,6.9-5,16.7-13,24  c-4,3.7-9.1,6.7-15.1,8.9c-0.5,0.2-1,0.3-1.6,0.3c-0.1,0-0.2,0-0.3,0C27.8,73,22.5,70,18.3,66.1c-7.9-7.4-11.4-17.1-13-24  C4,36,3.5,29.2,3.8,21.4c0-0.7-0.5-1.3-1.2-1.3c-0.7,0-1.3,0.5-1.3,1.2c-0.3,8,0.2,15,1.6,21.3C5.1,53,9.9,61.8,16.6,68  c4.5,4.1,10,7.4,16.6,9.7c0.4,0.1,0.7,0.2,1.1,0.2c0.9,0,1.7-0.1,2.5-0.4c6.3-2.3,11.7-5.4,16-9.4c6.7-6.2,11.4-15,13.7-25.4  C67.9,36.4,68.4,29.4,68.1,21.5z\"><\/path>\t<path fill=\"#4ECE91\" d=\"M18.3,42.8c0,0.7,0.6,1.3,1.3,1.3h4.7c0.1,1.2,0.3,2.5,0.7,3.7c0.6,2,1.8,4.8,4.4,6.7  c1,0.8,2.3,1.4,3.8,1.8c1.2,0.4,2.3,0.5,3.4,0.5c3.1,0,5.8-1.4,8.7-4.3l-1.8-1.8c-3.3,3.3-6,4.2-9.6,3.2c-1.2-0.3-2.2-0.8-3-1.4  c-1.5-1.1-2.7-3-3.4-5.3c-0.3-1-0.5-2-0.6-3h8.4c0.7,0,1.3-0.6,1.3-1.3c0-0.7-0.6-1.3-1.3-1.3h-8.5c0-0.4,0-0.8,0-1.2  c0-0.6,0-1.2,0-1.9h8.5c0.7,0,1.3-0.6,1.3-1.3s-0.6-1.3-1.3-1.3h-8.3c0.3-1.9,0.8-3.7,1.8-5.2c1.5-2.2,4.1-3.7,6.8-4  c2.7-0.2,5.5,0.8,7.5,2.6l1.8-1.9c-2.5-2.4-6.1-3.7-9.5-3.3c-3.5,0.3-6.8,2.2-8.7,5.1c-1.3,2-2,4.3-2.3,6.7h-4.7  c-0.7,0-1.3,0.6-1.3,1.3s0.6,1.3,1.3,1.3h4.5c0,0.6,0,1.2,0,1.9c0,0.4,0,0.8,0,1.2h-4.5C18.9,41.5,18.3,42.1,18.3,42.8z\"><\/path>\t<path fill=\"#4ECE91\" d=\"M66.4,17c-1.2,0-1.3,1.9,0,1.9C67.6,18.9,67.6,17,66.4,17z\"><\/path>\t<path fill=\"#4ECE91\" d=\"M2.5,18.9c1.2,0,1.3-1.9,0-1.9C1.3,17,1.3,18.9,2.5,18.9z\"><\/path><\/g><\/svg>\t\t\t<\/div>\n\t\t<\/div>\n\t\t\t\t\t\t<\/div>\n\t\t\t\t<\/div>\n\t\t\t\t<div class=\"elementor-element elementor-element-a1b4cca elementor-widget elementor-widget-heading\" data-id=\"a1b4cca\" data-element_type=\"widget\" data-widget_type=\"heading.default\">\n\t\t\t\t<div class=\"elementor-widget-container\">\n\t\t\t\t\t<h4 class=\"elementor-heading-title elementor-size-default\">Our foundation<\/h4>\t\t\t\t<\/div>\n\t\t\t\t<\/div>\n\t\t\t\t<\/div>\n\t\t\t\t<div class=\"elementor-element elementor-element-45aa09b elementor-widget__width-initial elementor-widget elementor-widget-heading\" data-id=\"45aa09b\" data-element_type=\"widget\" data-widget_type=\"heading.default\">\n\t\t\t\t<div class=\"elementor-widget-container\">\n\t\t\t\t\t<h4 class=\"elementor-heading-title elementor-size-default\">La naturaleza ha pasado a ser una <b>cuesti\u00f3n fundamental y estrat\u00e9gica de gesti\u00f3n de riesgos<\/b>, al igual que el cambio clim\u00e1tico. Su degradaci\u00f3n y la p\u00e9rdida de biodiversidad son reconocidas cada vez m\u00e1s como un riesgo financiero importante para las empresas, por la gran dependencia que tienen de los bienes y servicios que les proporciona el entorno natural.\n<br><br>\nCon seis de los nueve l\u00edmites planetarios ya superados, est\u00e1 claro que los riesgos relacionados con la naturaleza <b>deben incorporarse a las pr\u00e1cticas de gesti\u00f3n de riesgos financieros de las organizaciones<\/b>, para dar respuesta a las demandas e intereses de sus respectivas partes interesadas.\n<br><br>\nHa llegado el momento de dejar de ver la naturaleza como una fuente inagotable de recursos gratuitos para nuestras econom\u00edas y sociedades. Es hora de entenderla como una <b>fuente de servicios importantes<\/b>, que suponen un riesgo financiero significativo por la escala y velocidad del deterioro y p\u00e9rdida de naturaleza y biodiversidad que se registra.<\/h4>\t\t\t\t<\/div>\n\t\t\t\t<\/div>\n\t\t\t\t\t<\/div>\n\t\t\t\t<\/div>\n\t\t<div class=\"elementor-element elementor-element-f54cb20 e-flex e-con-boxed e-con e-parent\" data-id=\"f54cb20\" data-element_type=\"container\" data-settings=\"{&quot;background_background&quot;:&quot;classic&quot;}\">\n\t\t\t\t\t<div class=\"e-con-inner\">\n\t\t\t\t<div class=\"elementor-element elementor-element-12d1913 elementor-widget__width-initial elementor-widget elementor-widget-heading\" data-id=\"12d1913\" data-element_type=\"widget\" data-widget_type=\"heading.default\">\n\t\t\t\t<div class=\"elementor-widget-container\">\n\t\t\t\t\t<h4 class=\"elementor-heading-title elementor-size-default\">Detener y revertir la p\u00e9rdida de naturaleza tambi\u00e9n presenta enormes oportunidades para obtener resultados positivos tanto para las empresas como para el planeta.<\/h4>\t\t\t\t<\/div>\n\t\t\t\t<\/div>\n\t\t\t\t\t<\/div>\n\t\t\t\t<\/div>\n\t\t<div class=\"elementor-element elementor-element-cda3b5b e-flex e-con-boxed e-con e-parent\" data-id=\"cda3b5b\" data-element_type=\"container\">\n\t\t\t\t\t<div class=\"e-con-inner\">\n\t\t\t\t<div class=\"elementor-element elementor-element-0b02dcd elementor-align-left elementor-widget elementor-widget-button\" data-id=\"0b02dcd\" data-element_type=\"widget\" data-widget_type=\"button.default\">\n\t\t\t\t<div class=\"elementor-widget-container\">\n\t\t\t\t\t\t\t\t\t<div class=\"elementor-button-wrapper\">\n\t\t\t\t\t<a class=\"elementor-button elementor-button-link elementor-size-sm\" href=\"https:\/\/ecoacsa.com\/en\/servicios\/\">\n\t\t\t\t\t\t<span class=\"elementor-button-content-wrapper\">\n\t\t\t\t\t\t<span class=\"elementor-button-icon\">\n\t\t\t\t<svg aria-hidden=\"true\" class=\"e-font-icon-svg e-fas-chevron-left\" viewbox=\"0 0 320 512\" xmlns=\"http:\/\/www.w3.org\/2000\/svg\"><path d=\"M34.52 239.03L228.87 44.69c9.37-9.37 24.57-9.37 33.94 0l22.67 22.67c9.36 9.36 9.37 24.52.04 33.9L131.49 256l154.02 154.75c9.34 9.38 9.32 24.54-.04 33.9l-22.67 22.67c-9.37 9.37-24.57 9.37-33.94 0L34.52 272.97c-9.37-9.37-9.37-24.57 0-33.94z\"><\/path><\/svg>\t\t\t<\/span>\n\t\t\t\t\t\t\t\t\t<span class=\"elementor-button-text\">Previous<\/span>\n\t\t\t\t\t<\/span>\n\t\t\t\t\t<\/a>\n\t\t\t\t<\/div>\n\t\t\t\t\t\t\t\t<\/div>\n\t\t\t\t<\/div>\n\t\t\t\t\t<\/div>\n\t\t\t\t<\/div>\n\t\t\t\t<\/div>","protected":false},"excerpt":{"rendered":"<p>Riesgos de la naturaleza \u00bfC\u00f3mo podemos ayudarte? Ayudamos a los participantes del mercado a llevar a la pr\u00e1ctica las recomendaciones del Grupo de Trabajo sobre Divulgaciones Financieras relacionadas con la Naturaleza (Task Force on Nature-related Financial Disclosures, TNFD) para ampliar su trabajo en materia de sostenibilidad, de manera que consideren las cuestiones relacionadas con la [&hellip;]<\/p>","protected":false},"author":5,"featured_media":0,"parent":0,"menu_order":0,"comment_status":"closed","ping_status":"closed","template":"","meta":{"footnotes":""},"_links":{"self":[{"href":"https:\/\/ecoacsa.com\/en\/wp-json\/wp\/v2\/pages\/1886"}],"collection":[{"href":"https:\/\/ecoacsa.com\/en\/wp-json\/wp\/v2\/pages"}],"about":[{"href":"https:\/\/ecoacsa.com\/en\/wp-json\/wp\/v2\/types\/page"}],"author":[{"embeddable":true,"href":"https:\/\/ecoacsa.com\/en\/wp-json\/wp\/v2\/users\/5"}],"replies":[{"embeddable":true,"href":"https:\/\/ecoacsa.com\/en\/wp-json\/wp\/v2\/comments?post=1886"}],"version-history":[{"count":19,"href":"https:\/\/ecoacsa.com\/en\/wp-json\/wp\/v2\/pages\/1886\/revisions"}],"predecessor-version":[{"id":1922,"href":"https:\/\/ecoacsa.com\/en\/wp-json\/wp\/v2\/pages\/1886\/revisions\/1922"}],"wp:attachment":[{"href":"https:\/\/ecoacsa.com\/en\/wp-json\/wp\/v2\/media?parent=1886"}],"curies":[{"name":"wp","href":"https:\/\/api.w.org\/{rel}","templated":true}]}}